{"id":34187,"date":"2022-10-31T17:14:02","date_gmt":"2022-10-31T15:14:02","guid":{"rendered":"https:\/\/hookahshop.lt\/?post_type=product&#038;p=34187"},"modified":"2026-05-03T23:30:20","modified_gmt":"2026-05-03T20:30:20","slug":"skyliu-pramustuvas-ivairiu-spalvu","status":"publish","type":"product","link":"https:\/\/hookahshop.lt\/lv\/produkt\/caurumotajs-dazadas-krasas\/","title":{"rendered":"Caurumu perforators da\u017e\u0101d\u0101s kr\u0101s\u0101s"},"content":{"rendered":"<h2><strong>Caurumu perforators da\u017e\u0101d\u0101s kr\u0101s\u0101s<\/strong><\/h2>\n<p>Caurumu perforators - adata paredz\u0113ta sagatavotajai kr\u016bz\u012btei ar foliju - caurumu izdur\u0161anai. V\u0113l viens veids, k\u0101 to izmantot, ir br\u012bvi sadal\u012bt tabaku kr\u016bz\u0113 vai izveidot caurumus tabakai.<\/p>\n<p>Vai jums ir k\u0101di jaut\u0101jumi? Sazinies ar mums\u00a0<a href=\"https:\/\/hookahshop.lt\/lv\/kontaktiem\/\">kontaktu lapa<\/a>\u00a0vai rakstiet mums pa e-pastu\u00a0<a href=\"https:\/\/facebook.com\/HookahShop.lt\/\" target=\"_blank\" rel=\"noopener noreferrer\">Facebook konts<\/a>\u00a0un m\u0113s atbild\u0113sim uz j\u016bsu piepras\u012bjumu taj\u0101 pa\u0161\u0101 dien\u0101.<\/p>","protected":false},"excerpt":{"rendered":"<p>Caurumot\u0101js da\u017e\u0101d\u0101s kr\u0101s\u0101s Caurumot\u0101js - adata paredz\u0113ta sagatavotai kr\u016bzei ar foliju - caurumu izdur\u0161anai. V\u0113l viens veids, k\u0101 to izmantot, ir br\u012bvi sadal\u012bt tabaku kr\u016bz\u0113 vai izveidot caurumus tabakai. Vai jums ir k\u0101di jaut\u0101jumi? Sazinieties ar mums kontaktu lap\u0101 vai rakstiet mums uz m\u016bsu Facebook kontu un m\u0113s atbild\u0113sim uz j\u016bsu piepras\u012bjumu taj\u0101 pa\u0161\u0101 dien\u0101.<\/p>","protected":false},"featured_media":34188,"comment_status":"open","ping_status":"closed","template":"","meta":[],"_links":{"self":[{"href":"https:\/\/hookahshop.lt\/lv\/wp-json\/wp\/v2\/product\/34187"}],"collection":[{"href":"https:\/\/hookahshop.lt\/lv\/wp-json\/wp\/v2\/product"}],"about":[{"href":"https:\/\/hookahshop.lt\/lv\/wp-json\/wp\/v2\/types\/product"}],"replies":[{"embeddable":true,"href":"https:\/\/hookahshop.lt\/lv\/wp-json\/wp\/v2\/comments?post=34187"}],"version-history":[{"count":4,"href":"https:\/\/hookahshop.lt\/lv\/wp-json\/wp\/v2\/product\/34187\/revisions"}],"predecessor-version":[{"id":42994,"href":"https:\/\/hookahshop.lt\/lv\/wp-json\/wp\/v2\/product\/34187\/revisions\/42994"}],"wp:featuredmedia":[{"embeddable":true,"href":"https:\/\/hookahshop.lt\/lv\/wp-json\/wp\/v2\/media\/34188"}],"wp:attachment":[{"href":"https:\/\/hookahshop.lt\/lv\/wp-json\/wp\/v2\/media?parent=34187"}],"curies":[{"name":"wp","href":"https:\/\/api.w.org\/{rel}","templated":true}]}}