{"id":34277,"date":"2022-10-31T23:21:13","date_gmt":"2022-10-31T21:21:13","guid":{"rendered":"https:\/\/hookahshop.lt\/?post_type=product&#038;p=34277"},"modified":"2026-05-13T23:29:54","modified_gmt":"2026-05-13T20:29:54","slug":"taurele-kaljanui-japona-hookah-turkish-orange","status":"publish","type":"product","link":"https:\/\/hookahshop.lt\/lv\/produkt\/kauss-udenspipe-japanu-udenspipe-turku-apelsins\/","title":{"rendered":"Kauss \u016bdensp\u012bpei JAPAN HOOKAH Turkish Orange"},"content":{"rendered":"<h2>Kauss \u016bdensp\u012bpei JAPAN HOOKAH Turkish Orange<\/h2>\n<p>\u0160\u012b ir augstas kvalit\u0101tes rok\u0101m darin\u0101ta sarkan\u0101 m\u0101la kr\u016bze.<br \/>\nVisas kr\u016bzes ir \u013coti skaistas. \u012apa\u0161u \u0161armu t\u0101m pie\u0161\u0137ir p\u012bt\u0101 meln\u0101 lente, kas rot\u0101 turku kausus.<br \/>\nJapona Hookah kr\u016bzes lieliski papildin\u0101s j\u016bsu kolekciju, un stil\u012bgais iepakojums padara tos par ide\u0101li piem\u0113rotiem d\u0101vin\u0101\u0161anai.<br \/>\nTurku \u016bdensp\u012bpe &quot;Japona Hookah&quot; ir klasiska turku kr\u016bz\u012bte ar piec\u0101m liel\u0101m atver\u0113m apak\u0161\u0101, kr\u016bzes tilpums 15 grami. Jauka kr\u016bz\u012btes tekst\u016bra un p\u012bts aukla.<\/p>\n<p>Specifik\u0101cijas:<br \/>\nAugstums: 89 mm<br \/>\nDiametrs (\u0101r\u0113jais): 69 mm<br \/>\nDiametrs (iek\u0161\u0113jais): 59 mm<br \/>\nDzi\u013cums: 19 mm<br \/>\nCauruma diametrs: 7 mm<br \/>\nCaurumu skaits: 5 gab<br \/>\nSvars: apm\u0113ram 188 g.<\/p>\n<p>Vai jums ir k\u0101di jaut\u0101jumi? Sazinies ar mums\u00a0<a href=\"https:\/\/hookahshop.lt\/lv\/kontaktiem\/\">kontaktu lapa<\/a>\u00a0vai rakstiet mums pa e-pastu\u00a0<a href=\"https:\/\/facebook.com\/HookahShop.lt\/\" target=\"_blank\" rel=\"noopener noreferrer\">Facebook konts<\/a>\u00a0un m\u0113s atbild\u0113sim uz j\u016bsu piepras\u012bjumu taj\u0101 pa\u0161\u0101 dien\u0101.<\/p>","protected":false},"excerpt":{"rendered":"<p>Kr\u016bz\u012bte \u016bdensp\u012bpei JAPAN HOOKAH Turkish Orange \u0160\u012b ir augstas kvalit\u0101tes rok\u0101m darin\u0101ta sarkan\u0101 m\u0101la kr\u016bze. Visas kr\u016bzes ir \u013coti skaistas. \u012apa\u0161u \u0161armu t\u0101m pie\u0161\u0137ir p\u012bt\u0101 meln\u0101 lente, kas rot\u0101 turku kausus. Japona Hookah kr\u016bzes lieliski papildin\u0101s j\u016bsu kolekciju, un stil\u012bgais iepakojums padara tos lieliski piem\u0113rotus d\u0101vin\u0101\u0161anai. Turku \u016bdensp\u012bpe &quot;Japona Hookah&quot; ir klasisks turku kauss ar dibenu [\u2026]<\/p>","protected":false},"featured_media":34278,"comment_status":"open","ping_status":"closed","template":"","meta":[],"_links":{"self":[{"href":"https:\/\/hookahshop.lt\/lv\/wp-json\/wp\/v2\/product\/34277"}],"collection":[{"href":"https:\/\/hookahshop.lt\/lv\/wp-json\/wp\/v2\/product"}],"about":[{"href":"https:\/\/hookahshop.lt\/lv\/wp-json\/wp\/v2\/types\/product"}],"replies":[{"embeddable":true,"href":"https:\/\/hookahshop.lt\/lv\/wp-json\/wp\/v2\/comments?post=34277"}],"version-history":[{"count":3,"href":"https:\/\/hookahshop.lt\/lv\/wp-json\/wp\/v2\/product\/34277\/revisions"}],"predecessor-version":[{"id":34450,"href":"https:\/\/hookahshop.lt\/lv\/wp-json\/wp\/v2\/product\/34277\/revisions\/34450"}],"wp:featuredmedia":[{"embeddable":true,"href":"https:\/\/hookahshop.lt\/lv\/wp-json\/wp\/v2\/media\/34278"}],"wp:attachment":[{"href":"https:\/\/hookahshop.lt\/lv\/wp-json\/wp\/v2\/media?parent=34277"}],"curies":[{"name":"wp","href":"https:\/\/api.w.org\/{rel}","templated":true}]}}