{"id":34281,"date":"2022-10-31T23:34:43","date_gmt":"2022-10-31T21:34:43","guid":{"rendered":"https:\/\/hookahshop.lt\/?post_type=product&#038;p=34281"},"modified":"2026-04-18T23:29:20","modified_gmt":"2026-04-18T20:29:20","slug":"taurele-kaljanui-kong-phunnel-space-blue","status":"publish","type":"product","link":"https:\/\/hookahshop.lt\/lv\/produkt\/kauss-for-udenspipe-kong-piltuves-space-blue\/","title":{"rendered":"B\u013coda \u016bdensp\u012bpei KONG Phunnel Space Blue"},"content":{"rendered":"<h2>B\u013coda \u016bdensp\u012bpei KONG Phunnel Space Blue<\/h2>\n<p>Iziets piena grauzd\u0113\u0161anas un 12 apstr\u0101des posmi, lai j\u016bs var\u0113tu sevi palutin\u0101t ar lielisku \u016bdensp\u012bpi \u013coti ilgu laiku. Dizains izraisa dabisko arom\u0101tu un gar\u0161\u012bg\u0101s \u016bdensp\u012bpes baud\u012bjumu. Pild\u012bjuma tilpums ir aptuveni 18-22 g.<\/p>\n<p><strong>Raksturojums:<\/strong><br \/>\nAugstums: 100 mm<br \/>\nDiametrs (\u0101r\u0113jais): 74 mm<br \/>\nDiametrs (iek\u0161\u0113jais): 63 mm<br \/>\nDzi\u013cums: 17 mm<br \/>\nCauruma diametrs: 13 mm<br \/>\nUrbumu skaits: 1 gab<br \/>\nSvars: apm\u0113ram 234 g.<\/p>\n<p>Vai jums ir k\u0101di jaut\u0101jumi? Sazinies ar mums\u00a0<a href=\"https:\/\/hookahshop.lt\/lv\/kontaktiem\/\">kontaktu lapa<\/a>\u00a0vai rakstiet mums pa e-pastu\u00a0<a href=\"https:\/\/facebook.com\/HookahShop.lt\/\" target=\"_blank\" rel=\"noopener noreferrer\">Facebook konts<\/a>\u00a0un m\u0113s atbild\u0113sim uz j\u016bsu piepras\u012bjumu taj\u0101 pa\u0161\u0101 dien\u0101.<\/p>\n<p>&nbsp;<\/p>","protected":false},"excerpt":{"rendered":"<p>\u016adensp\u012bpes kauss KONG Phunnel Space Blue Iztur\u0113jis piena grauzd\u0113\u0161anas un 12 apstr\u0101des posmus, lai j\u016bs var\u0113tu palutin\u0101t sevi ar lielisku \u016bdensp\u012bpi \u013coti ilgu laiku. Dizains izraisa dabisko arom\u0101tu un gar\u0161\u012bg\u0101s \u016bdensp\u012bpes baud\u012bjumu. Pild\u012bjuma tilpums ir aptuveni 18-22 g. Raksturojums: Augstums: 100 mm Diametrs (\u0101r\u0113jais): 74 mm Diametrs (iek\u0161\u0113jais): 63 mm Dzi\u013cums: 17 mm Cauruma diametrs: 13 mm Caurumu skaits: [\u2026]<\/p>","protected":false},"featured_media":34282,"comment_status":"open","ping_status":"closed","template":"","meta":[],"_links":{"self":[{"href":"https:\/\/hookahshop.lt\/lv\/wp-json\/wp\/v2\/product\/34281"}],"collection":[{"href":"https:\/\/hookahshop.lt\/lv\/wp-json\/wp\/v2\/product"}],"about":[{"href":"https:\/\/hookahshop.lt\/lv\/wp-json\/wp\/v2\/types\/product"}],"replies":[{"embeddable":true,"href":"https:\/\/hookahshop.lt\/lv\/wp-json\/wp\/v2\/comments?post=34281"}],"version-history":[{"count":4,"href":"https:\/\/hookahshop.lt\/lv\/wp-json\/wp\/v2\/product\/34281\/revisions"}],"predecessor-version":[{"id":45627,"href":"https:\/\/hookahshop.lt\/lv\/wp-json\/wp\/v2\/product\/34281\/revisions\/45627"}],"wp:featuredmedia":[{"embeddable":true,"href":"https:\/\/hookahshop.lt\/lv\/wp-json\/wp\/v2\/media\/34282"}],"wp:attachment":[{"href":"https:\/\/hookahshop.lt\/lv\/wp-json\/wp\/v2\/media?parent=34281"}],"curies":[{"name":"wp","href":"https:\/\/api.w.org\/{rel}","templated":true}]}}