{"id":34372,"date":"2022-11-10T15:10:40","date_gmt":"2022-11-10T13:10:40","guid":{"rendered":"https:\/\/hookahshop.lt\/?post_type=product&#038;p=34372"},"modified":"2026-04-17T23:29:51","modified_gmt":"2026-04-17T20:29:51","slug":"kolba-kaljanui-su-sriegiu-aladin-alux-m5","status":"publish","type":"product","link":"https:\/\/hookahshop.lt\/lv\/produkt\/udenspipe-kolba-ar-diegu-aladin-alux-m5\/","title":{"rendered":"\u016adensp\u012bpes kolba ar v\u012btni ALADIN Alux M5 Black"},"content":{"rendered":"<h2>\u016adensp\u012bpes kolba ar v\u012btni ALADIN Alux M5 Black<\/h2>\n<p>V\u012bt\u0146ot\u0101 kolba ir paredz\u0113ta tikai ALADIN Alux M5 \u016bdensp\u012bpei.<\/p>\n<p><strong><span title=\"\">Specifik\u0101cijas:<\/span><\/strong><br \/>\nKr\u0101sa \u2013 caursp\u012bd\u012bga<br \/>\nAugstums: 22 cm<br \/>\nMateri\u0101ls: augstas kvalit\u0101tes alum\u012bnijs.<\/p>\n<p>Vai jums ir k\u0101di jaut\u0101jumi? Sazinies ar mums\u00a0<a href=\"https:\/\/hookahshop.lt\/lv\/kontaktiem\/\">kontaktu lapa<\/a>\u00a0vai rakstiet mums pa e-pastu\u00a0<a href=\"https:\/\/facebook.com\/HookahShop.lt\/\" target=\"_blank\" rel=\"noopener\">Facebook konts<\/a>\u00a0un m\u0113s atbild\u0113sim uz j\u016bsu piepras\u012bjumu taj\u0101 pa\u0161\u0101 dien\u0101.<\/p>","protected":false},"excerpt":{"rendered":"<p>Kolba kaljanui su sriegiu ALADIN Alux M5 Black Kolba su sriegiu skirta tik ALADIN Alux M5 kaljanui. Specifikacijos: Spalva \u2013 skaidri Auk\u0161tis: 22cm Med\u017eiaga: auk\u0161tos kokyb\u0117s aliuminis. Turite klausim\u0173? Susisiekite su mumis\u00a0kontakt\u0173 puslapyje\u00a0arba para\u0161ykite mums \u012f\u00a0Facebook paskyr\u0105\u00a0ir atsakysime \u012f j\u016bs\u0173 u\u017eklaus\u0105 dar t\u0105 pa\u010di\u0105 dien\u0105.<\/p>","protected":false},"featured_media":34373,"comment_status":"open","ping_status":"closed","template":"","meta":[],"_links":{"self":[{"href":"https:\/\/hookahshop.lt\/lv\/wp-json\/wp\/v2\/product\/34372"}],"collection":[{"href":"https:\/\/hookahshop.lt\/lv\/wp-json\/wp\/v2\/product"}],"about":[{"href":"https:\/\/hookahshop.lt\/lv\/wp-json\/wp\/v2\/types\/product"}],"replies":[{"embeddable":true,"href":"https:\/\/hookahshop.lt\/lv\/wp-json\/wp\/v2\/comments?post=34372"}],"version-history":[{"count":4,"href":"https:\/\/hookahshop.lt\/lv\/wp-json\/wp\/v2\/product\/34372\/revisions"}],"predecessor-version":[{"id":42984,"href":"https:\/\/hookahshop.lt\/lv\/wp-json\/wp\/v2\/product\/34372\/revisions\/42984"}],"wp:featuredmedia":[{"embeddable":true,"href":"https:\/\/hookahshop.lt\/lv\/wp-json\/wp\/v2\/media\/34373"}],"wp:attachment":[{"href":"https:\/\/hookahshop.lt\/lv\/wp-json\/wp\/v2\/media?parent=34372"}],"curies":[{"name":"wp","href":"https:\/\/api.w.org\/{rel}","templated":true}]}}