{"id":34385,"date":"2022-11-10T15:25:36","date_gmt":"2022-11-10T13:25:36","guid":{"rendered":"https:\/\/hookahshop.lt\/?post_type=product&#038;p=34385"},"modified":"2026-04-10T12:51:52","modified_gmt":"2026-04-10T09:51:52","slug":"anglys-kaljanui-tom-coco-silver-1kg","status":"publish","type":"product","link":"https:\/\/hookahshop.lt\/lv\/produkt\/ogles-udenspipei-tom-kokos-sudrabs-1kg\/","title":{"rendered":"KOKOGLES \u016aDENSP\u012aPEI TOM COCO Silver 1kg"},"content":{"rendered":"<h2>KOKOGLES \u016aDENSP\u012aPEI TOM COCO Silver 1kg<\/h2>\n<p>TOM kokogles ir izgatavotas no kokosriekstu \u010daumalas. Ra\u017eo\u0161anas metodes d\u0113\u013c \u0161\u012bs ogles ir \u012bpa\u0161i videi draudz\u012bgas. TOM ogles ne tikai ilgsto\u0161i deg, bet ar\u012b atst\u0101j \u013coti maz pelnu. Akme\u0146ogles pa\u0161as neaizdegas, t\u0101p\u0113c og\u013cu aizdedzin\u0101\u0161anai ir nepiecie\u0161ama \u016bdensp\u012bpes elektrisk\u0101 pl\u012bts, t\u016bristu g\u0101zes pl\u012bts vai taml\u012bdz\u012bgi.<\/p>\n<p><strong>Raksturojums:<\/strong><br \/>\n- zems pelnu saturs<br \/>\n- Neitr\u0101la smaka<br \/>\n- Ilgs deg\u0161anas laiks<br \/>\n- Organisks<\/p>\n<p><strong>Specifik\u0101cija:<\/strong><br \/>\nIepakojums: 1 kg (60 gab.)<br \/>\nIzm\u0113ri: 50\u00d727 mm (3 da\u013cas)<br \/>\nDeg\u0161anas laiks: 90 min.<br \/>\nIzcelsmes valsts: Indon\u0113zija<\/p>\n<p>Vai jums ir k\u0101di jaut\u0101jumi? Sazinies ar mums\u00a0<a href=\"https:\/\/hookahshop.lt\/lv\/kontaktiem\/\">kontaktu lapa<\/a>\u00a0vai rakstiet mums pa e-pastu\u00a0<a href=\"https:\/\/facebook.com\/HookahShop.lt\/\" target=\"_blank\" rel=\"noopener noreferrer\">Facebook konts<\/a>\u00a0un m\u0113s atbild\u0113sim uz j\u016bsu piepras\u012bjumu taj\u0101 pa\u0161\u0101 dien\u0101.<\/p>","protected":false},"excerpt":{"rendered":"<p>Kokogles \u016bdensp\u012bpei TOM COCO Silver 1kg TOM kokogles ir izgatavotas no kokosriekstu \u010daumal\u0101m. Ra\u017eo\u0161anas veida d\u0113\u013c \u0161\u012bs ogles ir \u012bpa\u0161i videi draudz\u012bgas. TOM kokogles ne tikai deg ilgu laiku, bet ar\u012b atst\u0101j \u013coti maz pelnu. Ogles pa\u0161as no sevis neaizdegas, t\u0101p\u0113c og\u013cu aizdedzin\u0101\u0161anai nepiecie\u0161ama elektrisk\u0101 pl\u012bts \u016bdensp\u012bpei, t\u016bristu g\u0101zes pl\u012bts u.c. Raksturlielumi: \u2013 Zems pelnu saturs \u2013 Neitr\u0101ls [\u2026]<\/p>","protected":false},"featured_media":34386,"comment_status":"open","ping_status":"closed","template":"","meta":[],"_links":{"self":[{"href":"https:\/\/hookahshop.lt\/lv\/wp-json\/wp\/v2\/product\/34385"}],"collection":[{"href":"https:\/\/hookahshop.lt\/lv\/wp-json\/wp\/v2\/product"}],"about":[{"href":"https:\/\/hookahshop.lt\/lv\/wp-json\/wp\/v2\/types\/product"}],"replies":[{"embeddable":true,"href":"https:\/\/hookahshop.lt\/lv\/wp-json\/wp\/v2\/comments?post=34385"}],"version-history":[{"count":5,"href":"https:\/\/hookahshop.lt\/lv\/wp-json\/wp\/v2\/product\/34385\/revisions"}],"predecessor-version":[{"id":34642,"href":"https:\/\/hookahshop.lt\/lv\/wp-json\/wp\/v2\/product\/34385\/revisions\/34642"}],"wp:featuredmedia":[{"embeddable":true,"href":"https:\/\/hookahshop.lt\/lv\/wp-json\/wp\/v2\/media\/34386"}],"wp:attachment":[{"href":"https:\/\/hookahshop.lt\/lv\/wp-json\/wp\/v2\/media?parent=34385"}],"curies":[{"name":"wp","href":"https:\/\/api.w.org\/{rel}","templated":true}]}}