{"id":34864,"date":"2022-12-17T14:51:11","date_gmt":"2022-12-17T12:51:11","guid":{"rendered":"https:\/\/hookahshop.lt\/?post_type=product&#038;p=34864"},"modified":"2026-04-15T23:29:28","modified_gmt":"2026-04-15T20:29:28","slug":"znyples-kaljano-anglims-alpha-hookah-wings","status":"publish","type":"product","link":"https:\/\/hookahshop.lt\/lv\/produkt\/sprauslas-udenspipes-ogles-alfa-udenspipes-sparni\/","title":{"rendered":"Knaibles \u016bdensp\u012bpei oglek\u013ca ALPHA HOOKAH Wings"},"content":{"rendered":"<h2>Knaibles \u016bdensp\u012bpei oglek\u013ca ALPHA HOOKAH Wings<\/h2>\n<p>Zelta kr\u0101sas sp\u0101rnu forma ar kvalitat\u012bvu grav\u0113jumu. Pincetes ir caursp\u012bd\u012bg\u0101 akrila stikla vitr\u012bn\u0101. Tas b\u016bs ne tikai noder\u012bgs un for\u0161s aksesu\u0101rs, bet ar\u012b lieliska d\u0101vana!<\/p>\n<p><strong>Specifik\u0101cija:<\/strong><\/p>\n<p>Kr\u0101sa: zelta<br \/>\nMateri\u0101ls: ner\u016bs\u0113jo\u0161ais t\u0113rauds<br \/>\nGarums: 21,5 cm<\/p>\n<p>Vai jums ir k\u0101di jaut\u0101jumi? Sazinies ar mums\u00a0<a href=\"https:\/\/hookahshop.lt\/lv\/kontaktiem\/\">kontaktu lapa<\/a>\u00a0vai rakstiet mums pa e-pastu\u00a0<a href=\"https:\/\/facebook.com\/HookahShop.lt\/\" target=\"_blank\" rel=\"noopener\">Facebook konts<\/a>\u00a0un m\u0113s atbild\u0113sim uz j\u016bsu piepras\u012bjumu taj\u0101 pa\u0161\u0101 dien\u0101<\/p>","protected":false},"excerpt":{"rendered":"<p>\u016adensp\u012bpes og\u013cu knaibles ALPHA HOOKAH Wings Zelta kr\u0101sas sp\u0101rnu forma ar augstas kvalit\u0101tes grav\u0113jumu. Knaibles ir ievietotas caursp\u012bd\u012bg\u0101 akrila stikla korpus\u0101. Tas b\u016bs ne tikai noder\u012bgs un stil\u012bgs aksesu\u0101rs, bet ar\u012b lieliska d\u0101vana! Specifik\u0101cija: Kr\u0101sa: zelta Materi\u0101ls: ner\u016bs\u0113jo\u0161ais t\u0113rauds Garums: 21,5 cm Vai jums ir k\u0101di jaut\u0101jumi? Sazinieties ar mums kontaktlap\u0101 vai rakstiet mums Facebook, un m\u0113s atbild\u0113sim uz j\u016bsu piepras\u012bjumu p\u0113c iesp\u0113jas \u0101tr\u0101k [\u2026]<\/p>","protected":false},"featured_media":34872,"comment_status":"open","ping_status":"closed","template":"","meta":[],"_links":{"self":[{"href":"https:\/\/hookahshop.lt\/lv\/wp-json\/wp\/v2\/product\/34864"}],"collection":[{"href":"https:\/\/hookahshop.lt\/lv\/wp-json\/wp\/v2\/product"}],"about":[{"href":"https:\/\/hookahshop.lt\/lv\/wp-json\/wp\/v2\/types\/product"}],"replies":[{"embeddable":true,"href":"https:\/\/hookahshop.lt\/lv\/wp-json\/wp\/v2\/comments?post=34864"}],"version-history":[{"count":4,"href":"https:\/\/hookahshop.lt\/lv\/wp-json\/wp\/v2\/product\/34864\/revisions"}],"predecessor-version":[{"id":34914,"href":"https:\/\/hookahshop.lt\/lv\/wp-json\/wp\/v2\/product\/34864\/revisions\/34914"}],"wp:featuredmedia":[{"embeddable":true,"href":"https:\/\/hookahshop.lt\/lv\/wp-json\/wp\/v2\/media\/34872"}],"wp:attachment":[{"href":"https:\/\/hookahshop.lt\/lv\/wp-json\/wp\/v2\/media?parent=34864"}],"curies":[{"name":"wp","href":"https:\/\/api.w.org\/{rel}","templated":true}]}}