{"id":34882,"date":"2022-12-17T15:08:02","date_gmt":"2022-12-17T13:08:02","guid":{"rendered":"https:\/\/hookahshop.lt\/?post_type=product&#038;p=34882"},"modified":"2026-05-14T23:29:48","modified_gmt":"2026-05-14T20:29:48","slug":"individualus-kaljano-kandiklis-alpha-pipe","status":"publish","type":"product","link":"https:\/\/hookahshop.lt\/lv\/produkt\/pasutijuma-udenspipes-iemuti-alfa-caurule\/","title":{"rendered":"Individu\u0101ls \u016bdensp\u012bpes iemutnis ALPHA Pipe"},"content":{"rendered":"<h2><strong>Individu\u0101ls \u016bdensp\u012bpes iemutnis ALPHA Pipe<\/strong><\/h2>\n<p>Higi\u0113nisks, magn\u0113tisks v\u0101ci\u0146\u0161 nov\u0113r\u0161 pies\u0101r\u0146ojumu. \u0112rta lieto\u0161an\u0101, kompaktajai ier\u012bcei ir kakla siksna. Izgatavots no ner\u016bs\u0113jo\u0161\u0101 t\u0113rauda, silikona un poliacet\u0101la.<\/p>\n<p><strong>Specifik\u0101cijas:<\/strong><\/p>\n<p>Garums: 7cm<br \/>\nAugstums: 1,7 cm<br \/>\nDiametrs: 1,5 cm<\/p>\n<p>Vai jums ir k\u0101di jaut\u0101jumi? Sazinies ar mums\u00a0<a href=\"https:\/\/hookahshop.lt\/lv\/kontaktiem\/\">kontaktu lapa<\/a>\u00a0vai rakstiet mums pa e-pastu\u00a0<a href=\"https:\/\/facebook.com\/HookahShop.lt\/\" target=\"_blank\" rel=\"noopener\">Facebook konts<\/a>\u00a0un m\u0113s atbild\u0113sim uz j\u016bsu piepras\u012bjumu taj\u0101 pa\u0161\u0101 dien\u0101.<\/p>","protected":false},"excerpt":{"rendered":"<p>Atsevi\u0161\u0137s \u016bdensp\u012bpes iemutnis ALPHA Pipe Hygienic, magn\u0113tiskais v\u0101ci\u0146\u0161 nov\u0113r\u0161 pies\u0101r\u0146ojumu. \u0112rta lieto\u0161an\u0101, kompaktajai ier\u012bcei ir kakla siksna. Izgatavots no ner\u016bs\u0113jo\u0161\u0101 t\u0113rauda, silikona un poliacet\u0101la. Specifik\u0101cijas: Garums: 7cm Augstums: 1,7cm Diametrs: 1,5cm Jaut\u0101jumi? Sazinieties ar mums kontaktu lap\u0101 vai rakstiet mums uz m\u016bsu Facebook kontu un m\u0113s atbild\u0113sim uz j\u016bsu piepras\u012bjumu taj\u0101 pa\u0161\u0101 dien\u0101.<\/p>","protected":false},"featured_media":34892,"comment_status":"open","ping_status":"closed","template":"","meta":[],"_links":{"self":[{"href":"https:\/\/hookahshop.lt\/lv\/wp-json\/wp\/v2\/product\/34882"}],"collection":[{"href":"https:\/\/hookahshop.lt\/lv\/wp-json\/wp\/v2\/product"}],"about":[{"href":"https:\/\/hookahshop.lt\/lv\/wp-json\/wp\/v2\/types\/product"}],"replies":[{"embeddable":true,"href":"https:\/\/hookahshop.lt\/lv\/wp-json\/wp\/v2\/comments?post=34882"}],"version-history":[{"count":3,"href":"https:\/\/hookahshop.lt\/lv\/wp-json\/wp\/v2\/product\/34882\/revisions"}],"predecessor-version":[{"id":34918,"href":"https:\/\/hookahshop.lt\/lv\/wp-json\/wp\/v2\/product\/34882\/revisions\/34918"}],"wp:featuredmedia":[{"embeddable":true,"href":"https:\/\/hookahshop.lt\/lv\/wp-json\/wp\/v2\/media\/34892"}],"wp:attachment":[{"href":"https:\/\/hookahshop.lt\/lv\/wp-json\/wp\/v2\/media?parent=34882"}],"curies":[{"name":"wp","href":"https:\/\/api.w.org\/{rel}","templated":true}]}}