{"id":34904,"date":"2022-12-17T16:01:41","date_gmt":"2022-12-17T14:01:41","guid":{"rendered":"https:\/\/hookahshop.lt\/?post_type=product&#038;p=34904"},"modified":"2026-04-20T23:29:30","modified_gmt":"2026-04-20T20:29:30","slug":"taurele-kaljanui-target-phunnel-phantom","status":"publish","type":"product","link":"https:\/\/hookahshop.lt\/lv\/produkt\/udenspipe-kauss-merka-piltuve-fantoms\/","title":{"rendered":"\u016adensp\u012bpes kr\u016bze TARGET Phunnel Phantom"},"content":{"rendered":"<h2><strong>\u016adensp\u012bpes kr\u016bze TARGET Phunnel Phantom<\/strong><\/h2>\n<p>Viegli izvelkamais kauss ir izgatavots no augstas kvalit\u0101tes m\u0101la. To vair\u0101kas reizes kars\u0113ja, lai kr\u016bze kalpotu ilg\u0101k.<br \/>\nTabakas kr\u016bze satur 18-23 g.<\/p>\n<p><strong>Specifik\u0101cijas:<\/strong><br \/>\nSuga: phennel<br \/>\nDiametrs: 7,5 cm<br \/>\nAugstums: 11,5 cm<br \/>\nMateri\u0101ls: m\u0101ls<\/p>\n<p>&nbsp;<\/p>\n<p>Vai jums ir k\u0101di jaut\u0101jumi? Sazinies ar mums\u00a0<a href=\"https:\/\/hookahshop.lt\/lv\/kontaktiem\/\">kontaktu lapa<\/a>\u00a0vai rakstiet mums pa e-pastu\u00a0<a href=\"https:\/\/facebook.com\/HookahShop.lt\/\" target=\"_blank\" rel=\"noopener\">Facebook konts<\/a>\u00a0un m\u0113s atbild\u0113sim uz j\u016bsu piepras\u012bjumu taj\u0101 pa\u0161\u0101 dien\u0101.<\/p>","protected":false},"excerpt":{"rendered":"<p>B\u013coda \u016bdensp\u012bpei TARGET Phunnel Phantom Light trauks no augstas kvalit\u0101tes m\u0101la. To vair\u0101kas reizes kars\u0113ja, lai kr\u016bze kalpotu ilg\u0101k. Tabakas kr\u016bze satur 18-23 g. Specifik\u0101cijas: Tips: phunnel Diametrs: 7,5 cm Augstums: 11,5 cm Materi\u0101ls: m\u0101ls Vai ir k\u0101di jaut\u0101jumi? Sazinieties ar mums kontaktu lap\u0101 vai rakstiet mums uz m\u016bsu Facebook kontu, un m\u0113s atbild\u0113sim uz j\u016bsu piepras\u012bjumu [\u2026]<\/p>","protected":false},"featured_media":34905,"comment_status":"open","ping_status":"closed","template":"","meta":[],"_links":{"self":[{"href":"https:\/\/hookahshop.lt\/lv\/wp-json\/wp\/v2\/product\/34904"}],"collection":[{"href":"https:\/\/hookahshop.lt\/lv\/wp-json\/wp\/v2\/product"}],"about":[{"href":"https:\/\/hookahshop.lt\/lv\/wp-json\/wp\/v2\/types\/product"}],"replies":[{"embeddable":true,"href":"https:\/\/hookahshop.lt\/lv\/wp-json\/wp\/v2\/comments?post=34904"}],"version-history":[{"count":3,"href":"https:\/\/hookahshop.lt\/lv\/wp-json\/wp\/v2\/product\/34904\/revisions"}],"predecessor-version":[{"id":43025,"href":"https:\/\/hookahshop.lt\/lv\/wp-json\/wp\/v2\/product\/34904\/revisions\/43025"}],"wp:featuredmedia":[{"embeddable":true,"href":"https:\/\/hookahshop.lt\/lv\/wp-json\/wp\/v2\/media\/34905"}],"wp:attachment":[{"href":"https:\/\/hookahshop.lt\/lv\/wp-json\/wp\/v2\/media?parent=34904"}],"curies":[{"name":"wp","href":"https:\/\/api.w.org\/{rel}","templated":true}]}}