{"id":34930,"date":"2022-12-20T14:17:12","date_gmt":"2022-12-20T12:17:12","guid":{"rendered":"https:\/\/hookahshop.lt\/?post_type=product&#038;p=34930"},"modified":"2026-04-18T23:29:21","modified_gmt":"2026-04-18T20:29:21","slug":"taurele-kaljanui-vortex-black","status":"publish","type":"product","link":"https:\/\/hookahshop.lt\/lv\/produkt\/kauss-udenspipe-virpulis-melns\/","title":{"rendered":"Kr\u016bz\u012bte \u016bdensp\u012bpei VORTEX Black"},"content":{"rendered":"<h2><strong>Kr\u016bz\u012bte \u016bdensp\u012bpei VORTEX Black<\/strong><\/h2>\n<p>Slavens ar savu unik\u0101lo izskatu, meistar\u012bbu un augsto iztur\u012bbu. T\u0101pat k\u0101 vis\u0101s Vortex kr\u016bz\u0113s, caurumi atrodas uz ass, t\u0101p\u0113c varat izmantot tabaku ar liel\u0101ku melases daudzumu, nebaidoties no melases iek\u013c\u016b\u0161anas \u0161aht\u0101.<\/p>\n<p><strong>Specifik\u0101cijas:<\/strong><br \/>\nTips: virpulis<br \/>\nAugstums: 8 cm<br \/>\nDiametrs: 8,5 cm<br \/>\nMateri\u0101ls: keramika<\/p>\n<p>Vai jums ir k\u0101di jaut\u0101jumi? Sazinies ar mums <a href=\"https:\/\/hookahshop.lt\/lv\/kontaktiem\/\">kontaktu lapa<\/a>\u00a0vai rakstiet mums pa e-pastu\u00a0<a href=\"https:\/\/facebook.com\/HookahShop.lt\/\" target=\"_blank\" rel=\"noopener\">Facebook konts<\/a>\u00a0un m\u0113s atbild\u0113sim uz j\u016bsu piepras\u012bjumu taj\u0101 pa\u0161\u0101 dien\u0101.<\/p>","protected":false},"excerpt":{"rendered":"<p>\u016adensp\u012bpes b\u013codi\u0146a VORTEX Black Slavena ar savu unik\u0101lo izskatu, meistar\u012bbu un augsto iztur\u012bbu. T\u0101pat k\u0101 vis\u0101m Vortex b\u013codi\u0146\u0101m, caurumi atrodas uz ass, t\u0101p\u0113c varat izmantot tabaku ar liel\u0101ku melases saturu, nebaidoties, ka melase nok\u013c\u016bs k\u0101t\u0101. Specifik\u0101cijas: Tips: vortex Augstums: 8 cm Diametrs: 8,5 cm Materi\u0101ls: keramika Vai jums ir k\u0101di jaut\u0101jumi? Sazinieties ar mums kontaktlap\u0101 vai rakstiet mums Facebook [\u2026]<\/p>","protected":false},"featured_media":34931,"comment_status":"open","ping_status":"closed","template":"","meta":[],"_links":{"self":[{"href":"https:\/\/hookahshop.lt\/lv\/wp-json\/wp\/v2\/product\/34930"}],"collection":[{"href":"https:\/\/hookahshop.lt\/lv\/wp-json\/wp\/v2\/product"}],"about":[{"href":"https:\/\/hookahshop.lt\/lv\/wp-json\/wp\/v2\/types\/product"}],"replies":[{"embeddable":true,"href":"https:\/\/hookahshop.lt\/lv\/wp-json\/wp\/v2\/comments?post=34930"}],"version-history":[{"count":2,"href":"https:\/\/hookahshop.lt\/lv\/wp-json\/wp\/v2\/product\/34930\/revisions"}],"predecessor-version":[{"id":35077,"href":"https:\/\/hookahshop.lt\/lv\/wp-json\/wp\/v2\/product\/34930\/revisions\/35077"}],"wp:featuredmedia":[{"embeddable":true,"href":"https:\/\/hookahshop.lt\/lv\/wp-json\/wp\/v2\/media\/34931"}],"wp:attachment":[{"href":"https:\/\/hookahshop.lt\/lv\/wp-json\/wp\/v2\/media?parent=34930"}],"curies":[{"name":"wp","href":"https:\/\/api.w.org\/{rel}","templated":true}]}}