{"id":34936,"date":"2022-12-20T14:27:00","date_gmt":"2022-12-20T12:27:00","guid":{"rendered":"https:\/\/hookahshop.lt\/?post_type=product&#038;p=34936"},"modified":"2026-04-15T23:29:28","modified_gmt":"2026-04-15T20:29:28","slug":"taurele-kaljanui-kaloud-samsaris-vitria-iii","status":"publish","type":"product","link":"https:\/\/hookahshop.lt\/lv\/produkt\/cup-hookah-kaloud-samsaris-vitria-iii\/","title":{"rendered":"Kauss \u016bdensp\u012bpei KALOUD Samsaris Vitria III"},"content":{"rendered":"<h2>Kauss \u016bdensp\u012bpei KALOUD Samsaris Vitria III<\/h2>\n<p>KALOUD ir amerik\u0101\u0146u z\u012bmols, kas rad\u012bjis vienu no slaven\u0101kajiem izgudrojumiem \u016bdensp\u012bpes pasaul\u0113 - &quot;KALOUD LOTUS&quot; siltuma kameras. SAMSARIS VITRIA III priek\u0161 LOTUS I+ un LOTUS III. Kr\u016bz\u012btei ir izcils dizains un kvalit\u0101te. Tas ir izgatavots no netoksiska silikona, ko apstiprin\u0101jusi ASV P\u0101rtikas un z\u0101\u013cu p\u0101rvalde, padarot kr\u016bz\u012bti dro\u0161u lieto\u0161anu. Silikona ieliktn\u012b iederas laboratorijas stikla kr\u016bze, kas ir \u012bpa\u0161i iztur\u012bga pret karstumu. \u013boti viegli iepakot un t\u012br\u012bt. Kr\u016bz\u012btei nav nepiecie\u0161ama papildu bl\u012bve, jo t\u0101 ir izgatavota no silikona un lieliski turas, novietojot uz \u016bdensp\u012bpes.<\/p>\n<p><strong>Specifik\u0101cija:<\/strong><br \/>\nSuga: phennel<br \/>\nAugstums: 10,5 cm<br \/>\nDiametrs: 9,5 cm<br \/>\nMateri\u0101ls: silikons, stikls<\/p>\n<p>Vai jums ir k\u0101di jaut\u0101jumi? Sazinies ar mums\u00a0<a href=\"https:\/\/hookahshop.lt\/lv\/kontaktiem\/\">kontaktu lapa<\/a>\u00a0vai rakstiet mums pa e-pastu\u00a0<a href=\"https:\/\/facebook.com\/HookahShop.lt\/\" target=\"_blank\" rel=\"noopener\">Facebook konts<\/a>\u00a0un m\u0113s atbild\u0113sim uz j\u016bsu piepras\u012bjumu taj\u0101 pa\u0161\u0101 dien\u0101.<\/p>","protected":false},"excerpt":{"rendered":"<p>Kauss \u016bdensp\u012bpei KALOUD Samsaris Vitria III KALOUD ir amerik\u0101\u0146u z\u012bmols, kas rad\u012bjis vienu no slaven\u0101kajiem izgudrojumiem \u016bdensp\u012bpes pasaul\u0113 - &quot;KALOUD LOTUS&quot; siltuma kameras. SAMSARIS VITRIA III priek\u0161 LOTUS I+ un LOTUS III. Kr\u016bz\u012btei ir izcils dizains un kvalit\u0101te. Tas ir izgatavots no netoksiska silikona, ko apstiprin\u0101jusi ASV P\u0101rtikas un z\u0101\u013cu p\u0101rvalde, padarot kr\u016bz\u012bti dro\u0161u lieto\u0161anu. Uz [\u2026]<\/p>","protected":false},"featured_media":34937,"comment_status":"open","ping_status":"closed","template":"","meta":[],"_links":{"self":[{"href":"https:\/\/hookahshop.lt\/lv\/wp-json\/wp\/v2\/product\/34936"}],"collection":[{"href":"https:\/\/hookahshop.lt\/lv\/wp-json\/wp\/v2\/product"}],"about":[{"href":"https:\/\/hookahshop.lt\/lv\/wp-json\/wp\/v2\/types\/product"}],"replies":[{"embeddable":true,"href":"https:\/\/hookahshop.lt\/lv\/wp-json\/wp\/v2\/comments?post=34936"}],"version-history":[{"count":4,"href":"https:\/\/hookahshop.lt\/lv\/wp-json\/wp\/v2\/product\/34936\/revisions"}],"predecessor-version":[{"id":35030,"href":"https:\/\/hookahshop.lt\/lv\/wp-json\/wp\/v2\/product\/34936\/revisions\/35030"}],"wp:featuredmedia":[{"embeddable":true,"href":"https:\/\/hookahshop.lt\/lv\/wp-json\/wp\/v2\/media\/34937"}],"wp:attachment":[{"href":"https:\/\/hookahshop.lt\/lv\/wp-json\/wp\/v2\/media?parent=34936"}],"curies":[{"name":"wp","href":"https:\/\/api.w.org\/{rel}","templated":true}]}}