{"id":34961,"date":"2022-12-20T14:46:20","date_gmt":"2022-12-20T12:46:20","guid":{"rendered":"https:\/\/hookahshop.lt\/?post_type=product&#038;p=34961"},"modified":"2026-04-17T16:33:38","modified_gmt":"2026-04-17T13:33:38","slug":"kaljanas-oduman-n2-travel-black","status":"publish","type":"product","link":"https:\/\/hookahshop.lt\/lv\/produkt\/hookah-oduman-n2-travel-black\/","title":{"rendered":"\u016adensp\u012bpe ODUMAN N2 Travel Black"},"content":{"rendered":"<h2><strong>\u016adensp\u012bpe ODUMAN N2 Travel Black<\/strong><\/h2>\n<p>T\u0101 ir \u016bdensp\u012bpe, kuru var \u0146emt l\u012bdzi jebkur un sm\u0113\u0137\u0113t \u0113rt\u0101 vid\u0113. Soma ir \u016bdensiztur\u012bga. Pirm\u0101s klases, roku darbs stikls. Visas deta\u013cas ir izgatavotas no ner\u016bs\u0113jo\u0161\u0101 t\u0113rauda. Mutes uzgalis ir izgatavots no alum\u012bnija. \u0160im Oduman N2 Travel ir k\u0101ts ar ieb\u016bv\u0113tu difuzoru, kas \u016bdensp\u012bpei pie\u0161\u0137ir vieglu pievilc\u012bbu. ODUMAN ir gudri piel\u0101gojis \u0161\u012bs N2 Travel kolbas dizainu, t\u0101p\u0113c mode\u013ca stabilit\u0101te ir piln\u012bb\u0101 nodro\u0161in\u0101ta. \u0160im burv\u012bgajam modelim ir patiesi elpu aizraujo\u0161a kvalit\u0101tes attiec\u012bba!<\/p>\n<p><strong>Specifik\u0101cija:<\/strong><br \/>\nAugstums: 20 cm<br \/>\nDiametrs: 12 cm<br \/>\nKolbas dzi\u013cums: 14 cm<br \/>\nSvars: 1,7 kg.<br \/>\nMateri\u0101ls: ner\u016bs\u0113jo\u0161ais t\u0113rauds, alum\u012bnijs, stikls<br \/>\nIzcelsmes valsts: Turcija<\/p>\n<p><strong>Apr\u012bkojums:<\/strong><br \/>\n\u016adensp\u012bpes k\u0101ts, kolba, iemutnis, \u0161\u013c\u016btene, soma.<\/p>\n<p><img decoding=\"async\" loading=\"lazy\" class=\"alignnone size-medium wp-image-38520\" src=\"https:\/\/hookahshop.lt\/wp-content\/uploads\/2020\/09\/stiebas-kolba-zarna-kandiklis-1-300x273.jpg\" alt=\"- hookahshop.lt\" width=\"300\" height=\"273\" srcset=\"https:\/\/hookahshop.lt\/wp-content\/uploads\/2020\/09\/stiebas-kolba-zarna-kandiklis-1-300x273.jpg 300w, https:\/\/hookahshop.lt\/wp-content\/uploads\/2020\/09\/stiebas-kolba-zarna-kandiklis-1-13x12.jpg 13w, https:\/\/hookahshop.lt\/wp-content\/uploads\/2020\/09\/stiebas-kolba-zarna-kandiklis-1-64x58.jpg 64w, https:\/\/hookahshop.lt\/wp-content\/uploads\/2020\/09\/stiebas-kolba-zarna-kandiklis-1.jpg 420w\" sizes=\"(max-width: 300px) 100vw, 300px\" title=\"\"><\/p>\n<p>Vai jums ir k\u0101di jaut\u0101jumi? Sazinies ar mums\u00a0<a href=\"https:\/\/hookahshop.lt\/lv\/kontaktiem\/\">kontaktu lapa<\/a>\u00a0vai rakstiet mums pa e-pastu\u00a0<a href=\"https:\/\/facebook.com\/HookahShop.lt\/\" target=\"_blank\" rel=\"noopener\">Facebook konts<\/a>\u00a0un m\u0113s atbild\u0113sim uz j\u016bsu piepras\u012bjumu taj\u0101 pa\u0161\u0101 dien\u0101<\/p>","protected":false},"excerpt":{"rendered":"<p>\u016adensp\u012bpe ODUMAN N2 Travel Black \u0160\u012b ir \u016bdensp\u012bpe, kuru varat \u0146emt l\u012bdzi jebkur un sm\u0113\u0137\u0113t \u0113rt\u0101 vid\u0113. Soma ir \u016bdensiztur\u012bga. Pirm\u0101s klases, roku darbs stikls. Visas deta\u013cas ir izgatavotas no ner\u016bs\u0113jo\u0161\u0101 t\u0113rauda. Mutes uzgalis ir izgatavots no alum\u012bnija. \u0160im Oduman N2 Travel ir k\u0101ts ar ieb\u016bv\u0113tu difuzoru, kas \u016bdensp\u012bpei pie\u0161\u0137ir vieglu pievilc\u012bbu. ODUMAN ir gudri piel\u0101gojis \u0161o \u201cN2 [\u2026]<\/p>","protected":false},"featured_media":34962,"comment_status":"open","ping_status":"closed","template":"","meta":[],"_links":{"self":[{"href":"https:\/\/hookahshop.lt\/lv\/wp-json\/wp\/v2\/product\/34961"}],"collection":[{"href":"https:\/\/hookahshop.lt\/lv\/wp-json\/wp\/v2\/product"}],"about":[{"href":"https:\/\/hookahshop.lt\/lv\/wp-json\/wp\/v2\/types\/product"}],"replies":[{"embeddable":true,"href":"https:\/\/hookahshop.lt\/lv\/wp-json\/wp\/v2\/comments?post=34961"}],"version-history":[{"count":4,"href":"https:\/\/hookahshop.lt\/lv\/wp-json\/wp\/v2\/product\/34961\/revisions"}],"predecessor-version":[{"id":35033,"href":"https:\/\/hookahshop.lt\/lv\/wp-json\/wp\/v2\/product\/34961\/revisions\/35033"}],"wp:featuredmedia":[{"embeddable":true,"href":"https:\/\/hookahshop.lt\/lv\/wp-json\/wp\/v2\/media\/34962"}],"wp:attachment":[{"href":"https:\/\/hookahshop.lt\/lv\/wp-json\/wp\/v2\/media?parent=34961"}],"curies":[{"name":"wp","href":"https:\/\/api.w.org\/{rel}","templated":true}]}}