{"id":34975,"date":"2022-12-20T14:59:36","date_gmt":"2022-12-20T12:59:36","guid":{"rendered":"https:\/\/hookahshop.lt\/?post_type=product&#038;p=34975"},"modified":"2026-05-13T13:52:35","modified_gmt":"2026-05-13T10:52:35","slug":"kaljanas-xhookah-morph-2in1-black","status":"publish","type":"product","link":"https:\/\/hookahshop.lt\/lv\/produkt\/udenspipe-xhookah-morph-2in1-melns\/","title":{"rendered":"\u016adensp\u012bpe XHOOKAH Morph 2in1 Black"},"content":{"rendered":"<h2><strong>\u016adensp\u012bpe XHOOKAH Morph 2in1 Black<\/strong><\/h2>\n<p>Piel\u0101gojas p\u0113c vajadz\u012bbas. Piem\u0113rots lieto\u0161anai m\u0101j\u0101s un ce\u013cojumos. J\u016bs varat izmantot gan mazu \u016bdensp\u012bpi, gan lielu \u016bdensp\u012bpi, uzliekot uz ass papildu pagarin\u0101jumu. Mainot \u016bdensp\u012bpes izm\u0113ru un izmantojot da\u017e\u0101da izm\u0113ra kolbas, katru seansu izbaud\u012bsiet sav\u0101d\u0101k.<\/p>\n<p><strong>Specifik\u0101cija:<\/strong><br \/>\nAugstums: 39 cm (maza \u016bdensp\u012bpe)<br \/>\nAugstums: 59 cm (liela \u016bdensp\u012bpe)<br \/>\nDifuzors: skr\u016bv\u0113jams<br \/>\nMateri\u0101ls: ner\u016bs\u0113jo\u0161ais t\u0113rauds un poliacet\u0101ls<br \/>\nIzcelsmes valsts: V\u0101cija<\/p>\n<p><strong>Apr\u012bkojums: <\/strong><br \/>\n\u016adensp\u012bpes v\u0101rpsta, v\u0101rpstas pagarin\u0101jums, \u0161\u013c\u016btene, pl\u0101ksne, iemuts, 2 kolbas.<\/p>\n<p>Vai jums ir k\u0101di jaut\u0101jumi? Sazinies ar mums\u00a0<a href=\"https:\/\/hookahshop.lt\/lv\/kontaktiem\/\">kontaktu lapa<\/a>\u00a0vai rakstiet mums pa e-pastu\u00a0<a href=\"https:\/\/facebook.com\/HookahShop.lt\/\" target=\"_blank\" rel=\"noopener\">Facebook konts<\/a>\u00a0un m\u0113s atbild\u0113sim uz j\u016bsu piepras\u012bjumu taj\u0101 pa\u0161\u0101 dien\u0101<\/p>","protected":false},"excerpt":{"rendered":"<p>\u016adensp\u012bpe XHOOKAH Morph 2in1 Black Piel\u0101gojas p\u0113c vajadz\u012bbas. Piem\u0113rots lieto\u0161anai m\u0101j\u0101s un ce\u013cojumos. J\u016bs varat izmantot gan mazu \u016bdensp\u012bpi, gan lielu \u016bdensp\u012bpi, uzliekot uz ass papildu pagarin\u0101jumu. Mainot \u016bdensp\u012bpes izm\u0113ru un izmantojot da\u017e\u0101da izm\u0113ra kolbas, katru seansu izbaud\u012bsiet sav\u0101d\u0101k. Specifik\u0101cija: Augstums: 39 cm (maza \u016bdensp\u012bpe) Augstums: 59 cm (liela \u016bdensp\u012bpe) Difuzors: pieskr\u016bv\u0113jams Materi\u0101ls: ner\u016bs\u0113jo\u0161ais t\u0113rauds [...]<\/p>","protected":false},"featured_media":34976,"comment_status":"open","ping_status":"closed","template":"","meta":[],"_links":{"self":[{"href":"https:\/\/hookahshop.lt\/lv\/wp-json\/wp\/v2\/product\/34975"}],"collection":[{"href":"https:\/\/hookahshop.lt\/lv\/wp-json\/wp\/v2\/product"}],"about":[{"href":"https:\/\/hookahshop.lt\/lv\/wp-json\/wp\/v2\/types\/product"}],"replies":[{"embeddable":true,"href":"https:\/\/hookahshop.lt\/lv\/wp-json\/wp\/v2\/comments?post=34975"}],"version-history":[{"count":2,"href":"https:\/\/hookahshop.lt\/lv\/wp-json\/wp\/v2\/product\/34975\/revisions"}],"predecessor-version":[{"id":35035,"href":"https:\/\/hookahshop.lt\/lv\/wp-json\/wp\/v2\/product\/34975\/revisions\/35035"}],"wp:featuredmedia":[{"embeddable":true,"href":"https:\/\/hookahshop.lt\/lv\/wp-json\/wp\/v2\/media\/34976"}],"wp:attachment":[{"href":"https:\/\/hookahshop.lt\/lv\/wp-json\/wp\/v2\/media?parent=34975"}],"curies":[{"name":"wp","href":"https:\/\/api.w.org\/{rel}","templated":true}]}}