{"id":34983,"date":"2022-12-20T15:04:13","date_gmt":"2022-12-20T13:04:13","guid":{"rendered":"https:\/\/hookahshop.lt\/?post_type=product&#038;p=34983"},"modified":"2026-04-17T23:29:51","modified_gmt":"2026-04-17T20:29:51","slug":"kaljanas-tsar-h-one-white","status":"publish","type":"product","link":"https:\/\/hookahshop.lt\/lv\/produkt\/udenspipe-car-h-viens-balts\/","title":{"rendered":"\u016adensp\u012bpe TSAR H-One White"},"content":{"rendered":"<h2><strong>\u016adensp\u012bpe TSAR H-One White<\/strong><\/h2>\n<p>Eleganta dizaina \u016bdensp\u012bpe ar ekskluz\u012bvu d\u016bmu p\u016b\u0161anas deta\u013cu. TSAR H-One \u016bdensp\u012bpei ir no\u0146emams difuzors, lai p\u0101rietu no smagas \u016bdens uz viegl\u0101ku. Unik\u0101la dizaina pl\u0101ksne ar spraug\u0101m.<\/p>\n<p><strong>Specifik\u0101cija:<\/strong><br \/>\nAugstums: 45 cm<br \/>\nMateri\u0101ls: alum\u012bnijs<br \/>\nIzcelsmes valsts: Francija<br \/>\nKolba: v\u012bt\u0146ota<\/p>\n<p><strong>Apr\u012bkojums:<\/strong><br \/>\n\u016adensp\u012bpes v\u0101rpsta, \u0161\u013c\u016btene, pl\u0101ksne, iemutnis, kr\u016bze, v\u012bt\u0146ot\u0101 kolba.<\/p>\n<p>Vai jums ir k\u0101di jaut\u0101jumi? Sazinies ar mums\u00a0<a href=\"https:\/\/hookahshop.lt\/lv\/kontaktiem\/\">kontaktu lapa<\/a>\u00a0vai rakstiet mums pa e-pastu\u00a0<a href=\"https:\/\/facebook.com\/HookahShop.lt\/\" target=\"_blank\" rel=\"noopener\">Facebook konts<\/a>\u00a0un m\u0113s atbild\u0113sim uz j\u016bsu piepras\u012bjumu taj\u0101 pa\u0161\u0101 dien\u0101<\/p>","protected":false},"excerpt":{"rendered":"<p>\u016adensp\u012bpe TSAR H-One White Eleganti izstr\u0101d\u0101ta \u016bdensp\u012bpe ar ekskluz\u012bvu d\u016bmu p\u016b\u0161anas deta\u013cu. TSAR H-One \u016bdensp\u012bpei ir no\u0146emams difuzors, lai p\u0101rietu no smagas \u016bdens uz viegl\u0101ku. Unik\u0101la dizaina pl\u0101ksne ar spraug\u0101m. Specifik\u0101cija: Augstums: 45 cm Materi\u0101ls: alum\u012bnijs Izcelsmes valsts: Francija Kolba: ar v\u012btni Pilns komplekts: \u016adensp\u012bpes v\u0101rpsta, \u0161\u013c\u016btene, pl\u0101ksne, iemuts, kr\u016bze, kolba ar v\u012btni. Jums ir [\u2026]<\/p>","protected":false},"featured_media":34984,"comment_status":"open","ping_status":"closed","template":"","meta":[],"_links":{"self":[{"href":"https:\/\/hookahshop.lt\/lv\/wp-json\/wp\/v2\/product\/34983"}],"collection":[{"href":"https:\/\/hookahshop.lt\/lv\/wp-json\/wp\/v2\/product"}],"about":[{"href":"https:\/\/hookahshop.lt\/lv\/wp-json\/wp\/v2\/types\/product"}],"replies":[{"embeddable":true,"href":"https:\/\/hookahshop.lt\/lv\/wp-json\/wp\/v2\/comments?post=34983"}],"version-history":[{"count":3,"href":"https:\/\/hookahshop.lt\/lv\/wp-json\/wp\/v2\/product\/34983\/revisions"}],"predecessor-version":[{"id":35036,"href":"https:\/\/hookahshop.lt\/lv\/wp-json\/wp\/v2\/product\/34983\/revisions\/35036"}],"wp:featuredmedia":[{"embeddable":true,"href":"https:\/\/hookahshop.lt\/lv\/wp-json\/wp\/v2\/media\/34984"}],"wp:attachment":[{"href":"https:\/\/hookahshop.lt\/lv\/wp-json\/wp\/v2\/media?parent=34983"}],"curies":[{"name":"wp","href":"https:\/\/api.w.org\/{rel}","templated":true}]}}