{"id":34988,"date":"2022-12-20T15:12:11","date_gmt":"2022-12-20T13:12:11","guid":{"rendered":"https:\/\/hookahshop.lt\/?post_type=product&#038;p=34988"},"modified":"2026-04-20T23:29:31","modified_gmt":"2026-04-20T20:29:31","slug":"kaljanas-wd-hookah-p3-black","status":"publish","type":"product","link":"https:\/\/hookahshop.lt\/lv\/produkt\/udenspipe-wd-udenspipe-p3-melns\/","title":{"rendered":"\u016adensp\u012bpe WD HOOKAH P3 Melns"},"content":{"rendered":"<h2><strong>\u016adensp\u012bpe WD HOOKAH P3 Melns<\/strong><\/h2>\n<p>Augstas kvalit\u0101tes modelis izgatavots no \u012bpa\u0161i iztur\u012bgiem materi\u0101liem. Visa \u016bdensp\u012bpes k\u0101ta ir izgatavota no V2A ner\u016bs\u0113jo\u0161\u0101 t\u0113rauda, kas p\u0101rkl\u0101ts ar poliacet\u0101lu, termoplastu, kas ir \u013coti iztur\u012bgs pret nodilumu. Viena no \u0161\u012bs \u016bdensp\u012bpes \u012bpa\u0161aj\u0101m iez\u012bm\u0113m ir \u0161aht\u0101 integr\u0113t\u0101 att\u012br\u012b\u0161anas sist\u0113ma, kas \u013cauj d\u016bmiem iziet cauri 4 maziem caurumiem. Pamatne ir piestiprin\u0101ta pie stat\u012bva, izmantojot bl\u012bv\u0113\u0161anas sist\u0113mu. Tas ir apr\u012bkots ar no\u0146emamu difuzoru, lai main\u012btu \u016bdensp\u012bpes vilkmi.<\/p>\n<p><strong>Specifik\u0101cija:<\/strong><br \/>\nAugstums: 56 cm<br \/>\nMateri\u0101ls: ner\u016bs\u0113jo\u0161ais t\u0113rauds, poliacet\u0101ls<\/p>\n<p><strong>Apr\u012bkojums:<\/strong><br \/>\n\u016adensp\u012bpes v\u0101rpsta, pl\u0101ksne<\/p>\n<p>Vai jums ir k\u0101di jaut\u0101jumi? Sazinies ar mums\u00a0<a href=\"https:\/\/hookahshop.lt\/lv\/kontaktiem\/\">kontaktu lapa<\/a>\u00a0vai rakstiet mums pa e-pastu\u00a0<a href=\"https:\/\/facebook.com\/HookahShop.lt\/\" target=\"_blank\" rel=\"noopener\">Facebook konts<\/a>\u00a0un m\u0113s atbild\u0113sim uz j\u016bsu piepras\u012bjumu taj\u0101 pa\u0161\u0101 dien\u0101<\/p>","protected":false},"excerpt":{"rendered":"<p>\u016adensp\u012bpe WD HOOKAH P3 Black Augstas kvalit\u0101tes modelis, izgatavots no \u012bpa\u0161i iztur\u012bgiem materi\u0101liem. Visa \u016bdensp\u012bpes k\u0101ta da\u013ca ir izgatavota no V2A ner\u016bs\u0113jo\u0161\u0101 t\u0113rauda, p\u0101rkl\u0101ta ar poliacet\u0101lu - termoplastu, kas ir \u013coti iztur\u012bgs pret nodilumu. Viena no \u0161\u012bs \u016bdensp\u012bpes \u012bpa\u0161\u012bb\u0101m ir k\u0101ta integr\u0113t\u0101 att\u012br\u012b\u0161anas sist\u0113ma, kas \u013cauj d\u016bmiem izpl\u016bst caur 4 maziem caurumiem. Pamatne ir piestiprin\u0101ta pie stat\u012bva, izmantojot bl\u012bv\u0113\u0161anas sist\u0113mu. Tai ir [\u2026]<\/p>","protected":false},"featured_media":34989,"comment_status":"open","ping_status":"closed","template":"","meta":[],"_links":{"self":[{"href":"https:\/\/hookahshop.lt\/lv\/wp-json\/wp\/v2\/product\/34988"}],"collection":[{"href":"https:\/\/hookahshop.lt\/lv\/wp-json\/wp\/v2\/product"}],"about":[{"href":"https:\/\/hookahshop.lt\/lv\/wp-json\/wp\/v2\/types\/product"}],"replies":[{"embeddable":true,"href":"https:\/\/hookahshop.lt\/lv\/wp-json\/wp\/v2\/comments?post=34988"}],"version-history":[{"count":4,"href":"https:\/\/hookahshop.lt\/lv\/wp-json\/wp\/v2\/product\/34988\/revisions"}],"predecessor-version":[{"id":35454,"href":"https:\/\/hookahshop.lt\/lv\/wp-json\/wp\/v2\/product\/34988\/revisions\/35454"}],"wp:featuredmedia":[{"embeddable":true,"href":"https:\/\/hookahshop.lt\/lv\/wp-json\/wp\/v2\/media\/34989"}],"wp:attachment":[{"href":"https:\/\/hookahshop.lt\/lv\/wp-json\/wp\/v2\/media?parent=34988"}],"curies":[{"name":"wp","href":"https:\/\/api.w.org\/{rel}","templated":true}]}}