{"id":34992,"date":"2022-12-20T15:16:11","date_gmt":"2022-12-20T13:16:11","guid":{"rendered":"https:\/\/hookahshop.lt\/?post_type=product&#038;p=34992"},"modified":"2026-04-11T23:29:33","modified_gmt":"2026-04-11T20:29:33","slug":"kolba-kaljanui-wd-hookah-clear","status":"publish","type":"product","link":"https:\/\/hookahshop.lt\/lv\/produkt\/kolba-for-udenspipe-wd-udenspipe-dzidrs\/","title":{"rendered":"\u016adensp\u012bpes kolba WD HOOKAH Skaidrs"},"content":{"rendered":"<h2><strong>\u016adensp\u012bpes kolba WD HOOKAH Skaidrs<\/strong><\/h2>\n<p>Der gandr\u012bz vis\u0101m \u016bdensp\u012bp\u0113m, ar standarta savienojumu un WD Hookah \u016bdensp\u012bpes mode\u013ciem: L1, L2 un P3. Kolba izgatavota no augstas kvalit\u0101tes stikla. Caursp\u012bd\u012bgas kr\u0101sas, interesanta dizaina kolba rot\u0101s j\u016bsu \u016bdensp\u012bpi m\u0101j\u0101s.<\/p>\n<p><strong>Specifik\u0101cija:<\/strong><br \/>\nAugstums: ~26 cm<br \/>\nIek\u0161\u0113j\u0101 cauruma diametrs: ~4,7 cm<\/p>\n<p>Vai jums ir k\u0101di jaut\u0101jumi? Sazinies ar mums\u00a0<a href=\"https:\/\/hookahshop.lt\/lv\/kontaktiem\/\">kontaktu lapa<\/a>\u00a0vai rakstiet mums pa e-pastu\u00a0<a href=\"https:\/\/facebook.com\/HookahShop.lt\/\" target=\"_blank\" rel=\"noopener\">Facebook konts<\/a>\u00a0un m\u0113s atbild\u0113sim uz j\u016bsu piepras\u012bjumu taj\u0101 pa\u0161\u0101 dien\u0101<\/p>","protected":false},"excerpt":{"rendered":"<p>\u016adensp\u012bpes bla\u0161\u0137is WD HOOKAH Clear Piem\u0113rots gandr\u012bz vis\u0101m \u016bdensp\u012bp\u0113m, ar standarta savienojumu un WD Hookah \u016bdensp\u012bpju mode\u013ciem: L1, L2 un P3 Bla\u0161\u0137is ir izgatavots no augstas kvalit\u0101tes stikla. Caursp\u012bd\u012bgas kr\u0101sas, interesanta dizaina bla\u0161\u0137is izdai\u013cos j\u016bsu \u016bdensp\u012bpi m\u0101j\u0101s. Specifik\u0101cija: Augstums: ~26 cm Iek\u0161\u0113jais cauruma diametrs: ~4,7 cm Vai jums ir k\u0101di jaut\u0101jumi? Sazinieties ar mums kontaktlap\u0101 vai rakstiet mums Facebook un [\u2026]<\/p>","protected":false},"featured_media":35060,"comment_status":"open","ping_status":"closed","template":"","meta":[],"_links":{"self":[{"href":"https:\/\/hookahshop.lt\/lv\/wp-json\/wp\/v2\/product\/34992"}],"collection":[{"href":"https:\/\/hookahshop.lt\/lv\/wp-json\/wp\/v2\/product"}],"about":[{"href":"https:\/\/hookahshop.lt\/lv\/wp-json\/wp\/v2\/types\/product"}],"replies":[{"embeddable":true,"href":"https:\/\/hookahshop.lt\/lv\/wp-json\/wp\/v2\/comments?post=34992"}],"version-history":[{"count":4,"href":"https:\/\/hookahshop.lt\/lv\/wp-json\/wp\/v2\/product\/34992\/revisions"}],"predecessor-version":[{"id":37679,"href":"https:\/\/hookahshop.lt\/lv\/wp-json\/wp\/v2\/product\/34992\/revisions\/37679"}],"wp:featuredmedia":[{"embeddable":true,"href":"https:\/\/hookahshop.lt\/lv\/wp-json\/wp\/v2\/media\/35060"}],"wp:attachment":[{"href":"https:\/\/hookahshop.lt\/lv\/wp-json\/wp\/v2\/media?parent=34992"}],"curies":[{"name":"wp","href":"https:\/\/api.w.org\/{rel}","templated":true}]}}