{"id":34997,"date":"2022-12-20T15:25:55","date_gmt":"2022-12-20T13:25:55","guid":{"rendered":"https:\/\/hookahshop.lt\/?post_type=product&#038;p=34997"},"modified":"2026-04-10T23:29:36","modified_gmt":"2026-04-10T20:29:36","slug":"skyliu-pramustuvas-black","status":"publish","type":"product","link":"https:\/\/hookahshop.lt\/lv\/produkt\/caurumotajs-melns\/","title":{"rendered":"Caurumots melns"},"content":{"rendered":"<h2><strong>Caurumots melns<\/strong><\/h2>\n<p>Paredz\u0113ts izmanto\u0161anai \u016bdensp\u012bpes mais\u012bjuma iepako\u0161anai un caurumu caurdur\u0161anai folij\u0101.<\/p>\n<p><strong>Specifik\u0101cija:<\/strong><br \/>\nKr\u0101sa melna<\/p>\n<p>Vai jums ir k\u0101di jaut\u0101jumi? Sazinies ar mums\u00a0<a href=\"https:\/\/hookahshop.lt\/lv\/kontaktiem\/\">kontaktu lapa<\/a>\u00a0vai rakstiet mums pa e-pastu\u00a0<a href=\"https:\/\/facebook.com\/HookahShop.lt\/\" target=\"_blank\" rel=\"noopener\">Facebook konts<\/a>\u00a0un m\u0113s atbild\u0113sim uz j\u016bsu piepras\u012bjumu taj\u0101 pa\u0161\u0101 dien\u0101<\/p>","protected":false},"excerpt":{"rendered":"<p>Caurumu perforators Melns Paredz\u0113ts \u016bdensp\u012bpes mais\u012bjuma iepako\u0161anai un caurumu caurumo\u0161anai folij\u0101. Specifik\u0101cija: Kr\u0101sa: Melna Vai ir k\u0101di jaut\u0101jumi? Sazinieties ar mums kontaktu lap\u0101 vai rakstiet mums uz m\u016bsu Facebook kontu un m\u0113s atbild\u0113sim uz j\u016bsu piepras\u012bjumu taj\u0101 pa\u0161\u0101 dien\u0101<\/p>","protected":false},"featured_media":34998,"comment_status":"open","ping_status":"closed","template":"","meta":[],"_links":{"self":[{"href":"https:\/\/hookahshop.lt\/lv\/wp-json\/wp\/v2\/product\/34997"}],"collection":[{"href":"https:\/\/hookahshop.lt\/lv\/wp-json\/wp\/v2\/product"}],"about":[{"href":"https:\/\/hookahshop.lt\/lv\/wp-json\/wp\/v2\/types\/product"}],"replies":[{"embeddable":true,"href":"https:\/\/hookahshop.lt\/lv\/wp-json\/wp\/v2\/comments?post=34997"}],"version-history":[{"count":3,"href":"https:\/\/hookahshop.lt\/lv\/wp-json\/wp\/v2\/product\/34997\/revisions"}],"predecessor-version":[{"id":35073,"href":"https:\/\/hookahshop.lt\/lv\/wp-json\/wp\/v2\/product\/34997\/revisions\/35073"}],"wp:featuredmedia":[{"embeddable":true,"href":"https:\/\/hookahshop.lt\/lv\/wp-json\/wp\/v2\/media\/34998"}],"wp:attachment":[{"href":"https:\/\/hookahshop.lt\/lv\/wp-json\/wp\/v2\/media?parent=34997"}],"curies":[{"name":"wp","href":"https:\/\/api.w.org\/{rel}","templated":true}]}}