{"id":35010,"date":"2022-12-20T15:31:40","date_gmt":"2022-12-20T13:31:40","guid":{"rendered":"https:\/\/hookahshop.lt\/?post_type=product&#038;p=35010"},"modified":"2026-04-14T23:29:34","modified_gmt":"2026-04-14T20:29:34","slug":"kaljano-stovas-320-red","status":"publish","type":"product","link":"https:\/\/hookahshop.lt\/lv\/produkt\/udenspipe-stand-320-ed\/","title":{"rendered":"\u016adensp\u012bpes stat\u012bvs 320 Ed"},"content":{"rendered":"<h2><strong>\u016adensp\u012bpes stat\u012bvs 320 Ed<\/strong><\/h2>\n<p>PVC pamatne aizsarg\u0101 un stabiliz\u0113 \u016bdensp\u012bpi, sniedzot tai papildu atbalstu uz gr\u012bdas vai galda.<\/p>\n<p><strong>Specifik\u0101cija:<\/strong><br \/>\nDiametrs: 23 cm<br \/>\nKr\u0101sa: sarkana<\/p>\n<p>Vai jums ir k\u0101di jaut\u0101jumi? Sazinies ar mums\u00a0<a href=\"https:\/\/hookahshop.lt\/lv\/kontaktiem\/\">kontaktu lapa<\/a>\u00a0vai rakstiet mums pa e-pastu\u00a0<a href=\"https:\/\/facebook.com\/HookahShop.lt\/\" target=\"_blank\" rel=\"noopener\">Facebook konts<\/a>\u00a0un m\u0113s atbild\u0113sim uz j\u016bsu piepras\u012bjumu taj\u0101 pa\u0161\u0101 dien\u0101<\/p>","protected":false},"excerpt":{"rendered":"<p>\u016adensp\u012bpes stat\u012bvs 320 Red PVC pamatne aizsarg\u0101 un stabiliz\u0113 \u016bdensp\u012bpi, sniedzot tai papildu atbalstu uz gr\u012bdas vai galda. Specifik\u0101cija: Diametrs: 23 cm Kr\u0101sa: Sarkans Vai ir k\u0101di jaut\u0101jumi? Sazinieties ar mums kontaktu lap\u0101 vai rakstiet mums uz m\u016bsu Facebook kontu un m\u0113s atbild\u0113sim uz j\u016bsu piepras\u012bjumu taj\u0101 pa\u0161\u0101 dien\u0101<\/p>","protected":false},"featured_media":35011,"comment_status":"open","ping_status":"closed","template":"","meta":[],"_links":{"self":[{"href":"https:\/\/hookahshop.lt\/lv\/wp-json\/wp\/v2\/product\/35010"}],"collection":[{"href":"https:\/\/hookahshop.lt\/lv\/wp-json\/wp\/v2\/product"}],"about":[{"href":"https:\/\/hookahshop.lt\/lv\/wp-json\/wp\/v2\/types\/product"}],"replies":[{"embeddable":true,"href":"https:\/\/hookahshop.lt\/lv\/wp-json\/wp\/v2\/comments?post=35010"}],"version-history":[{"count":3,"href":"https:\/\/hookahshop.lt\/lv\/wp-json\/wp\/v2\/product\/35010\/revisions"}],"predecessor-version":[{"id":35072,"href":"https:\/\/hookahshop.lt\/lv\/wp-json\/wp\/v2\/product\/35010\/revisions\/35072"}],"wp:featuredmedia":[{"embeddable":true,"href":"https:\/\/hookahshop.lt\/lv\/wp-json\/wp\/v2\/media\/35011"}],"wp:attachment":[{"href":"https:\/\/hookahshop.lt\/lv\/wp-json\/wp\/v2\/media?parent=35010"}],"curies":[{"name":"wp","href":"https:\/\/api.w.org\/{rel}","templated":true}]}}