{"id":35015,"date":"2022-12-20T15:36:41","date_gmt":"2022-12-20T13:36:41","guid":{"rendered":"https:\/\/hookahshop.lt\/?post_type=product&#038;p=35015"},"modified":"2026-04-18T23:29:21","modified_gmt":"2026-04-18T20:29:21","slug":"apsauginis-sietelis-kaljanui-320-l-black","status":"publish","type":"product","link":"https:\/\/hookahshop.lt\/lv\/produkt\/aizsargajoss-sietins-udenspipei-320-l-melns\/","title":{"rendered":"Aizsarg\u0101jo\u0161s sieti\u0146\u0161 \u016bdensp\u012bpei 320 L Melns"},"content":{"rendered":"<h2><strong>Aizsarg\u0101jo\u0161s sieti\u0146\u0161 \u016bdensp\u012bpei 320<\/strong><strong>\u00a0L Melns<\/strong><\/h2>\n<p>Ne\u013cauj ogl\u0113m izkrist no \u0161\u0137\u012bvja, at\u0161\u0137ir\u012bb\u0101 no v\u0101ka ogl\u0113m tiek \u013cauts br\u012bvs gaiss, t\u0101p\u0113c temperat\u016bra kr\u016bz\u0113 nepaaugstin\u0101s.<\/p>\n<p><strong>Specifik\u0101cija:<\/strong><\/p>\n<p>Augstums: 24 cm<br \/>\nDiametrs: 11 cm<br \/>\nKr\u0101sa melna<\/p>\n<p>Vai jums ir k\u0101di jaut\u0101jumi? Sazinies ar mums\u00a0<a href=\"https:\/\/hookahshop.lt\/lv\/kontaktiem\/\">kontaktu lapa<\/a>\u00a0vai rakstiet mums pa e-pastu\u00a0<a href=\"https:\/\/facebook.com\/HookahShop.lt\/\" target=\"_blank\" rel=\"noopener\">Facebook konts<\/a>\u00a0un m\u0113s atbild\u0113sim uz j\u016bsu piepras\u012bjumu taj\u0101 pa\u0161\u0101 dien\u0101<\/p>","protected":false},"excerpt":{"rendered":"<p>Aizsarg\u0101jo\u0161s sieti\u0146\u0161 \u016bdensp\u012bpei 320 L Melns Ne\u013cauj ogl\u0113m izkrist no \u0161\u0137\u012bvja, at\u0161\u0137ir\u012bb\u0101 no v\u0101ka ogles nodro\u0161ina br\u012bvu gaisu, t\u0101p\u0113c temperat\u016bra kr\u016bz\u0113 nepaaugstin\u0101s. Specifik\u0101cija: Augstums: 24 cm Diametrs: 11 cm Kr\u0101sa: Melna Vai ir k\u0101di jaut\u0101jumi? Sazinieties ar mums kontaktu lap\u0101 vai rakstiet mums uz m\u016bsu Facebook kontu un m\u0113s atbild\u0113sim uz j\u016bsu piepras\u012bjumu taj\u0101 pa\u0161\u0101 dien\u0101<\/p>","protected":false},"featured_media":35016,"comment_status":"open","ping_status":"closed","template":"","meta":[],"_links":{"self":[{"href":"https:\/\/hookahshop.lt\/lv\/wp-json\/wp\/v2\/product\/35015"}],"collection":[{"href":"https:\/\/hookahshop.lt\/lv\/wp-json\/wp\/v2\/product"}],"about":[{"href":"https:\/\/hookahshop.lt\/lv\/wp-json\/wp\/v2\/types\/product"}],"replies":[{"embeddable":true,"href":"https:\/\/hookahshop.lt\/lv\/wp-json\/wp\/v2\/comments?post=35015"}],"version-history":[{"count":3,"href":"https:\/\/hookahshop.lt\/lv\/wp-json\/wp\/v2\/product\/35015\/revisions"}],"predecessor-version":[{"id":35071,"href":"https:\/\/hookahshop.lt\/lv\/wp-json\/wp\/v2\/product\/35015\/revisions\/35071"}],"wp:featuredmedia":[{"embeddable":true,"href":"https:\/\/hookahshop.lt\/lv\/wp-json\/wp\/v2\/media\/35016"}],"wp:attachment":[{"href":"https:\/\/hookahshop.lt\/lv\/wp-json\/wp\/v2\/media?parent=35015"}],"curies":[{"name":"wp","href":"https:\/\/api.w.org\/{rel}","templated":true}]}}