{"id":35020,"date":"2022-12-20T15:41:25","date_gmt":"2022-12-20T13:41:25","guid":{"rendered":"https:\/\/hookahshop.lt\/?post_type=product&#038;p=35020"},"modified":"2026-05-12T23:29:58","modified_gmt":"2026-05-12T20:29:58","slug":"kaljano-priedu-ir-valymo-rinkinys-320","status":"publish","type":"product","link":"https:\/\/hookahshop.lt\/lv\/produkt\/udenspipes-piederumi-un-tirisanas-komplekts-320\/","title":{"rendered":"\u016adensp\u012bpes piederumi un t\u012br\u012b\u0161anas komplekts 320"},"content":{"rendered":"<h2><strong>\u016adensp\u012bpes piederumi un t\u012br\u012b\u0161anas komplekts 320<\/strong><\/h2>\n<p>Paredz\u0113ts ne tikai \u0146em\u0161anai l\u012bdzi ce\u013cojumos, bet ar\u012b \u0113rti glab\u0101\u0161anai m\u0101j\u0101s. Komplekt\u0101 ietilpst piederumi, kas nepiecie\u0161ami \u016bdensp\u012bpes sagatavo\u0161anai un apkopei.<\/p>\n<p><strong>Apr\u012bkojums:<\/strong><\/p>\n<ul>\n<li>\u012asa suka \u016bdensp\u012bpes k\u0101tam<\/li>\n<li>Gara suka \u016bdensp\u012bpes k\u0101tam<\/li>\n<li>Birste \u016bdensp\u012bpes kolbai<\/li>\n<li>Og\u013cu knaibles<\/li>\n<li>Dak\u0161a \u016bdensp\u012bpes mais\u012bjumam<\/li>\n<li>Folijas caurumu perforators<\/li>\n<li>Sp\u0113\u013cu k\u0101rtis<\/li>\n<li>Lieta<\/li>\n<\/ul>\n<p>Vai jums ir k\u0101di jaut\u0101jumi? Sazinies ar mums\u00a0<a href=\"https:\/\/hookahshop.lt\/lv\/kontaktiem\/\">kontaktu lapa<\/a>\u00a0vai rakstiet mums pa e-pastu\u00a0<a href=\"https:\/\/facebook.com\/HookahShop.lt\/\" target=\"_blank\" rel=\"noopener\">Facebook konts<\/a>\u00a0un m\u0113s atbild\u0113sim uz j\u016bsu piepras\u012bjumu taj\u0101 pa\u0161\u0101 dien\u0101<\/p>","protected":false},"excerpt":{"rendered":"<p>\u016adensp\u012bpes piederumi un t\u012br\u012b\u0161anas komplekts 320 Paredz\u0113ts ne tikai \u0146em\u0161anai l\u012bdzi ce\u013cojumos, bet ar\u012b \u0113rti glab\u0101\u0161anai m\u0101j\u0101s. Komplekt\u0101 ietilpst piederumi, kas nepiecie\u0161ami \u016bdensp\u012bpes sagatavo\u0161anai un apkopei. Komplekts: \u012asa suka \u016bdensp\u012bpes k\u0101tam Gar\u0101 birste \u016bdensp\u012bpes k\u0101tam Ota \u016bdensp\u012bpes kolbai Knaibles ogl\u0113m Dak\u0161a \u016bdensp\u012bpes mais\u012bjumam Folija caurumot\u0101js Sp\u0113\u013cu k\u0101rtis Gad\u012bjums Vai jums ir k\u0101di jaut\u0101jumi? Sazinieties ar mums, izmantojot m\u016bsu kontaktinform\u0101ciju [\u2026]<\/p>","protected":false},"featured_media":35022,"comment_status":"open","ping_status":"closed","template":"","meta":[],"_links":{"self":[{"href":"https:\/\/hookahshop.lt\/lv\/wp-json\/wp\/v2\/product\/35020"}],"collection":[{"href":"https:\/\/hookahshop.lt\/lv\/wp-json\/wp\/v2\/product"}],"about":[{"href":"https:\/\/hookahshop.lt\/lv\/wp-json\/wp\/v2\/types\/product"}],"replies":[{"embeddable":true,"href":"https:\/\/hookahshop.lt\/lv\/wp-json\/wp\/v2\/comments?post=35020"}],"version-history":[{"count":4,"href":"https:\/\/hookahshop.lt\/lv\/wp-json\/wp\/v2\/product\/35020\/revisions"}],"predecessor-version":[{"id":35868,"href":"https:\/\/hookahshop.lt\/lv\/wp-json\/wp\/v2\/product\/35020\/revisions\/35868"}],"wp:featuredmedia":[{"embeddable":true,"href":"https:\/\/hookahshop.lt\/lv\/wp-json\/wp\/v2\/media\/35022"}],"wp:attachment":[{"href":"https:\/\/hookahshop.lt\/lv\/wp-json\/wp\/v2\/media?parent=35020"}],"curies":[{"name":"wp","href":"https:\/\/api.w.org\/{rel}","templated":true}]}}