{"id":35184,"date":"2023-01-14T15:31:21","date_gmt":"2023-01-14T13:31:21","guid":{"rendered":"https:\/\/hookahshop.lt\/?post_type=product&#038;p=35184"},"modified":"2026-04-15T12:29:34","modified_gmt":"2026-04-15T09:29:34","slug":"kaljanas-izzy-carbon-gold","status":"publish","type":"product","link":"https:\/\/hookahshop.lt\/lv\/produkt\/udenspipe-izzy-carbon-zelts\/","title":{"rendered":"\u016adensp\u012bpe IZZY Carbon Gold"},"content":{"rendered":"<h2>\u016adensp\u012bpe IZZY Carbon Gold<\/h2>\n<p>Izpeln\u012bj\u0101s savus favor\u012btus \u010cehijas tirg\u016b. Visa \u016bdensp\u012bpes k\u0101ta ir izgatavota no V2A ner\u016bs\u0113jo\u0161\u0101 t\u0113rauda, un tai ir augstas kvalit\u0101tes un \u013coti iztur\u012bga plastmasas oglek\u013ca \u0161\u0137iedras dizaina no\u0146emama apdare. \u0160\u013c\u016btenes savienojums tiek veikts ar bl\u012bvgredzenu sist\u0113mu, kas paredz\u0113ta dro\u0161ai piestiprin\u0101\u0161anai. Tam ir \u013coti viegli no\u0146emams difuzors, ar kuru var main\u012bt \u016bdensp\u012bpes vilkmi.<\/p>\n<p><strong>Specifik\u0101cija:<\/strong><br \/>\nAugstums: 48 cm<br \/>\nKr\u0101sa: zelta<br \/>\nMateri\u0101li: ner\u016bs\u0113jo\u0161ais t\u0113rauds, augstas kvalit\u0101tes plastmasa<\/p>\n<p><strong>Apr\u012bkojums:<\/strong><br \/>\n\u016adensp\u012bpes v\u0101rpsta, difuzors, pl\u0101ksne, iemuts, starplikas<\/p>\n<p>Vai jums ir k\u0101di jaut\u0101jumi? Sazinies ar mums\u00a0<a href=\"https:\/\/hookahshop.lt\/lv\/kontaktiem\/\">kontaktu lapa<\/a>\u00a0vai rakstiet mums pa e-pastu\u00a0<a href=\"https:\/\/facebook.com\/HookahShop.lt\/\" target=\"_blank\" rel=\"noopener\">Facebook konts<\/a>\u00a0un m\u0113s atbild\u0113sim uz j\u016bsu piepras\u012bjumu taj\u0101 pa\u0161\u0101 dien\u0101<\/p>","protected":false},"excerpt":{"rendered":"<p>\u016adensp\u012bpe IZZY Carbon Gold ir iemantojusi savu favor\u012btu \u010cehijas tirg\u016b. Visa \u016bdensp\u012bpes k\u0101ta da\u013ca ir izgatavota no V2A ner\u016bs\u0113jo\u0161\u0101 t\u0113rauda, un tai ir no\u0146emama augstas kvalit\u0101tes un \u013coti iztur\u012bgas plastmasas oglek\u013ca \u0161\u0137iedras apdare. \u0160\u013c\u016btenes savienojums ir izgatavots ar o-veida gredzenu sist\u0113mu, kas paredz\u0113ta dro\u0161ai piestiprin\u0101\u0161anai. Tai ir \u013coti viegli no\u0146emams difuzors, ar kuru var main\u012bt \u016bdensp\u012bpes gaisa pl\u016bsmu. Specifik\u0101cija: Augstums: 48 cm [\u2026]<\/p>","protected":false},"featured_media":35185,"comment_status":"open","ping_status":"closed","template":"","meta":[],"_links":{"self":[{"href":"https:\/\/hookahshop.lt\/lv\/wp-json\/wp\/v2\/product\/35184"}],"collection":[{"href":"https:\/\/hookahshop.lt\/lv\/wp-json\/wp\/v2\/product"}],"about":[{"href":"https:\/\/hookahshop.lt\/lv\/wp-json\/wp\/v2\/types\/product"}],"replies":[{"embeddable":true,"href":"https:\/\/hookahshop.lt\/lv\/wp-json\/wp\/v2\/comments?post=35184"}],"version-history":[{"count":5,"href":"https:\/\/hookahshop.lt\/lv\/wp-json\/wp\/v2\/product\/35184\/revisions"}],"predecessor-version":[{"id":35242,"href":"https:\/\/hookahshop.lt\/lv\/wp-json\/wp\/v2\/product\/35184\/revisions\/35242"}],"wp:featuredmedia":[{"embeddable":true,"href":"https:\/\/hookahshop.lt\/lv\/wp-json\/wp\/v2\/media\/35185"}],"wp:attachment":[{"href":"https:\/\/hookahshop.lt\/lv\/wp-json\/wp\/v2\/media?parent=35184"}],"curies":[{"name":"wp","href":"https:\/\/api.w.org\/{rel}","templated":true}]}}