{"id":35195,"date":"2023-01-14T15:41:52","date_gmt":"2023-01-14T13:41:52","guid":{"rendered":"https:\/\/hookahshop.lt\/?post_type=product&#038;p=35195"},"modified":"2026-04-14T23:29:35","modified_gmt":"2026-04-14T20:29:35","slug":"taurele-kaljanui-werkbund-gelato-killer","status":"publish","type":"product","link":"https:\/\/hookahshop.lt\/lv\/produkt\/glass-hookah-werkbund-gelato-killer\/","title":{"rendered":"\u016adensp\u012bpes kauss WERKBUND Gelato Killer"},"content":{"rendered":"<h2>\u016adensp\u012bpes kauss WERKBUND Gelato Killer<\/h2>\n<p>Izgatavots sald\u0113juma formas dizain\u0101, izgatavots no augstas kvalit\u0101tes m\u0101la ar glaz\u0113tu virsu. \u0160\u012b b\u013coda lieliski sader ar jebkura z\u012bmola \u016bdensp\u012bpes produktiem un ir lieliski piem\u0113rota atsevi\u0161\u0137\u0101m sesij\u0101m. \u0160\u012b kr\u016bze labi saglab\u0101 siltumu, padarot to ide\u0101li piem\u0113rotu ilg\u0101m sesij\u0101m. Kr\u016bz\u012bte ir lieliski piem\u0113rota sm\u0113\u0137\u0113\u0161anai neliel\u0101 komp\u0101nij\u0101 l\u012bdz 4 cilv\u0113kiem. Kr\u016bz\u012btei pievieno starpliku.<br \/>\n\u016adensp\u012bpes mais\u012bjuma ietilp\u012bba: 15-20 g.<\/p>\n<p><strong>Specifik\u0101cijas:<\/strong><br \/>\nTips: Killer<br \/>\nAugstums: 8,5 cm<br \/>\nDiametrs (\u0101r\u0113jais): 7,3 cm<br \/>\nDiametrs (iek\u0161\u0113jais): 6,2 cm<br \/>\nUrbumu skaits: 5<br \/>\nSvars: ~ 185 g.<\/p>\n<p><strong>\u00a0<\/strong>Vai jums ir k\u0101di jaut\u0101jumi? Sazinies ar mums\u00a0<a href=\"https:\/\/hookahshop.lt\/lv\/kontaktiem\/\">kontaktu lapa<\/a>\u00a0vai rakstiet mums pa e-pastu\u00a0<a href=\"https:\/\/facebook.com\/HookahShop.lt\/\" target=\"_blank\" rel=\"noopener\">Facebook konts<\/a>\u00a0un m\u0113s atbild\u0113sim uz j\u016bsu piepras\u012bjumu taj\u0101 pa\u0161\u0101 dien\u0101<\/p>","protected":false},"excerpt":{"rendered":"<p>\u016adensp\u012bpes kauss WERKBUND Gelato Killer Izgatavots no sald\u0113juma formas dizaina, izgatavots no augstas kvalit\u0101tes m\u0101la ar glaz\u0113tu virsu. \u0160\u012b b\u013coda lieliski sader ar jebkura z\u012bmola \u016bdensp\u012bpes produktiem un ir lieliski piem\u0113rota atsevi\u0161\u0137\u0101m sesij\u0101m. \u0160\u012b kr\u016bze labi saglab\u0101 siltumu, padarot to ide\u0101li piem\u0113rotu ilg\u0101m sesij\u0101m. Kr\u016bz\u012bte ir lieliski piem\u0113rota sm\u0113\u0137\u0113\u0161anai neliel\u0101 komp\u0101nij\u0101 l\u012bdz 4 cilv\u0113kiem. Kr\u016bz\u012btei pievieno starpliku. [\u2026]<\/p>","protected":false},"featured_media":35196,"comment_status":"open","ping_status":"closed","template":"","meta":[],"_links":{"self":[{"href":"https:\/\/hookahshop.lt\/lv\/wp-json\/wp\/v2\/product\/35195"}],"collection":[{"href":"https:\/\/hookahshop.lt\/lv\/wp-json\/wp\/v2\/product"}],"about":[{"href":"https:\/\/hookahshop.lt\/lv\/wp-json\/wp\/v2\/types\/product"}],"replies":[{"embeddable":true,"href":"https:\/\/hookahshop.lt\/lv\/wp-json\/wp\/v2\/comments?post=35195"}],"version-history":[{"count":3,"href":"https:\/\/hookahshop.lt\/lv\/wp-json\/wp\/v2\/product\/35195\/revisions"}],"predecessor-version":[{"id":35276,"href":"https:\/\/hookahshop.lt\/lv\/wp-json\/wp\/v2\/product\/35195\/revisions\/35276"}],"wp:featuredmedia":[{"embeddable":true,"href":"https:\/\/hookahshop.lt\/lv\/wp-json\/wp\/v2\/media\/35196"}],"wp:attachment":[{"href":"https:\/\/hookahshop.lt\/lv\/wp-json\/wp\/v2\/media?parent=35195"}],"curies":[{"name":"wp","href":"https:\/\/api.w.org\/{rel}","templated":true}]}}