{"id":35200,"date":"2023-01-14T15:45:34","date_gmt":"2023-01-14T13:45:34","guid":{"rendered":"https:\/\/hookahshop.lt\/?post_type=product&#038;p=35200"},"modified":"2026-04-14T23:29:35","modified_gmt":"2026-04-14T20:29:35","slug":"magnetas-blade-kaljanui","status":"publish","type":"product","link":"https:\/\/hookahshop.lt\/lv\/produkt\/magnets-asmens-udenspipei\/","title":{"rendered":"Magn\u0113ts \u016bdensp\u012bpei BLADE"},"content":{"rendered":"<h2>Magn\u0113ts \u016bdensp\u012bpei BLADE<\/h2>\n<p>Rezerves magn\u0113ts \u016bdensp\u012bpei &quot;Blade Hookah&quot;. Magn\u0113ts ir novietots uz \u0161\u013c\u016btenes savienojuma.<\/p>\n<p><strong>Specifik\u0101cijas:<\/strong><br \/>\n\u0100r\u0113jais diametrs: 14 mm<sub><br \/>\n<\/sub>Svars: ~ 10 g.<\/p>\n<p>Vai jums ir k\u0101di jaut\u0101jumi? Sazinies ar mums\u00a0<a href=\"https:\/\/hookahshop.lt\/lv\/kontaktiem\/\">kontaktu lapa<\/a>\u00a0vai rakstiet mums pa e-pastu\u00a0<a href=\"https:\/\/facebook.com\/HookahShop.lt\/\" target=\"_blank\" rel=\"noopener\">Facebook konts<\/a>\u00a0un m\u0113s atbild\u0113sim uz j\u016bsu piepras\u012bjumu taj\u0101 pa\u0161\u0101 dien\u0101<\/p>","protected":false},"excerpt":{"rendered":"<p>Magn\u0113ts \u016bdensp\u012bpei BLADE Main\u0101ms magn\u0113ts \u016bdensp\u012bpei &quot;Blade Hookah&quot;. Magn\u0113ts ir novietots uz \u0161\u013c\u016btenes savienojuma. Specifik\u0101cijas: \u0100r\u0113jais diametrs: 14 mm Svars: ~ 10 g. Vai jums ir k\u0101di jaut\u0101jumi? Sazinieties ar mums kontaktu lap\u0101 vai rakstiet mums uz m\u016bsu Facebook kontu un m\u0113s atbild\u0113sim uz j\u016bsu piepras\u012bjumu taj\u0101 pa\u0161\u0101 dien\u0101<\/p>","protected":false},"featured_media":35201,"comment_status":"open","ping_status":"closed","template":"","meta":[],"_links":{"self":[{"href":"https:\/\/hookahshop.lt\/lv\/wp-json\/wp\/v2\/product\/35200"}],"collection":[{"href":"https:\/\/hookahshop.lt\/lv\/wp-json\/wp\/v2\/product"}],"about":[{"href":"https:\/\/hookahshop.lt\/lv\/wp-json\/wp\/v2\/types\/product"}],"replies":[{"embeddable":true,"href":"https:\/\/hookahshop.lt\/lv\/wp-json\/wp\/v2\/comments?post=35200"}],"version-history":[{"count":3,"href":"https:\/\/hookahshop.lt\/lv\/wp-json\/wp\/v2\/product\/35200\/revisions"}],"predecessor-version":[{"id":35245,"href":"https:\/\/hookahshop.lt\/lv\/wp-json\/wp\/v2\/product\/35200\/revisions\/35245"}],"wp:featuredmedia":[{"embeddable":true,"href":"https:\/\/hookahshop.lt\/lv\/wp-json\/wp\/v2\/media\/35201"}],"wp:attachment":[{"href":"https:\/\/hookahshop.lt\/lv\/wp-json\/wp\/v2\/media?parent=35200"}],"curies":[{"name":"wp","href":"https:\/\/api.w.org\/{rel}","templated":true}]}}