{"id":35204,"date":"2023-01-14T15:50:02","date_gmt":"2023-01-14T13:50:02","guid":{"rendered":"https:\/\/hookahshop.lt\/?post_type=product&#038;p=35204"},"modified":"2026-04-15T23:29:29","modified_gmt":"2026-04-15T20:29:29","slug":"zarna-silikonine-ao-black","status":"publish","type":"product","link":"https:\/\/hookahshop.lt\/lv\/produkt\/slutene-silikona-ao-melna\/","title":{"rendered":"Silikona \u0161\u013c\u016btene AO Black"},"content":{"rendered":"<h2>Silikona \u0161\u013c\u016btene AO Black<\/h2>\n<p>Izgatavots no medic\u012bnisk\u0101 silikona ar antistatisku p\u0101rkl\u0101jumu &quot;Soft-Touch&quot; un tam nav sve\u0161as smakas. Pateicoties \u0161\u012bm \u012bpa\u0161\u012bb\u0101m, \u0161\u013c\u016btene paliek elast\u012bga.<\/p>\n<p><strong>Specifik\u0101cijas:<\/strong><sub><br \/>\n<\/sub>Garums: ~ 150 cm<sub><br \/>\n<\/sub>\u0100r\u0113jais diametrs: 18 mm<sub><br \/>\n<\/sub>Iek\u0161\u0113jais diametrs: 10 mm<sub><br \/>\n<\/sub>P\u0101rkl\u0101jums: m\u012bksts, m\u012bksts piesk\u0101riens<sub><br \/>\n<\/sub>Svars: ~ 150 g.<\/p>\n<p>Vai jums ir k\u0101di jaut\u0101jumi? Sazinies ar mums\u00a0<a href=\"https:\/\/hookahshop.lt\/lv\/kontaktiem\/\">kontaktu lapa<\/a>\u00a0vai rakstiet mums pa e-pastu\u00a0<a href=\"https:\/\/facebook.com\/HookahShop.lt\/\" target=\"_blank\" rel=\"noopener\">Facebook konts<\/a>\u00a0un m\u0113s atbild\u0113sim uz j\u016bsu piepras\u012bjumu taj\u0101 pa\u0161\u0101 dien\u0101<\/p>","protected":false},"excerpt":{"rendered":"<p>Silikona \u0161\u013c\u016btene AO\u00a0Black Izgatavota no medic\u012bnisk\u0101 silikona ar antistatisku p\u0101rkl\u0101jumu &quot;Soft-Touch&quot; un tai nav sve\u0161as smakas. Pateicoties \u0161\u012bm \u012bpa\u0161\u012bb\u0101m, \u0161\u013c\u016btene paliek elast\u012bga. Specifik\u0101cijas: Garums: ~ 150 cm \u0100r\u0113jais diametrs: 18 mm Iek\u0161\u0113jais diametrs: 10 mm V\u0101ks: m\u012bksts m\u012bksts piesk\u0101riens Svars: ~ 150 g. Vai jums ir k\u0101di jaut\u0101jumi? Sazinieties ar mums kontaktu lap\u0101 vai rakstiet mums uz m\u016bsu Facebook kontu un m\u0113s atbild\u0113sim [\u2026]<\/p>","protected":false},"featured_media":35205,"comment_status":"open","ping_status":"closed","template":"","meta":[],"_links":{"self":[{"href":"https:\/\/hookahshop.lt\/lv\/wp-json\/wp\/v2\/product\/35204"}],"collection":[{"href":"https:\/\/hookahshop.lt\/lv\/wp-json\/wp\/v2\/product"}],"about":[{"href":"https:\/\/hookahshop.lt\/lv\/wp-json\/wp\/v2\/types\/product"}],"replies":[{"embeddable":true,"href":"https:\/\/hookahshop.lt\/lv\/wp-json\/wp\/v2\/comments?post=35204"}],"version-history":[{"count":4,"href":"https:\/\/hookahshop.lt\/lv\/wp-json\/wp\/v2\/product\/35204\/revisions"}],"predecessor-version":[{"id":35244,"href":"https:\/\/hookahshop.lt\/lv\/wp-json\/wp\/v2\/product\/35204\/revisions\/35244"}],"wp:featuredmedia":[{"embeddable":true,"href":"https:\/\/hookahshop.lt\/lv\/wp-json\/wp\/v2\/media\/35205"}],"wp:attachment":[{"href":"https:\/\/hookahshop.lt\/lv\/wp-json\/wp\/v2\/media?parent=35204"}],"curies":[{"name":"wp","href":"https:\/\/api.w.org\/{rel}","templated":true}]}}