{"id":35210,"date":"2023-01-14T15:59:51","date_gmt":"2023-01-14T13:59:51","guid":{"rendered":"https:\/\/hookahshop.lt\/?post_type=product&#038;p=35210"},"modified":"2026-04-15T23:29:29","modified_gmt":"2026-04-15T20:29:29","slug":"znyples-kaljano-anglims-embery-long-envy","status":"publish","type":"product","link":"https:\/\/hookahshop.lt\/lv\/produkt\/udenspipe-ogle-udenspipe-embery-long-skaudiba\/","title":{"rendered":"Knaibles \u016bdensp\u012bpes ogl\u0113m EMBERY Long Envy"},"content":{"rendered":"<h2>Knaibles \u016bdensp\u012bpes ogl\u0113m EMBERY Long Envy<\/h2>\n<p>Izcila izskata knaibles. \u0160\u012bs knaibles ir \u013coti \u0113rtas p\u0113c izm\u0113ra un neliecas, kad t\u0101s tiek lietotas. Izgatavots, izmantojot augstas kvalit\u0101tes materi\u0101lus.<\/p>\n<p><strong>Specifik\u0101cija:<\/strong><br \/>\nMateri\u0101ls: ner\u016bs\u0113jo\u0161ais t\u0113rauds<br \/>\nSvars: ~ 60 g.<br \/>\nGarums: ~ 30 cm<br \/>\nKr\u0101sa melna<br \/>\nIzcelsmes valsts: Ukraina<\/p>\n<p>Vai jums ir k\u0101di jaut\u0101jumi? Sazinies ar mums\u00a0<a href=\"https:\/\/hookahshop.lt\/lv\/kontaktiem\/\">kontaktu lapa<\/a>\u00a0vai rakstiet mums pa e-pastu\u00a0<a href=\"https:\/\/facebook.com\/HookahShop.lt\/\" target=\"_blank\" rel=\"noopener\">Facebook konts<\/a>\u00a0un m\u0113s atbild\u0113sim uz j\u016bsu piepras\u012bjumu taj\u0101 pa\u0161\u0101 dien\u0101<\/p>","protected":false},"excerpt":{"rendered":"<p>Knaibles \u016bdensp\u012bpes ogl\u0113m EMBERY Long Envy Knaibles ar unik\u0101lu izskatu. \u0160\u012bs knaibles ir \u013coti \u0113rta izm\u0113ra un nesabr\u016bk lieto\u0161anas laik\u0101. Izgatavots, izmantojot augstas kvalit\u0101tes materi\u0101lus. Specifik\u0101cija: Materi\u0101ls: ner\u016bs\u0113jo\u0161ais t\u0113rauds Svars: ~ 60 g. Garums: ~ 30 cm Kr\u0101sa: melna Izcelsmes valsts: Ukraina Vai jums ir k\u0101di jaut\u0101jumi? Sazinieties ar mums kontaktu lap\u0101 vai rakstiet mums uz m\u016bsu Facebook kontu, un m\u0113s atbild\u0113sim uz j\u016bsu piepras\u012bjumu [\u2026]<\/p>","protected":false},"featured_media":35212,"comment_status":"open","ping_status":"closed","template":"","meta":[],"_links":{"self":[{"href":"https:\/\/hookahshop.lt\/lv\/wp-json\/wp\/v2\/product\/35210"}],"collection":[{"href":"https:\/\/hookahshop.lt\/lv\/wp-json\/wp\/v2\/product"}],"about":[{"href":"https:\/\/hookahshop.lt\/lv\/wp-json\/wp\/v2\/types\/product"}],"replies":[{"embeddable":true,"href":"https:\/\/hookahshop.lt\/lv\/wp-json\/wp\/v2\/comments?post=35210"}],"version-history":[{"count":2,"href":"https:\/\/hookahshop.lt\/lv\/wp-json\/wp\/v2\/product\/35210\/revisions"}],"predecessor-version":[{"id":35237,"href":"https:\/\/hookahshop.lt\/lv\/wp-json\/wp\/v2\/product\/35210\/revisions\/35237"}],"wp:featuredmedia":[{"embeddable":true,"href":"https:\/\/hookahshop.lt\/lv\/wp-json\/wp\/v2\/media\/35212"}],"wp:attachment":[{"href":"https:\/\/hookahshop.lt\/lv\/wp-json\/wp\/v2\/media?parent=35210"}],"curies":[{"name":"wp","href":"https:\/\/api.w.org\/{rel}","templated":true}]}}