{"id":35388,"date":"2023-02-08T16:11:22","date_gmt":"2023-02-08T14:11:22","guid":{"rendered":"https:\/\/hookahshop.lt\/?post_type=product&#038;p=35388"},"modified":"2026-04-16T10:21:34","modified_gmt":"2026-04-16T07:21:34","slug":"kaljanas-sky-totem-hookah-tube-white","status":"publish","type":"product","link":"https:\/\/hookahshop.lt\/lv\/produkt\/udenspipe-debess-totem-udenspipe-caurule-balts\/","title":{"rendered":"\u016adensp\u012bpes Sky-Totem \u016adensp\u012bpes caurule, balta"},"content":{"rendered":"<h2>\u016adensp\u012bpes Sky-Totem \u016adensp\u012bpes caurule, balta<\/h2>\n<p>\u0160\u012b ir Ukrainas komp\u0101nijas &quot;Totem Hookah&quot; un &quot;Sky Hookah&quot; ner\u016bs\u0113jo\u0161\u0101 t\u0113rauda \u016bdensp\u012bpju s\u0113rija ar koka ieliktni. Pamatojoties uz ra\u017eo\u0161anas kvalit\u0101ti un visu izstr\u0101d\u0101juma da\u013cu apstr\u0101di, Totem Hokah \u016bdensp\u012bpi var dro\u0161i klasific\u0113t k\u0101 augst\u0101k\u0101s klases segmentu par \u013coti pie\u0146emamu cenu. Labi izstr\u0101d\u0101ta un uzkl\u0101ta koka apdare ir pat\u012bkama ac\u012bm un atst\u0101j lielisku saj\u016btu iespaidu. \u0160\u013c\u016btenes savienojums ir savienots ar \u016bdensp\u012bpes k\u0101tu, kas \u013cauj \u0113rti un dro\u0161i lietot, nezaud\u0113jot visa produkta ekskluz\u012bvo izskatu. Poliacet\u0101la ieliktnis garant\u0113 vieglu un \u0101tru \u016bdensp\u012bpes aizsardz\u012bbu. Un, protams, nevar ignor\u0113t iespaid\u012bgo z\u012bmola iepakojumu, kas tikai pasv\u012btros \u016bdensp\u012bpes \u012bpa\u0161nieka gar\u0161u.<\/p>\n<p><strong>Specifik\u0101cija:<\/strong><br \/>\nMateri\u0101ls: ner\u016bs\u0113jo\u0161ais t\u0113rauds, poliacet\u0101ls, koks.<br \/>\nAugstums: 55 cm<br \/>\nRa\u017eot\u0101js: Sky &amp; Totem Hookah<br \/>\nModelis: caurule<br \/>\nRa\u017eo\u0161anas valsts: Ukraina<br \/>\nKr\u0101sa: balta<\/p>\n<p><strong>Apr\u012bkojums:<\/strong><br \/>\n\u016adensp\u012bpes v\u0101rpsta, pl\u0101ksne, iemuti, \u0161\u013c\u016btene, \u0161\u013c\u016btenes atspere, starplikas, firmas iepakojums.<\/p>\n<p>Vai jums ir k\u0101di jaut\u0101jumi? Sazinies ar mums\u00a0<a href=\"https:\/\/hookahshop.lt\/lv\/kontaktiem\/\">kontaktu lapa<\/a>\u00a0vai rakstiet mums pa e-pastu\u00a0<a href=\"https:\/\/facebook.com\/HookahShop.lt\/\" target=\"_blank\" rel=\"noopener\">Facebook konts<\/a>\u00a0un m\u0113s atbild\u0113sim uz j\u016bsu piepras\u012bjumu taj\u0101 pa\u0161\u0101 dien\u0101.<\/p>\n<p>&nbsp;<\/p>","protected":false},"excerpt":{"rendered":"<p>Hookah Sky-Totem Hookah Tube White \u0160\u012b ir Ukrainas uz\u0146\u0113muma Totem Hookah un Sky Hookah ner\u016bs\u0113jo\u0161\u0101 t\u0113rauda \u016bdensp\u012bpju s\u0113rija ar koka ieliktni. Pamatojoties uz ra\u017eo\u0161anas kvalit\u0101ti un visu izstr\u0101d\u0101juma da\u013cu apstr\u0101di, Totem Hokah \u016bdensp\u012bpi var dro\u0161i klasific\u0113t k\u0101 augst\u0101k\u0101s klases segmentu par \u013coti pie\u0146emamu cenu. Labi izstr\u0101d\u0101ta un piel\u0101gota koka apdare ir pat\u012bkama ac\u012bm un atst\u0101j lielisku saj\u016btu [\u2026]<\/p>","protected":false},"featured_media":35390,"comment_status":"open","ping_status":"closed","template":"","meta":[],"_links":{"self":[{"href":"https:\/\/hookahshop.lt\/lv\/wp-json\/wp\/v2\/product\/35388"}],"collection":[{"href":"https:\/\/hookahshop.lt\/lv\/wp-json\/wp\/v2\/product"}],"about":[{"href":"https:\/\/hookahshop.lt\/lv\/wp-json\/wp\/v2\/types\/product"}],"replies":[{"embeddable":true,"href":"https:\/\/hookahshop.lt\/lv\/wp-json\/wp\/v2\/comments?post=35388"}],"version-history":[{"count":3,"href":"https:\/\/hookahshop.lt\/lv\/wp-json\/wp\/v2\/product\/35388\/revisions"}],"predecessor-version":[{"id":35416,"href":"https:\/\/hookahshop.lt\/lv\/wp-json\/wp\/v2\/product\/35388\/revisions\/35416"}],"wp:featuredmedia":[{"embeddable":true,"href":"https:\/\/hookahshop.lt\/lv\/wp-json\/wp\/v2\/media\/35390"}],"wp:attachment":[{"href":"https:\/\/hookahshop.lt\/lv\/wp-json\/wp\/v2\/media?parent=35388"}],"curies":[{"name":"wp","href":"https:\/\/api.w.org\/{rel}","templated":true}]}}