{"id":35397,"date":"2023-02-08T16:18:42","date_gmt":"2023-02-08T14:18:42","guid":{"rendered":"https:\/\/hookahshop.lt\/?post_type=product&#038;p=35397"},"modified":"2026-04-16T10:21:34","modified_gmt":"2026-04-16T07:21:34","slug":"kolba-kaljanui-vg-sphere-black-smoke","status":"publish","type":"product","link":"https:\/\/hookahshop.lt\/lv\/produkt\/kolba-for-udenspipe-vg-sfera-melni-dumi\/","title":{"rendered":"\u016adensp\u012bpes kolba VG Sphere Black Smoke"},"content":{"rendered":"<h2><strong>\u016adensp\u012bpes kolba VG Sphere Black Smoke<\/strong><\/h2>\n<p>Kolbai ir d\u016bmu efekts, un, pateicoties sp\u012bd\u012bgajai virsmai, tai ir v\u0113l \u0161iks un ekskluz\u012bv\u0101ks kr\u0101sas izskats. Piem\u0113rots gandr\u012bz vis\u0101m m\u016bsdienu \u016bdensp\u012bp\u0113m. Kolbas mali\u0146a pal\u012bdz\u0113s \u0113rti notur\u0113t \u016bdensp\u012bpi, lai t\u0101 neizsl\u012bd\u0113tu no rok\u0101m. \u0160\u012b kolba ir p\u0101rkl\u0101ta ar augstas kvalit\u0101tes kr\u0101su, kas laika gait\u0101 pal\u012bdz\u0113s saglab\u0101t kolbu k\u0101 jaunu pat p\u0113c daudz\u0101m lieto\u0161anas reiz\u0113m. Piem\u0113rots \u016bdensp\u012bp\u0113m ar univers\u0101lu bl\u012bvi. Kolba ir izgatavota ar rok\u0101m, un kakli\u0146a iek\u0161\u0113jais diametrs var at\u0161\u0137irties no deklar\u0113t\u0101 par 1-1,5 mm.<\/p>\n<p><strong>Specifik\u0101cija:<\/strong><br \/>\nAugstums: ~ 25,8 cm<br \/>\nSvars: ~ 1515 g<br \/>\n\u0100r\u0113j\u0101 cauruma diametrs: 7,3 cm<br \/>\nIek\u0161\u0113j\u0101 cauruma diametrs: 4,5 cm<br \/>\nMateri\u0101ls: stikls<\/p>\n<p>Vai jums ir k\u0101di jaut\u0101jumi? Sazinies ar mums\u00a0<a href=\"https:\/\/hookahshop.lt\/lv\/kontaktiem\/\">kontaktu lapa<\/a>\u00a0vai rakstiet mums pa e-pastu\u00a0<a href=\"https:\/\/facebook.com\/HookahShop.lt\/\" target=\"_blank\" rel=\"noopener\">Facebook konts<\/a>\u00a0un m\u0113s atbild\u0113sim uz j\u016bsu piepras\u012bjumu taj\u0101 pa\u0161\u0101 dien\u0101.<\/p>","protected":false},"excerpt":{"rendered":"<p>\u016adensp\u012bpes kolba VG Sphere Black Smoke Kolba ar d\u016bmakainu efektu, un, pateicoties sp\u012bd\u012bgajai virsmai, tai ir v\u0113l \u0161iks un ekskluz\u012bv\u0101ks kr\u0101sas izskats. Piem\u0113rots gandr\u012bz vis\u0101m m\u016bsdienu \u016bdensp\u012bp\u0113m. Kolbas mali\u0146a pal\u012bdz\u0113s \u0113rti notur\u0113t \u016bdensp\u012bpi, lai t\u0101 neizsl\u012bd\u0113tu no rok\u0101m. \u0160\u012b kolba ir p\u0101rkl\u0101ta ar augstas kvalit\u0101tes kr\u0101su, kas pal\u012bdz\u0113s saglab\u0101t kolbu t\u0101du, k\u0101da t\u0101 bija [\u2026]<\/p>","protected":false},"featured_media":38001,"comment_status":"open","ping_status":"closed","template":"","meta":[],"_links":{"self":[{"href":"https:\/\/hookahshop.lt\/lv\/wp-json\/wp\/v2\/product\/35397"}],"collection":[{"href":"https:\/\/hookahshop.lt\/lv\/wp-json\/wp\/v2\/product"}],"about":[{"href":"https:\/\/hookahshop.lt\/lv\/wp-json\/wp\/v2\/types\/product"}],"replies":[{"embeddable":true,"href":"https:\/\/hookahshop.lt\/lv\/wp-json\/wp\/v2\/comments?post=35397"}],"version-history":[{"count":5,"href":"https:\/\/hookahshop.lt\/lv\/wp-json\/wp\/v2\/product\/35397\/revisions"}],"predecessor-version":[{"id":45039,"href":"https:\/\/hookahshop.lt\/lv\/wp-json\/wp\/v2\/product\/35397\/revisions\/45039"}],"wp:featuredmedia":[{"embeddable":true,"href":"https:\/\/hookahshop.lt\/lv\/wp-json\/wp\/v2\/media\/38001"}],"wp:attachment":[{"href":"https:\/\/hookahshop.lt\/lv\/wp-json\/wp\/v2\/media?parent=35397"}],"curies":[{"name":"wp","href":"https:\/\/api.w.org\/{rel}","templated":true}]}}