{"id":35404,"date":"2023-02-08T16:23:21","date_gmt":"2023-02-08T14:23:21","guid":{"rendered":"https:\/\/hookahshop.lt\/?post_type=product&#038;p=35404"},"modified":"2026-04-17T23:29:52","modified_gmt":"2026-04-17T20:29:52","slug":"gaubtas-taureles-kaitinimui-star-silver","status":"publish","type":"product","link":"https:\/\/hookahshop.lt\/lv\/produkt\/nosucejs-glazes-sildisanai-zvaigzne-sudrabs\/","title":{"rendered":"Kapuce kr\u016bz\u012b\u0161u sild\u012b\u0161anai Star Silver"},"content":{"rendered":"<h2><strong>Kapuce kr\u016bz\u012b\u0161u sild\u012b\u0161anai Star Silver<\/strong><\/h2>\n<p>Klasisks v\u0113ja nos\u016bc\u0113js \u0101ra k\u016bpin\u0101\u0161anai, lai aizsarg\u0101tu kokosogles no v\u0113ja, vai k\u016bpin\u0101\u0161anai iek\u0161telp\u0101s, lai labi uzsild\u012btu kr\u016bz\u012bti.<\/p>\n<p><strong>Specifik\u0101cija:<\/strong><br \/>\nAugstums: ~ 27,94 cm<br \/>\nDiametrs: ~ 8,89 cm<br \/>\nMateri\u0101ls: met\u0101ls<\/p>\n<p>Vai jums ir k\u0101di jaut\u0101jumi? Sazinies ar mums\u00a0<a href=\"https:\/\/hookahshop.lt\/lv\/kontaktiem\/\">kontaktu lapa<\/a>\u00a0vai rakstiet mums pa e-pastu\u00a0<a href=\"https:\/\/facebook.com\/HookahShop.lt\/\" target=\"_blank\" rel=\"noopener\">Facebook konts<\/a>\u00a0un m\u0113s atbild\u0113sim uz j\u016bsu piepras\u012bjumu taj\u0101 pa\u0161\u0101 dien\u0101.<\/p>","protected":false},"excerpt":{"rendered":"<p>Cup Warmer Hood Star Silver Klasisks v\u0113ja nos\u016bc\u0113js \u0101ra k\u016bpin\u0101\u0161anai, lai aizsarg\u0101tu kokosogles no v\u0113ja, vai k\u016bpin\u0101\u0161anai iek\u0161telp\u0101s, lai labi uzsild\u012btu kr\u016bzi. Specifik\u0101cija: Augstums: ~ 27,94 cm Diametrs: ~ 8,89 cm Materi\u0101ls: Met\u0101ls Jaut\u0101jumi? Sazinieties ar mums kontaktu lap\u0101 vai rakstiet mums uz m\u016bsu Facebook kontu un m\u0113s atbild\u0113sim uz j\u016bsu piepras\u012bjumu taj\u0101 pa\u0161\u0101 dien\u0101.<\/p>","protected":false},"featured_media":35405,"comment_status":"open","ping_status":"closed","template":"","meta":[],"_links":{"self":[{"href":"https:\/\/hookahshop.lt\/lv\/wp-json\/wp\/v2\/product\/35404"}],"collection":[{"href":"https:\/\/hookahshop.lt\/lv\/wp-json\/wp\/v2\/product"}],"about":[{"href":"https:\/\/hookahshop.lt\/lv\/wp-json\/wp\/v2\/types\/product"}],"replies":[{"embeddable":true,"href":"https:\/\/hookahshop.lt\/lv\/wp-json\/wp\/v2\/comments?post=35404"}],"version-history":[{"count":3,"href":"https:\/\/hookahshop.lt\/lv\/wp-json\/wp\/v2\/product\/35404\/revisions"}],"predecessor-version":[{"id":35647,"href":"https:\/\/hookahshop.lt\/lv\/wp-json\/wp\/v2\/product\/35404\/revisions\/35647"}],"wp:featuredmedia":[{"embeddable":true,"href":"https:\/\/hookahshop.lt\/lv\/wp-json\/wp\/v2\/media\/35405"}],"wp:attachment":[{"href":"https:\/\/hookahshop.lt\/lv\/wp-json\/wp\/v2\/media?parent=35404"}],"curies":[{"name":"wp","href":"https:\/\/api.w.org\/{rel}","templated":true}]}}