{"id":35556,"date":"2023-02-28T17:32:12","date_gmt":"2023-02-28T15:32:12","guid":{"rendered":"https:\/\/hookahshop.lt\/?post_type=product&#038;p=35556"},"modified":"2026-04-21T23:30:14","modified_gmt":"2026-04-21T20:30:14","slug":"kaljano-plastikinis-praputimo-voztuvas","status":"publish","type":"product","link":"https:\/\/hookahshop.lt\/lv\/produkt\/udenspipe-plastmasa-skalosanas-varsts-8mm-5gab\/","title":{"rendered":"\u016adensp\u012bpes plastmasas att\u012br\u012b\u0161anas v\u0101rsts 8mm 5gab"},"content":{"rendered":"<h2>\u016adensp\u012bpes plastmasas att\u012br\u012b\u0161anas v\u0101rsts 8 mm 5 gab<\/h2>\n<p>\u0160\u012b ir bumbi\u0146a, ar kuras pal\u012bdz\u012bbu m\u0113s varam kontrol\u0113t d\u016bmu daudzumu \u016bdensp\u012bpes kolb\u0101, izmantojot \u016bdensp\u012bpi. Pavelkot, bumbi\u0146a aizver p\u016b\u0161anas atveri, izp\u016b\u0161ot d\u016bmus no kolbas \u2013 atver to.<\/p>\n<p><strong>Specifik\u0101cijas:<\/strong><br \/>\nDiametrs: 8 mm<br \/>\nSvars: 0,1 g<br \/>\nDaudzums: 5 gab.<\/p>\n<p><strong>Preces iepakojums var at\u0161\u0137irties no fotoatt\u0113l\u0101 redzam\u0101 iepakojuma.<\/strong><\/p>\n<p>Vai jums ir k\u0101di jaut\u0101jumi? Sazinies ar mums\u00a0<a href=\"https:\/\/hookahshop.lt\/lv\/kontaktiem\/\">kontaktu lapa<\/a>\u00a0vai rakstiet mums pa e-pastu\u00a0<a href=\"https:\/\/facebook.com\/HookahShop.lt\/\" target=\"_blank\" rel=\"noopener noreferrer\">Facebook konts<\/a>\u00a0un m\u0113s atbild\u0113sim uz j\u016bsu piepras\u012bjumu taj\u0101 pa\u0161\u0101 dien\u0101.<\/p>","protected":false},"excerpt":{"rendered":"<p>\u016adensp\u012bpes plastmasas att\u012br\u012b\u0161anas v\u0101rsts 8 mm 5 gab. \u0160\u012b ir bumba, ar kuras pal\u012bdz\u012bbu m\u0113s varam kontrol\u0113t d\u016bmu daudzumu \u016bdensp\u012bpes kolb\u0101. Pavelkot, bumba aizver p\u016b\u0161anas atveri, izp\u016b\u0161ot d\u016bmus no kolbas \u2013 atver to. Specifik\u0101cijas: Diametrs: 8 mm Svars: 0,1 g Daudzums: 5 gab. Preces iepakojums var at\u0161\u0137irties no fotoatt\u0113l\u0101 redzam\u0101 iepakojuma. Vai jums ir k\u0101di jaut\u0101jumi? Sazinieties ar mums kontaktu lap\u0101 vai rakstiet [\u2026]<\/p>","protected":false},"featured_media":35572,"comment_status":"open","ping_status":"closed","template":"","meta":[],"_links":{"self":[{"href":"https:\/\/hookahshop.lt\/lv\/wp-json\/wp\/v2\/product\/35556"}],"collection":[{"href":"https:\/\/hookahshop.lt\/lv\/wp-json\/wp\/v2\/product"}],"about":[{"href":"https:\/\/hookahshop.lt\/lv\/wp-json\/wp\/v2\/types\/product"}],"replies":[{"embeddable":true,"href":"https:\/\/hookahshop.lt\/lv\/wp-json\/wp\/v2\/comments?post=35556"}],"version-history":[{"count":6,"href":"https:\/\/hookahshop.lt\/lv\/wp-json\/wp\/v2\/product\/35556\/revisions"}],"predecessor-version":[{"id":35919,"href":"https:\/\/hookahshop.lt\/lv\/wp-json\/wp\/v2\/product\/35556\/revisions\/35919"}],"wp:featuredmedia":[{"embeddable":true,"href":"https:\/\/hookahshop.lt\/lv\/wp-json\/wp\/v2\/media\/35572"}],"wp:attachment":[{"href":"https:\/\/hookahshop.lt\/lv\/wp-json\/wp\/v2\/media?parent=35556"}],"curies":[{"name":"wp","href":"https:\/\/api.w.org\/{rel}","templated":true}]}}