{"id":35897,"date":"2023-04-27T18:16:49","date_gmt":"2023-04-27T15:16:49","guid":{"rendered":"https:\/\/hookahshop.lt\/?post_type=product&#038;p=35897"},"modified":"2026-04-17T16:33:40","modified_gmt":"2026-04-17T13:33:40","slug":"taurele-kaljanui-alpha-race-classic-white-matte","status":"publish","type":"product","link":"https:\/\/hookahshop.lt\/lv\/produkt\/kauss-udenspipe-alfa-race-classic-white-matte\/","title":{"rendered":"Kauss \u016bdensp\u012bpei ALPHA Race Classic White Matte"},"content":{"rendered":"<h2>Kauss \u016bdensp\u012bpei ALPHA Race Classic White Matte<\/h2>\n<p>ALPHA HOOKAH, labi paz\u012bstams \u016bdensp\u012bpju un \u016bdensp\u012bpes piederumu ra\u017eot\u0101js, jaunas ar rok\u0101m darin\u0101tas kr\u016bz\u012btes ar silikona firmas ieliktni.<br \/>\nTabakas ietilp\u012bba: 15-20g. (atkar\u012bb\u0101 no izmantot\u0101s iepako\u0161anas metodes un tabakas veida).<\/p>\n<p><strong>Specifik\u0101cija:<\/strong><br \/>\nAugstums: 10 cm<br \/>\nDiametrs: ~75mm<br \/>\nCaurumu skaits: 5 gab<\/p>\n<p><strong>Raksturojums:<\/strong><br \/>\nTips: klasisks<br \/>\nMateri\u0101ls: v\u0101cu keramika, glaz\u016bra, silikons<\/p>\n<p>Vai jums ir k\u0101di jaut\u0101jumi? Sazinies ar mums\u00a0<a href=\"https:\/\/hookahshop.lt\/lv\/kontaktiem\/\">kontaktu lapa<\/a>\u00a0vai rakstiet mums pa e-pastu\u00a0<a href=\"https:\/\/facebook.com\/HookahShop.lt\/\" target=\"_blank\" rel=\"noopener\">Facebook konts<\/a>\u00a0un m\u0113s atbild\u0113sim uz j\u016bsu piepras\u012bjumu taj\u0101 pa\u0161\u0101 dien\u0101.<\/p>","protected":false},"excerpt":{"rendered":"<p>Kr\u016bz\u012bte \u016bdensp\u012bpei ALPHA Race Classic White Matte Jaunas ar rok\u0101m darin\u0101tas kr\u016bz\u012btes ar silikona firmas ieliktni no paz\u012bstam\u0101 \u016bdensp\u012bpju un \u016bdensp\u012bpes piederumu ra\u017eot\u0101ja ALPHA HOOKAH. Tabakas ietilp\u012bba: 15-20g. (atkar\u012bb\u0101 no izmantot\u0101s iepako\u0161anas metodes un tabakas veida). Specifik\u0101cija: Augstums: 10cm Diametrs: ~75mm Caurumu skaits: 5gab. Raksturojums: Tips: klasisks Materi\u0101ls: v\u0101cu keramika, glaz\u016bra, silikons Vai jums ir k\u0101di jaut\u0101jumi? Sazinieties ar mums, izmantojot m\u016bsu kontaktinform\u0101ciju [\u2026]<\/p>","protected":false},"featured_media":35901,"comment_status":"open","ping_status":"closed","template":"","meta":[],"_links":{"self":[{"href":"https:\/\/hookahshop.lt\/lv\/wp-json\/wp\/v2\/product\/35897"}],"collection":[{"href":"https:\/\/hookahshop.lt\/lv\/wp-json\/wp\/v2\/product"}],"about":[{"href":"https:\/\/hookahshop.lt\/lv\/wp-json\/wp\/v2\/types\/product"}],"replies":[{"embeddable":true,"href":"https:\/\/hookahshop.lt\/lv\/wp-json\/wp\/v2\/comments?post=35897"}],"version-history":[{"count":3,"href":"https:\/\/hookahshop.lt\/lv\/wp-json\/wp\/v2\/product\/35897\/revisions"}],"predecessor-version":[{"id":35939,"href":"https:\/\/hookahshop.lt\/lv\/wp-json\/wp\/v2\/product\/35897\/revisions\/35939"}],"wp:featuredmedia":[{"embeddable":true,"href":"https:\/\/hookahshop.lt\/lv\/wp-json\/wp\/v2\/media\/35901"}],"wp:attachment":[{"href":"https:\/\/hookahshop.lt\/lv\/wp-json\/wp\/v2\/media?parent=35897"}],"curies":[{"name":"wp","href":"https:\/\/api.w.org\/{rel}","templated":true}]}}