{"id":35912,"date":"2023-04-27T19:04:31","date_gmt":"2023-04-27T16:04:31","guid":{"rendered":"https:\/\/hookahshop.lt\/?post_type=product&#038;p=35912"},"modified":"2026-04-15T23:29:30","modified_gmt":"2026-04-15T20:29:30","slug":"taurele-kaljanui-alpha-race-phunnel-black-matte","status":"publish","type":"product","link":"https:\/\/hookahshop.lt\/lv\/produkt\/kauss-udenspipe-alfa-race-piltuve-melns-matets\/","title":{"rendered":"Kauss \u016bdensp\u012bpei ALPHA Race Phunnel Black Matte"},"content":{"rendered":"<h2>Kauss \u016bdensp\u012bpei ALPHA Race Phunnel Black Matte<\/h2>\n<p>ALPHA HOKAH, labi zin\u0101ms \u016bdensp\u012bpju un \u016bdensp\u012bpes piederumu ra\u017eot\u0101js, jaunas ar rok\u0101m darin\u0101tas kr\u016bzes ar silikona firmas ieliktni.<br \/>\nTabakas ietilp\u012bba: 15-20g. (atkar\u012bb\u0101 no izmantot\u0101s iepako\u0161anas metodes un tabakas veida).<\/p>\n<p><strong>Specifik\u0101cija:<\/strong><br \/>\nAugstums: 10 cm<br \/>\nDiametrs: ~75mm<br \/>\nCaurumu skaits: 1 gab<\/p>\n<p><strong>Raksturojums:<\/strong><br \/>\nSuga: phennel<br \/>\nMateri\u0101ls: v\u0101cu keramika, glaz\u016bra, silikons<\/p>\n<p>Vai jums ir k\u0101di jaut\u0101jumi? Sazinies ar mums\u00a0<a href=\"https:\/\/hookahshop.lt\/lv\/kontaktiem\/\">kontaktu lapa<\/a>\u00a0vai rakstiet mums pa e-pastu\u00a0<a href=\"https:\/\/facebook.com\/HookahShop.lt\/\" target=\"_blank\" rel=\"noopener\">Facebook konts<\/a>\u00a0un m\u0113s atbild\u0113sim uz j\u016bsu piepras\u012bjumu taj\u0101 pa\u0161\u0101 dien\u0101.<\/p>","protected":false},"excerpt":{"rendered":"<p>Kr\u016bz\u012bte \u016bdensp\u012bpei ALPHA Race Phunnel Black Matte Jaunas ar rok\u0101m darin\u0101tas kr\u016bz\u012btes ar silikona firmas ieliktni no paz\u012bstam\u0101 \u016bdensp\u012bpju un \u016bdensp\u012bpes piederumu ra\u017eot\u0101ja ALPHA HOKAH. Tabakas ietilp\u012bba: 15-20g. (atkar\u012bb\u0101 no izmantot\u0101s iepako\u0161anas metodes un tabakas veida). Specifik\u0101cija: Augstums: 10cm Diametrs: ~75mm Caurumu skaits: 1gab. Raksturojums: Tips: punnel Materi\u0101ls: v\u0101cu keramika, glaz\u016bra, silikons Vai ir k\u0101di jaut\u0101jumi? Sazinieties ar mums, izmantojot m\u016bsu kontaktinform\u0101ciju [\u2026]<\/p>","protected":false},"featured_media":35915,"comment_status":"open","ping_status":"closed","template":"","meta":[],"_links":{"self":[{"href":"https:\/\/hookahshop.lt\/lv\/wp-json\/wp\/v2\/product\/35912"}],"collection":[{"href":"https:\/\/hookahshop.lt\/lv\/wp-json\/wp\/v2\/product"}],"about":[{"href":"https:\/\/hookahshop.lt\/lv\/wp-json\/wp\/v2\/types\/product"}],"replies":[{"embeddable":true,"href":"https:\/\/hookahshop.lt\/lv\/wp-json\/wp\/v2\/comments?post=35912"}],"version-history":[{"count":4,"href":"https:\/\/hookahshop.lt\/lv\/wp-json\/wp\/v2\/product\/35912\/revisions"}],"predecessor-version":[{"id":36925,"href":"https:\/\/hookahshop.lt\/lv\/wp-json\/wp\/v2\/product\/35912\/revisions\/36925"}],"wp:featuredmedia":[{"embeddable":true,"href":"https:\/\/hookahshop.lt\/lv\/wp-json\/wp\/v2\/media\/35915"}],"wp:attachment":[{"href":"https:\/\/hookahshop.lt\/lv\/wp-json\/wp\/v2\/media?parent=35912"}],"curies":[{"name":"wp","href":"https:\/\/api.w.org\/{rel}","templated":true}]}}