{"id":35923,"date":"2023-04-27T19:50:27","date_gmt":"2023-04-27T16:50:27","guid":{"rendered":"https:\/\/hookahshop.lt\/?post_type=product&#038;p=35923"},"modified":"2026-04-03T23:29:46","modified_gmt":"2026-04-03T20:29:46","slug":"taurele-kaljanui-alpha-turk-black-matte","status":"publish","type":"product","link":"https:\/\/hookahshop.lt\/lv\/produkt\/kauss-udenspipe-alfa-turk-melns-matets\/","title":{"rendered":"Kr\u016bz\u012bte \u016bdensp\u012bpei ALPHA Turk Black Matte"},"content":{"rendered":"<h2>Kr\u016bz\u012bte \u016bdensp\u012bpei ALPHA Turk Black Matte<\/h2>\n<p>Paz\u012bstamajam \u016bdensp\u012bpju un \u016bdensp\u012bpju piederumu ra\u017eot\u0101jam ALPHA HOKAH ir jaunas ar rok\u0101m darin\u0101tas kr\u016bzes ar univers\u0101l\u0101m m\u0101ksliniecisk\u0101m tekst\u016br\u0101m. Kr\u016bz\u012bte ir p\u0101rkl\u0101ta ar glaz\u016bru, kas neuzs\u016bc s\u012brupu, kas \u013cauj izbaud\u012bt izteikt\u0101ku tabakas gar\u0161u.<br \/>\nTabakas ietilp\u012bba: 18-25g (atkar\u012bb\u0101 no izmantot\u0101s iepako\u0161anas metodes un tabakas veida).<\/p>\n<p><strong>Specifik\u0101cija:<\/strong><br \/>\nAugstums: ~8cm<br \/>\nDiametrs: ~75mm<br \/>\nCaurumu skaits: 5 gab<\/p>\n<p><strong>Raksturojums:<\/strong><br \/>\nTips: turku<br \/>\nMateri\u0101ls: v\u0101cu keramika, glaz\u016bra<\/p>\n<p>Vai jums ir k\u0101di jaut\u0101jumi? Sazinies ar mums\u00a0<a href=\"https:\/\/hookahshop.lt\/lv\/kontaktiem\/\">kontaktu lapa<\/a>\u00a0vai rakstiet mums pa e-pastu\u00a0<a href=\"https:\/\/facebook.com\/HookahShop.lt\/\" target=\"_blank\" rel=\"noopener\">Facebook konts<\/a>\u00a0un m\u0113s atbild\u0113sim uz j\u016bsu piepras\u012bjumu taj\u0101 pa\u0161\u0101 dien\u0101.<\/p>","protected":false},"excerpt":{"rendered":"<p>Kr\u016bz\u012bte \u016bdensp\u012bpei ALPHA Turk Black Matte Jaunas ar rok\u0101m darin\u0101tas kr\u016bz\u012btes ar univers\u0101lu m\u0101ksliniecisku tekst\u016bru no paz\u012bstam\u0101 \u016bdensp\u012bpju un \u016bdensp\u012bpes piederumu ra\u017eot\u0101ja ALPHA HOKAH. Kr\u016bz\u012bte ir p\u0101rkl\u0101ta ar glaz\u016bru, kas neuzs\u016bc s\u012brupu, kas \u013cauj izbaud\u012bt izteikt\u0101ku tabakas gar\u0161u. Tabakas ietilp\u012bba: 18-25g (atkar\u012bb\u0101 no izmantot\u0101s iepako\u0161anas metodes un tabakas veida). Specifik\u0101cija: Augstums: ~8cm Diametrs: ~75mm Caurumu skaits: 5gab. Raksturojums: Tips: turku [\u2026]<\/p>","protected":false},"featured_media":35927,"comment_status":"open","ping_status":"closed","template":"","meta":[],"_links":{"self":[{"href":"https:\/\/hookahshop.lt\/lv\/wp-json\/wp\/v2\/product\/35923"}],"collection":[{"href":"https:\/\/hookahshop.lt\/lv\/wp-json\/wp\/v2\/product"}],"about":[{"href":"https:\/\/hookahshop.lt\/lv\/wp-json\/wp\/v2\/types\/product"}],"replies":[{"embeddable":true,"href":"https:\/\/hookahshop.lt\/lv\/wp-json\/wp\/v2\/comments?post=35923"}],"version-history":[{"count":4,"href":"https:\/\/hookahshop.lt\/lv\/wp-json\/wp\/v2\/product\/35923\/revisions"}],"predecessor-version":[{"id":35941,"href":"https:\/\/hookahshop.lt\/lv\/wp-json\/wp\/v2\/product\/35923\/revisions\/35941"}],"wp:featuredmedia":[{"embeddable":true,"href":"https:\/\/hookahshop.lt\/lv\/wp-json\/wp\/v2\/media\/35927"}],"wp:attachment":[{"href":"https:\/\/hookahshop.lt\/lv\/wp-json\/wp\/v2\/media?parent=35923"}],"curies":[{"name":"wp","href":"https:\/\/api.w.org\/{rel}","templated":true}]}}