{"id":35983,"date":"2023-05-05T20:09:52","date_gmt":"2023-05-05T17:09:52","guid":{"rendered":"https:\/\/hookahshop.lt\/?post_type=product&#038;p=35983"},"modified":"2026-04-05T23:29:33","modified_gmt":"2026-04-05T20:29:33","slug":"akriline-vandens-pypke-mini-ivairiu-spalvu-26cm","status":"publish","type":"product","link":"https:\/\/hookahshop.lt\/lv\/produkt\/akrils-udens-pipe-mini-dazadas-krasas-26cm\/","title":{"rendered":"Akrila \u016bdens caurule Mini da\u017e\u0101das kr\u0101sas 26cm"},"content":{"rendered":"<h2>Akrila \u016bdens caurule Mini da\u017e\u0101das kr\u0101sas 26cm<\/h2>\n<p>Mazs, paroc\u012bgs akrila bongs ar met\u0101la cauruli. \u0112rts ce\u013co\u0161anai vai m\u0101j\u0101s. \u0160im bongam ir mazs trieciena caurums ar gumijas starpliku un elast\u012bga un no\u0146emama pamatne stabilit\u0101tei un sa\u0137erei.<\/p>\n<p><strong>Specifik\u0101cijas:<\/strong><br \/>\nAugstums: 26 cm<br \/>\nMateri\u0101ls: akrils<br \/>\nKr\u0101sa: da\u017e\u0101das kr\u0101sas (kr\u0101su varat nor\u0101d\u012bt piez\u012bm\u0113s: <strong>melna, zila, za\u013ca, roz\u0101, caursp\u012bd\u012bga<\/strong>)<\/p>\n<p>Vai jums ir k\u0101di jaut\u0101jumi? Sazinies ar mums\u00a0<a href=\"https:\/\/hookahshop.lt\/lv\/kontaktiem\/\">kontaktu lapa<\/a>\u00a0vai rakstiet mums pa e-pastu\u00a0<a href=\"https:\/\/facebook.com\/HookahShop.lt\/\" target=\"_blank\" rel=\"noopener\">Facebook konts<\/a>\u00a0un m\u0113s atbild\u0113sim uz j\u016bsu piepras\u012bjumu taj\u0101 pa\u0161\u0101 dien\u0101.<\/p>","protected":false},"excerpt":{"rendered":"<p>Akrila \u016bdensp\u012bpe Mini da\u017e\u0101d\u0101s kr\u0101s\u0101s 26cm Maza, \u0113rta akrila \u016bdensp\u012bpe ar met\u0101la caurul\u012bti. \u0112rta ce\u013cojumiem vai m\u0101j\u0101m. \u0160im \u016bdensp\u012bpes bongam ir mazs &quot;Kick-Hole&quot; ar gumijas bl\u012bvi un elast\u012bgu un no\u0146emamu pamatni, kas nodro\u0161ina stabilit\u0101ti un sa\u0137eri. Specifik\u0101cijas: Augstums: 26cm Materi\u0101ls: akrils Kr\u0101sa: Da\u017e\u0101das kr\u0101sas (kr\u0101su varat atz\u012bm\u0113t piez\u012bm\u0113s: melna, zila, za\u013ca, roz\u0101, caursp\u012bd\u012bga) Vai jums ir k\u0101di jaut\u0101jumi? Sazinieties [\u2026]<\/p>","protected":false},"featured_media":36033,"comment_status":"open","ping_status":"closed","template":"","meta":[],"_links":{"self":[{"href":"https:\/\/hookahshop.lt\/lv\/wp-json\/wp\/v2\/product\/35983"}],"collection":[{"href":"https:\/\/hookahshop.lt\/lv\/wp-json\/wp\/v2\/product"}],"about":[{"href":"https:\/\/hookahshop.lt\/lv\/wp-json\/wp\/v2\/types\/product"}],"replies":[{"embeddable":true,"href":"https:\/\/hookahshop.lt\/lv\/wp-json\/wp\/v2\/comments?post=35983"}],"version-history":[{"count":5,"href":"https:\/\/hookahshop.lt\/lv\/wp-json\/wp\/v2\/product\/35983\/revisions"}],"predecessor-version":[{"id":45167,"href":"https:\/\/hookahshop.lt\/lv\/wp-json\/wp\/v2\/product\/35983\/revisions\/45167"}],"wp:featuredmedia":[{"embeddable":true,"href":"https:\/\/hookahshop.lt\/lv\/wp-json\/wp\/v2\/media\/36033"}],"wp:attachment":[{"href":"https:\/\/hookahshop.lt\/lv\/wp-json\/wp\/v2\/media?parent=35983"}],"curies":[{"name":"wp","href":"https:\/\/api.w.org\/{rel}","templated":true}]}}