{"id":36031,"date":"2023-05-07T00:07:06","date_gmt":"2023-05-06T21:07:06","guid":{"rendered":"https:\/\/hookahshop.lt\/?post_type=product&#038;p=36031"},"modified":"2026-04-16T23:30:03","modified_gmt":"2026-04-16T20:30:03","slug":"stikline-vandens-pypke-black-leaf-leaf-30cm","status":"publish","type":"product","link":"https:\/\/hookahshop.lt\/lv\/produkt\/stikls-udens-pipe-melna-lapa-lapa-30cm\/","title":{"rendered":"Stikla \u016bdens caurule BLACK LEAF Lapa 30cm"},"content":{"rendered":"<h2>Stikla \u016bdens caurule BLACK LEAF Lapa 30cm<\/h2>\n<p>Izgatavots no borsilik\u0101ta stikla ar lapu dizainu, apa\u013cu k\u0101ju un taisnu cilindru. \u016adens caurulei ir liela ietilp\u012bba, un tai ir atsitiena caurums.<\/p>\n<p><strong>Specifik\u0101cijas:<\/strong><br \/>\nAugstums: 30cm<br \/>\nMateri\u0101ls: stikls<\/p>\n<p>Vai jums ir k\u0101di jaut\u0101jumi? Sazinies ar mums\u00a0<a href=\"https:\/\/hookahshop.lt\/lv\/kontaktiem\/\">kontaktu lapa<\/a>\u00a0vai rakstiet mums pa e-pastu\u00a0<a href=\"https:\/\/facebook.com\/HookahShop.lt\/\" target=\"_blank\" rel=\"noopener\">Facebook konts<\/a>\u00a0un m\u0113s atbild\u0113sim uz j\u016bsu piepras\u012bjumu taj\u0101 pa\u0161\u0101 dien\u0101.<\/p>","protected":false},"excerpt":{"rendered":"<p>Stikla \u016bdens caurule BLACK LEAF Leaf 30cm Izgatavota no borsilik\u0101ta stikla ar lapu dizainu, apa\u013cu k\u0101ju un taisnu cilindru. \u016adens caurulei ir liela ietilp\u012bba, un tai ir atsitiena caurums. Specifik\u0101cijas: Augstums: 30cm Materi\u0101ls: stikls Vai ir k\u0101di jaut\u0101jumi? Sazinieties ar mums kontaktu lap\u0101 vai rakstiet mums uz m\u016bsu Facebook kontu un m\u0113s atbild\u0113sim uz j\u016bsu piepras\u012bjumu taj\u0101 pa\u0161\u0101 dien\u0101.<\/p>","protected":false},"featured_media":36035,"comment_status":"open","ping_status":"closed","template":"","meta":[],"_links":{"self":[{"href":"https:\/\/hookahshop.lt\/lv\/wp-json\/wp\/v2\/product\/36031"}],"collection":[{"href":"https:\/\/hookahshop.lt\/lv\/wp-json\/wp\/v2\/product"}],"about":[{"href":"https:\/\/hookahshop.lt\/lv\/wp-json\/wp\/v2\/types\/product"}],"replies":[{"embeddable":true,"href":"https:\/\/hookahshop.lt\/lv\/wp-json\/wp\/v2\/comments?post=36031"}],"version-history":[{"count":3,"href":"https:\/\/hookahshop.lt\/lv\/wp-json\/wp\/v2\/product\/36031\/revisions"}],"predecessor-version":[{"id":36092,"href":"https:\/\/hookahshop.lt\/lv\/wp-json\/wp\/v2\/product\/36031\/revisions\/36092"}],"wp:featuredmedia":[{"embeddable":true,"href":"https:\/\/hookahshop.lt\/lv\/wp-json\/wp\/v2\/media\/36035"}],"wp:attachment":[{"href":"https:\/\/hookahshop.lt\/lv\/wp-json\/wp\/v2\/media?parent=36031"}],"curies":[{"name":"wp","href":"https:\/\/api.w.org\/{rel}","templated":true}]}}