{"id":36038,"date":"2023-05-07T00:17:31","date_gmt":"2023-05-06T21:17:31","guid":{"rendered":"https:\/\/hookahshop.lt\/?post_type=product&#038;p=36038"},"modified":"2026-04-17T23:29:52","modified_gmt":"2026-04-17T20:29:52","slug":"smulkintuvas-metalinis-black-leaf-grey-58mm","status":"publish","type":"product","link":"https:\/\/hookahshop.lt\/lv\/produkt\/smalcinatajs-metals-melns-lapu-peleks-58mm\/","title":{"rendered":"Met\u0101la smalcin\u0101t\u0101js BLACK LEAF Grey 58mm"},"content":{"rendered":"<h2>Met\u0101la smalcin\u0101t\u0101js BLACK LEAF Grey 58mm<\/h2>\n<p>Divda\u013c\u012bgais smalcin\u0101t\u0101js ir izgatavots no augstas kvalit\u0101tes alum\u012bnija. Neilona gredzens starp met\u0101la da\u013c\u0101m nodro\u0161ina to, ka gar\u0161augu dzirnavi\u0146as viegli grie\u017eas bez jebk\u0101das piep\u016bles.<\/p>\n<p><strong>Specifik\u0101cijas:<\/strong><br \/>\nAugstums: 23mm<br \/>\nDiametrs: 62\/58 mm<br \/>\nKr\u0101sa: pel\u0113ka<br \/>\nMateri\u0101ls: Alum\u012bnijs<\/p>\n<p>Smalcin\u0101t\u0101js tiek p\u0101rdots kop\u0101 ar kasti.<\/p>\n<p>Vai jums ir k\u0101di jaut\u0101jumi? Sazinies ar mums\u00a0<a href=\"https:\/\/hookahshop.lt\/lv\/kontaktiem\/\">kontaktu lapa<\/a>\u00a0vai rakstiet mums pa e-pastu\u00a0<a href=\"https:\/\/facebook.com\/HookahShop.lt\/\" target=\"_blank\" rel=\"noopener\">Facebook konts<\/a>\u00a0un m\u0113s atbild\u0113sim uz j\u016bsu piepras\u012bjumu taj\u0101 pa\u0161\u0101 dien\u0101.<\/p>","protected":false},"excerpt":{"rendered":"<p>Met\u0101la smalcin\u0101t\u0101js BLACK LEAF Grey 58mm Divda\u013c\u012bgais smalcin\u0101t\u0101js ir izgatavots no augstas kvalit\u0101tes alum\u012bnija. Neilona gredzens starp met\u0101la da\u013c\u0101m nodro\u0161ina to, ka gar\u0161augu dzirnavi\u0146as grie\u017eas viegli bez jebk\u0101das piep\u016bles. Specifik\u0101cijas: Augstums: 23mm Diametrs: 62\/58 mm Kr\u0101sa: Pel\u0113ks Materi\u0101ls: Alum\u012bnijs Smalcin\u0101t\u0101js tiek p\u0101rdots ar kast\u012bti. Vai jums ir k\u0101di jaut\u0101jumi? Sazinieties ar mums kontaktu lap\u0101 vai rakstiet mums uz m\u016bsu Facebook kontu un m\u0113s atbild\u0113sim [\u2026]<\/p>","protected":false},"featured_media":36042,"comment_status":"open","ping_status":"closed","template":"","meta":[],"_links":{"self":[{"href":"https:\/\/hookahshop.lt\/lv\/wp-json\/wp\/v2\/product\/36038"}],"collection":[{"href":"https:\/\/hookahshop.lt\/lv\/wp-json\/wp\/v2\/product"}],"about":[{"href":"https:\/\/hookahshop.lt\/lv\/wp-json\/wp\/v2\/types\/product"}],"replies":[{"embeddable":true,"href":"https:\/\/hookahshop.lt\/lv\/wp-json\/wp\/v2\/comments?post=36038"}],"version-history":[{"count":2,"href":"https:\/\/hookahshop.lt\/lv\/wp-json\/wp\/v2\/product\/36038\/revisions"}],"predecessor-version":[{"id":36098,"href":"https:\/\/hookahshop.lt\/lv\/wp-json\/wp\/v2\/product\/36038\/revisions\/36098"}],"wp:featuredmedia":[{"embeddable":true,"href":"https:\/\/hookahshop.lt\/lv\/wp-json\/wp\/v2\/media\/36042"}],"wp:attachment":[{"href":"https:\/\/hookahshop.lt\/lv\/wp-json\/wp\/v2\/media?parent=36038"}],"curies":[{"name":"wp","href":"https:\/\/api.w.org\/{rel}","templated":true}]}}