{"id":36046,"date":"2023-05-07T00:37:57","date_gmt":"2023-05-06T21:37:57","guid":{"rendered":"https:\/\/hookahshop.lt\/?post_type=product&#038;p=36046"},"modified":"2026-04-17T16:33:40","modified_gmt":"2026-04-17T13:33:40","slug":"smulkintuvas-metalinis-black-leaf-black-52mm","status":"publish","type":"product","link":"https:\/\/hookahshop.lt\/lv\/produkt\/smalcinatajs-metals-melns-lapa-melns-52mm\/","title":{"rendered":"Met\u0101la smalcin\u0101t\u0101js BLACK LEAF Black 52mm"},"content":{"rendered":"<h2>Met\u0101la smalcin\u0101t\u0101js BLACK LEAF Black 52mm<\/h2>\n<p>CNC griezts alum\u012bnija \u0161\u0137eldot\u0101js ar rombveida zobiem un magn\u0113tisko v\u0101ci\u0146u. Korpuss: apak\u0161\u0113j\u0101 kamera, dzirnavi\u0146as.<\/p>\n<p><strong>Specifik\u0101cijas:<\/strong><br \/>\nAugstums: 18mm<br \/>\nDiametrs: 55\/52 mm<br \/>\nKr\u0101sa melna<br \/>\nMateri\u0101ls: Alum\u012bnijs<\/p>\n<p>&nbsp;<\/p>\n<p>Vai jums ir k\u0101di jaut\u0101jumi? Sazinies ar mums\u00a0<a href=\"https:\/\/hookahshop.lt\/lv\/kontaktiem\/\">kontaktu lapa<\/a>\u00a0vai rakstiet mums pa e-pastu\u00a0<a href=\"https:\/\/facebook.com\/HookahShop.lt\/\" target=\"_blank\" rel=\"noopener\">Facebook konts<\/a>\u00a0un m\u0113s atbild\u0113sim uz j\u016bsu piepras\u012bjumu taj\u0101 pa\u0161\u0101 dien\u0101.<\/p>","protected":false},"excerpt":{"rendered":"<p>Met\u0101la smalcin\u0101t\u0101js BLACK LEAF Black 52mm CNC griezuma alum\u012bnija smalcin\u0101t\u0101js ar rombveida zobiem un magn\u0113tisku v\u0101ci\u0146u. Korpuss: apak\u0161\u0113j\u0101 kamera, dzirnavi\u0146as. Specifik\u0101cijas: Augstums: 18mm Diametrs: 55\/52mm Kr\u0101sa: Melns Materi\u0101ls: Alum\u012bnijs Jaut\u0101jumi? Sazinieties ar mums kontaktu lap\u0101 vai rakstiet mums uz m\u016bsu Facebook kontu un m\u0113s atbild\u0113sim uz j\u016bsu piepras\u012bjumu taj\u0101 pa\u0161\u0101 dien\u0101.<\/p>","protected":false},"featured_media":36047,"comment_status":"open","ping_status":"closed","template":"","meta":[],"_links":{"self":[{"href":"https:\/\/hookahshop.lt\/lv\/wp-json\/wp\/v2\/product\/36046"}],"collection":[{"href":"https:\/\/hookahshop.lt\/lv\/wp-json\/wp\/v2\/product"}],"about":[{"href":"https:\/\/hookahshop.lt\/lv\/wp-json\/wp\/v2\/types\/product"}],"replies":[{"embeddable":true,"href":"https:\/\/hookahshop.lt\/lv\/wp-json\/wp\/v2\/comments?post=36046"}],"version-history":[{"count":3,"href":"https:\/\/hookahshop.lt\/lv\/wp-json\/wp\/v2\/product\/36046\/revisions"}],"predecessor-version":[{"id":39677,"href":"https:\/\/hookahshop.lt\/lv\/wp-json\/wp\/v2\/product\/36046\/revisions\/39677"}],"wp:featuredmedia":[{"embeddable":true,"href":"https:\/\/hookahshop.lt\/lv\/wp-json\/wp\/v2\/media\/36047"}],"wp:attachment":[{"href":"https:\/\/hookahshop.lt\/lv\/wp-json\/wp\/v2\/media?parent=36046"}],"curies":[{"name":"wp","href":"https:\/\/api.w.org\/{rel}","templated":true}]}}