{"id":36051,"date":"2023-05-07T00:45:43","date_gmt":"2023-05-06T21:45:43","guid":{"rendered":"https:\/\/hookahshop.lt\/?post_type=product&#038;p=36051"},"modified":"2026-04-17T16:33:40","modified_gmt":"2026-04-17T13:33:40","slug":"smulkintuvas-akrilinis-black-50mm","status":"publish","type":"product","link":"https:\/\/hookahshop.lt\/lv\/produkt\/smalcinatajs-akrils-melns-50mm\/","title":{"rendered":"Smalcin\u0101t\u0101js akrils Melns 50mm"},"content":{"rendered":"<h2>Smalcin\u0101t\u0101js akrils Melns 50mm<\/h2>\n<p>Dzirnavi\u0146as gar\u0161augu smalcin\u0101\u0161anai no vienk\u0101r\u0161a akrila ar rombveida zobiem. V\u0101kam ir \u012bpa\u0161i augsta mali\u0146a, lai virsmu var\u0113tu izmantot ar\u012b drupin\u0101\u0161anai.<\/p>\n<p><strong>Specifik\u0101cijas:<\/strong><br \/>\nAugstums: 25 mm<br \/>\nDiametrs: 57\/50 mm<br \/>\nKr\u0101sa melna<br \/>\nMateri\u0101ls: Akrils<\/p>\n<p>Vai jums ir k\u0101di jaut\u0101jumi? Sazinies ar mums\u00a0<a href=\"https:\/\/hookahshop.lt\/lv\/kontaktiem\/\">kontaktu lapa<\/a>\u00a0vai rakstiet mums pa e-pastu\u00a0<a href=\"https:\/\/facebook.com\/HookahShop.lt\/\" target=\"_blank\" rel=\"noopener\">Facebook konts<\/a>\u00a0un m\u0113s atbild\u0113sim uz j\u016bsu piepras\u012bjumu taj\u0101 pa\u0161\u0101 dien\u0101.<\/p>","protected":false},"excerpt":{"rendered":"<p>Akrila smalcin\u0101t\u0101js Melns 50mm Dzirnavi\u0146as gar\u0161augu smalcin\u0101\u0161anai no vienk\u0101r\u0161a akrila ar rombveida zobiem. V\u0101kam ir \u012bpa\u0161i augsta mali\u0146a, lai virsmu var\u0113tu izmantot ar\u012b drupin\u0101\u0161anai. Specifik\u0101cijas: Augstums: 25 mm Diametrs: 57\/50 mm Kr\u0101sa: Melna Materi\u0101ls: Akrils Jaut\u0101jumi? Sazinieties ar mums kontaktu lap\u0101 vai rakstiet mums uz m\u016bsu Facebook kontu un m\u0113s atbild\u0113sim uz j\u016bsu piepras\u012bjumu taj\u0101 pa\u0161\u0101 dien\u0101.<\/p>","protected":false},"featured_media":36055,"comment_status":"open","ping_status":"closed","template":"","meta":[],"_links":{"self":[{"href":"https:\/\/hookahshop.lt\/lv\/wp-json\/wp\/v2\/product\/36051"}],"collection":[{"href":"https:\/\/hookahshop.lt\/lv\/wp-json\/wp\/v2\/product"}],"about":[{"href":"https:\/\/hookahshop.lt\/lv\/wp-json\/wp\/v2\/types\/product"}],"replies":[{"embeddable":true,"href":"https:\/\/hookahshop.lt\/lv\/wp-json\/wp\/v2\/comments?post=36051"}],"version-history":[{"count":3,"href":"https:\/\/hookahshop.lt\/lv\/wp-json\/wp\/v2\/product\/36051\/revisions"}],"predecessor-version":[{"id":44609,"href":"https:\/\/hookahshop.lt\/lv\/wp-json\/wp\/v2\/product\/36051\/revisions\/44609"}],"wp:featuredmedia":[{"embeddable":true,"href":"https:\/\/hookahshop.lt\/lv\/wp-json\/wp\/v2\/media\/36055"}],"wp:attachment":[{"href":"https:\/\/hookahshop.lt\/lv\/wp-json\/wp\/v2\/media?parent=36051"}],"curies":[{"name":"wp","href":"https:\/\/api.w.org\/{rel}","templated":true}]}}