{"id":36057,"date":"2023-05-07T01:34:39","date_gmt":"2023-05-06T22:34:39","guid":{"rendered":"https:\/\/hookahshop.lt\/?post_type=product&#038;p=36057"},"modified":"2026-04-06T23:29:30","modified_gmt":"2026-04-06T20:29:30","slug":"stikline-vandens-pypke-space-black-39cm","status":"publish","type":"product","link":"https:\/\/hookahshop.lt\/lv\/produkt\/stikls-udens-caurule-telpa-melns-39cm\/","title":{"rendered":"Stikla \u016bdens caurule Space Black 39cm"},"content":{"rendered":"<h2>Stikla \u016bdens caurule Space Black 39cm<\/h2>\n<p>Black Spaceship rok\u0101m darin\u0101tais stikla bongs ir izgatavots no borsilik\u0101ta stikla, tam ir ledus iegriezumi, difuzora adaptera sist\u0113ma, kr\u016bze un visapk\u0101rt tas ir apdruk\u0101ts ar kr\u0101sainiem kosmosa mot\u012bviem. \u0160\u012b \u016bdens caurule nodro\u0161ina pat\u012bkami gludus d\u016bmus, jo bongu var piepild\u012bt ar ledus gabali\u0146iem.<\/p>\n<p><strong>Specifik\u0101cijas:<\/strong><br \/>\nAugstums: 39 cm<br \/>\nDiametrs: 125\/50 mm<br \/>\nMateri\u0101ls: borosilik\u0101ta stikls<\/p>\n<p>Vai jums ir k\u0101di jaut\u0101jumi? Sazinies ar mums\u00a0<a href=\"https:\/\/hookahshop.lt\/lv\/kontaktiem\/\">kontaktu lapa<\/a>\u00a0vai rakstiet mums pa e-pastu\u00a0<a href=\"https:\/\/facebook.com\/HookahShop.lt\/\" target=\"_blank\" rel=\"noopener\">Facebook konts<\/a>\u00a0un m\u0113s atbild\u0113sim uz j\u016bsu piepras\u012bjumu taj\u0101 pa\u0161\u0101 dien\u0101.<\/p>\n<p>&nbsp;<\/p>","protected":false},"excerpt":{"rendered":"<p>Glass Water Pipe Space Melns 39cm Ar rok\u0101m darin\u0101ts stikla bongs &quot;Black Spaceship&quot; ir izgatavots no borsilik\u0101ta stikla, ar ledus iegriezumiem, difuzora adaptera sist\u0113mu, kr\u016bz\u012bti un apdruk\u0101ts ar kr\u0101sainiem kosmosa mot\u012bviem pa visu virsmu. \u0160\u012b \u016bdens caurule nodro\u0161ina pat\u012bkami gludus d\u016bmus, jo bongu var piepild\u012bt ar ledus gabali\u0146iem. Specifik\u0101cijas: Augstums: 39cm Diametrs: 125\/50mm Materi\u0101ls: Borosilik\u0101ta stikls Jaut\u0101jumi? Sazinieties ar [\u2026]<\/p>","protected":false},"featured_media":36082,"comment_status":"open","ping_status":"closed","template":"","meta":[],"_links":{"self":[{"href":"https:\/\/hookahshop.lt\/lv\/wp-json\/wp\/v2\/product\/36057"}],"collection":[{"href":"https:\/\/hookahshop.lt\/lv\/wp-json\/wp\/v2\/product"}],"about":[{"href":"https:\/\/hookahshop.lt\/lv\/wp-json\/wp\/v2\/types\/product"}],"replies":[{"embeddable":true,"href":"https:\/\/hookahshop.lt\/lv\/wp-json\/wp\/v2\/comments?post=36057"}],"version-history":[{"count":5,"href":"https:\/\/hookahshop.lt\/lv\/wp-json\/wp\/v2\/product\/36057\/revisions"}],"predecessor-version":[{"id":45311,"href":"https:\/\/hookahshop.lt\/lv\/wp-json\/wp\/v2\/product\/36057\/revisions\/45311"}],"wp:featuredmedia":[{"embeddable":true,"href":"https:\/\/hookahshop.lt\/lv\/wp-json\/wp\/v2\/media\/36082"}],"wp:attachment":[{"href":"https:\/\/hookahshop.lt\/lv\/wp-json\/wp\/v2\/media?parent=36057"}],"curies":[{"name":"wp","href":"https:\/\/api.w.org\/{rel}","templated":true}]}}