{"id":36058,"date":"2023-05-07T01:06:28","date_gmt":"2023-05-06T22:06:28","guid":{"rendered":"https:\/\/hookahshop.lt\/?post_type=product&#038;p=36058"},"modified":"2026-04-06T23:29:30","modified_gmt":"2026-04-06T20:29:30","slug":"rinkinys-raw-metalineje-dezuteje","status":"publish","type":"product","link":"https:\/\/hookahshop.lt\/lv\/produkt\/set-raw-in-metala-kaste\/","title":{"rendered":"Komplekts RAW met\u0101la kast\u0113"},"content":{"rendered":"<h2>Komplekts RAW met\u0101la kast\u0113<\/h2>\n<p>S\u0101kuma kaste no RAW, kur\u0101 ir 1\u00bc izm\u0113ra pap\u012bra izv\u0113le un 3 RAW uzga\u013cu opcijas. Viss iepakots met\u0101la kast\u0113 \u2013 gatavs ripin\u0101\u0161anai!<\/p>\n<p><strong>Kastes komplekt\u0101 ietilpst:<\/strong><br \/>\nRAW klasiskais pap\u012brs 1\u00bc<br \/>\nRAW klasisks melns pap\u012brs 1\u00bc<br \/>\nRAW Bio-Hanf pap\u012brs 1\u00bc<br \/>\nRAW klasisks viens plats pap\u012brs<br \/>\nRAW padomi<br \/>\nRAW konusa uzga\u013ci ir perfor\u0113ti<br \/>\nRAW iepriek\u0161 sav\u012bti padomi<\/p>\n<p>Vai jums ir k\u0101di jaut\u0101jumi? Sazinies ar mums\u00a0<a href=\"https:\/\/hookahshop.lt\/lv\/kontaktiem\/\">kontaktu lapa<\/a>\u00a0vai rakstiet mums pa e-pastu\u00a0<a href=\"https:\/\/facebook.com\/HookahShop.lt\/\" target=\"_blank\" rel=\"noopener\">Facebook konts<\/a>\u00a0un m\u0113s atbild\u0113sim uz j\u016bsu piepras\u012bjumu taj\u0101 pa\u0161\u0101 dien\u0101.<\/p>","protected":false},"excerpt":{"rendered":"<p>Iestat\u012bjums RAW met\u0101la kast\u0113. S\u0101kuma kaste no RAW, kur\u0101 ir 1\u00bc izm\u0113ra pap\u012bri un 3 RAW uzga\u013cu opcijas. Viss iepakots met\u0101la kast\u0113 \u2013 gatavs ripin\u0101\u0161anai! Kastes komplekt\u0101 ietilpst: RAW klasisks pap\u012brs 1\u00bc RAW klasisks melns pap\u012brs 1\u00bc RAW Bio-Hanf pap\u012brs 1\u00bc RAW klasisks viens plats pap\u012brs RAW uzga\u013ci RAW konusveida uzga\u013ci, perfor\u0113ti [\u2026]<\/p>","protected":false},"featured_media":36059,"comment_status":"open","ping_status":"closed","template":"","meta":[],"_links":{"self":[{"href":"https:\/\/hookahshop.lt\/lv\/wp-json\/wp\/v2\/product\/36058"}],"collection":[{"href":"https:\/\/hookahshop.lt\/lv\/wp-json\/wp\/v2\/product"}],"about":[{"href":"https:\/\/hookahshop.lt\/lv\/wp-json\/wp\/v2\/types\/product"}],"replies":[{"embeddable":true,"href":"https:\/\/hookahshop.lt\/lv\/wp-json\/wp\/v2\/comments?post=36058"}],"version-history":[{"count":2,"href":"https:\/\/hookahshop.lt\/lv\/wp-json\/wp\/v2\/product\/36058\/revisions"}],"predecessor-version":[{"id":36101,"href":"https:\/\/hookahshop.lt\/lv\/wp-json\/wp\/v2\/product\/36058\/revisions\/36101"}],"wp:featuredmedia":[{"embeddable":true,"href":"https:\/\/hookahshop.lt\/lv\/wp-json\/wp\/v2\/media\/36059"}],"wp:attachment":[{"href":"https:\/\/hookahshop.lt\/lv\/wp-json\/wp\/v2\/media?parent=36058"}],"curies":[{"name":"wp","href":"https:\/\/api.w.org\/{rel}","templated":true}]}}