{"id":36062,"date":"2023-05-07T01:15:33","date_gmt":"2023-05-06T22:15:33","guid":{"rendered":"https:\/\/hookahshop.lt\/?post_type=product&#038;p=36062"},"modified":"2026-04-13T23:29:37","modified_gmt":"2026-04-13T20:29:37","slug":"stikline-vandens-pypke-black-matte-30cm","status":"publish","type":"product","link":"https:\/\/hookahshop.lt\/lv\/produkt\/stikls-udens-caurule-melns-matets-30cm\/","title":{"rendered":"Stikla \u016bdens caurule Black Matte 30cm"},"content":{"rendered":"<h2>Stikla \u016bdens caurule Black Matte 30cm<\/h2>\n<p>Mat\u0113ts melns bongs ar diviem caurumiem \u016bdens kamer\u0101 un caurumu ievilk\u0161anas caurul\u0113. \u016adens caurulei ir atsperes atvere un piltuves kauss.<\/p>\n<p><strong>Specifik\u0101cijas:<\/strong><br \/>\nAugstums: 30cm<br \/>\nMateri\u0101ls: borsilik\u0101ta stikls<\/p>\n<p>Vai jums ir k\u0101di jaut\u0101jumi? Sazinies ar mums\u00a0<a href=\"https:\/\/hookahshop.lt\/lv\/kontaktiem\/\">kontaktu lapa<\/a>\u00a0vai rakstiet mums pa e-pastu\u00a0<a href=\"https:\/\/facebook.com\/HookahShop.lt\/\" target=\"_blank\" rel=\"noopener\">Facebook konts<\/a>\u00a0un m\u0113s atbild\u0113sim uz j\u016bsu piepras\u012bjumu taj\u0101 pa\u0161\u0101 dien\u0101.<\/p>","protected":false},"excerpt":{"rendered":"<p>Stikla \u016bdens caurule Black Matte 30cm Mat\u0113ts melns bongs ar diviem caurumiem \u016bdens kamer\u0101 un caurumu ievilk\u0161anas caurul\u0113. \u016adens caurulei ir atsperes atvere un piltuves kauss. Specifik\u0101cijas: Augstums: 30cm Materi\u0101ls: borsilik\u0101ta stikls Vai ir k\u0101di jaut\u0101jumi? Sazinieties ar mums kontaktu lap\u0101 vai rakstiet mums uz m\u016bsu Facebook kontu un m\u0113s atbild\u0113sim uz j\u016bsu piepras\u012bjumu taj\u0101 pa\u0161\u0101 dien\u0101.<\/p>","protected":false},"featured_media":36063,"comment_status":"open","ping_status":"closed","template":"","meta":[],"_links":{"self":[{"href":"https:\/\/hookahshop.lt\/lv\/wp-json\/wp\/v2\/product\/36062"}],"collection":[{"href":"https:\/\/hookahshop.lt\/lv\/wp-json\/wp\/v2\/product"}],"about":[{"href":"https:\/\/hookahshop.lt\/lv\/wp-json\/wp\/v2\/types\/product"}],"replies":[{"embeddable":true,"href":"https:\/\/hookahshop.lt\/lv\/wp-json\/wp\/v2\/comments?post=36062"}],"version-history":[{"count":3,"href":"https:\/\/hookahshop.lt\/lv\/wp-json\/wp\/v2\/product\/36062\/revisions"}],"predecessor-version":[{"id":40784,"href":"https:\/\/hookahshop.lt\/lv\/wp-json\/wp\/v2\/product\/36062\/revisions\/40784"}],"wp:featuredmedia":[{"embeddable":true,"href":"https:\/\/hookahshop.lt\/lv\/wp-json\/wp\/v2\/media\/36063"}],"wp:attachment":[{"href":"https:\/\/hookahshop.lt\/lv\/wp-json\/wp\/v2\/media?parent=36062"}],"curies":[{"name":"wp","href":"https:\/\/api.w.org\/{rel}","templated":true}]}}