{"id":36066,"date":"2023-05-07T01:20:18","date_gmt":"2023-05-06T22:20:18","guid":{"rendered":"https:\/\/hookahshop.lt\/?post_type=product&#038;p=36066"},"modified":"2026-04-13T23:29:37","modified_gmt":"2026-04-13T20:29:37","slug":"akriline-vandens-pypke-jamaica-40cm","status":"publish","type":"product","link":"https:\/\/hookahshop.lt\/lv\/produkt\/akrils-udens-pipe-jamaica-40cm\/","title":{"rendered":"Akrila \u016bdens caurule Jamaika 40cm"},"content":{"rendered":"<h2>Akrila \u016bdens caurule Jamaika 40cm<\/h2>\n<p>Akrila, cilindriska forma ar gumijas p\u0113du un gradientu kr\u0101su p\u0101reju.<\/p>\n<p><strong>Specifik\u0101cijas:<\/strong><br \/>\nAugstums: 40 cm<br \/>\nMateri\u0101ls: akrils<\/p>\n<p>&nbsp;<\/p>\n<p>Vai jums ir k\u0101di jaut\u0101jumi? Sazinies ar mums\u00a0<a href=\"https:\/\/hookahshop.lt\/lv\/kontaktiem\/\">kontaktu lapa<\/a>\u00a0vai rakstiet mums pa e-pastu\u00a0<a href=\"https:\/\/facebook.com\/HookahShop.lt\/\" target=\"_blank\" rel=\"noopener\">Facebook konts<\/a>\u00a0un m\u0113s atbild\u0113sim uz j\u016bsu piepras\u012bjumu taj\u0101 pa\u0161\u0101 dien\u0101.<\/p>","protected":false},"excerpt":{"rendered":"<p>Akrila \u016bdens caurule Jamaica 40cm Akrila, cilindriska forma ar gumijas p\u0113du un gradientu kr\u0101su p\u0101reju. Specifik\u0101cijas: Augstums: 40cm Materi\u0101ls: Akrils Vai ir k\u0101di jaut\u0101jumi? Sazinieties ar mums kontaktu lap\u0101 vai rakstiet mums uz m\u016bsu Facebook kontu un m\u0113s atbild\u0113sim uz j\u016bsu piepras\u012bjumu taj\u0101 pa\u0161\u0101 dien\u0101.<\/p>","protected":false},"featured_media":36067,"comment_status":"open","ping_status":"closed","template":"","meta":[],"_links":{"self":[{"href":"https:\/\/hookahshop.lt\/lv\/wp-json\/wp\/v2\/product\/36066"}],"collection":[{"href":"https:\/\/hookahshop.lt\/lv\/wp-json\/wp\/v2\/product"}],"about":[{"href":"https:\/\/hookahshop.lt\/lv\/wp-json\/wp\/v2\/types\/product"}],"replies":[{"embeddable":true,"href":"https:\/\/hookahshop.lt\/lv\/wp-json\/wp\/v2\/comments?post=36066"}],"version-history":[{"count":5,"href":"https:\/\/hookahshop.lt\/lv\/wp-json\/wp\/v2\/product\/36066\/revisions"}],"predecessor-version":[{"id":45200,"href":"https:\/\/hookahshop.lt\/lv\/wp-json\/wp\/v2\/product\/36066\/revisions\/45200"}],"wp:featuredmedia":[{"embeddable":true,"href":"https:\/\/hookahshop.lt\/lv\/wp-json\/wp\/v2\/media\/36067"}],"wp:attachment":[{"href":"https:\/\/hookahshop.lt\/lv\/wp-json\/wp\/v2\/media?parent=36066"}],"curies":[{"name":"wp","href":"https:\/\/api.w.org\/{rel}","templated":true}]}}