{"id":36078,"date":"2023-05-07T01:30:30","date_gmt":"2023-05-06T22:30:30","guid":{"rendered":"https:\/\/hookahshop.lt\/?post_type=product&#038;p=36078"},"modified":"2026-04-10T12:51:53","modified_gmt":"2026-04-10T09:51:53","slug":"akriline-vandens-pypke-gray-30cm","status":"publish","type":"product","link":"https:\/\/hookahshop.lt\/lv\/produkt\/akrils-udens-pipe-peleks-30cm\/","title":{"rendered":"Akrila \u016bdens caurule Pel\u0113ka 30cm"},"content":{"rendered":"<h2>Akrila \u016bdens caurule Pel\u0113ka 30cm<\/h2>\n<p>Melns akrila bongs ar maziem punktiem. Praktiski ce\u013cojot un m\u0101j\u0101s. K\u0101ja ir no\u0146emama dro\u0161ai transport\u0113\u0161anai, un \u010dillumu var no\u0146emt un atskr\u016bv\u0113t.<\/p>\n<p><strong>Specifik\u0101cijas:<\/strong><br \/>\nAugstums: 30cm<br \/>\nKr\u0101sa melna<br \/>\nMateri\u0101ls: akrils<\/p>\n<p>Vai jums ir k\u0101di jaut\u0101jumi? Sazinies ar mums\u00a0<a href=\"https:\/\/hookahshop.lt\/lv\/kontaktiem\/\">kontaktu lapa<\/a>\u00a0vai rakstiet mums pa e-pastu\u00a0<a href=\"https:\/\/facebook.com\/HookahShop.lt\/\" target=\"_blank\" rel=\"noopener\">Facebook konts<\/a>\u00a0un m\u0113s atbild\u0113sim uz j\u016bsu piepras\u012bjumu taj\u0101 pa\u0161\u0101 dien\u0101.<\/p>","protected":false},"excerpt":{"rendered":"<p>Akrila \u016bdensp\u012bpe Pel\u0113ka 30cm Melna akrila bongs ar maziem punktiem. Praktiski ce\u013cojot un m\u0101j\u0101s. K\u0101ja ir no\u0146emama dro\u0161ai transport\u0113\u0161anai, un \u010dillumu var no\u0146emt un atskr\u016bv\u0113t. Specifik\u0101cijas: Augstums: 30cm Kr\u0101sa: Melns Materi\u0101ls: Akrils Vai ir k\u0101di jaut\u0101jumi? Sazinieties ar mums kontaktu lap\u0101 vai rakstiet mums uz m\u016bsu Facebook kontu un m\u0113s atbild\u0113sim uz j\u016bsu piepras\u012bjumu taj\u0101 pa\u0161\u0101 dien\u0101.<\/p>","protected":false},"featured_media":41320,"comment_status":"open","ping_status":"closed","template":"","meta":[],"_links":{"self":[{"href":"https:\/\/hookahshop.lt\/lv\/wp-json\/wp\/v2\/product\/36078"}],"collection":[{"href":"https:\/\/hookahshop.lt\/lv\/wp-json\/wp\/v2\/product"}],"about":[{"href":"https:\/\/hookahshop.lt\/lv\/wp-json\/wp\/v2\/types\/product"}],"replies":[{"embeddable":true,"href":"https:\/\/hookahshop.lt\/lv\/wp-json\/wp\/v2\/comments?post=36078"}],"version-history":[{"count":3,"href":"https:\/\/hookahshop.lt\/lv\/wp-json\/wp\/v2\/product\/36078\/revisions"}],"predecessor-version":[{"id":45199,"href":"https:\/\/hookahshop.lt\/lv\/wp-json\/wp\/v2\/product\/36078\/revisions\/45199"}],"wp:featuredmedia":[{"embeddable":true,"href":"https:\/\/hookahshop.lt\/lv\/wp-json\/wp\/v2\/media\/41320"}],"wp:attachment":[{"href":"https:\/\/hookahshop.lt\/lv\/wp-json\/wp\/v2\/media?parent=36078"}],"curies":[{"name":"wp","href":"https:\/\/api.w.org\/{rel}","templated":true}]}}