{"id":36086,"date":"2023-05-07T01:41:43","date_gmt":"2023-05-06T22:41:43","guid":{"rendered":"https:\/\/hookahshop.lt\/?post_type=product&#038;p=36086"},"modified":"2026-04-06T23:29:30","modified_gmt":"2026-04-06T20:29:30","slug":"popiereliai-raw-rolls-king-size-3m","status":"publish","type":"product","link":"https:\/\/hookahshop.lt\/lv\/produkt\/papiri-raw-rolls-king-size-3m\/","title":{"rendered":"Pap\u012bri RAW Rolls King Size 3m"},"content":{"rendered":"<h2>Pap\u012bri RAW Rolls King Size 3m<\/h2>\n<p>Rolling RAW cigare\u0161u pap\u012brs - izgatavots no organisk\u0101m, neapstr\u0101d\u0101t\u0101m un nebalin\u0101t\u0101m dab\u012bg\u0101m \u0161\u0137iedr\u0101m.<\/p>\n<p><strong>Specifik\u0101cijas:<\/strong><br \/>\nIlgums: 3 gadi<br \/>\nPlatums: 54mm<\/p>\n<p>Vai jums ir k\u0101di jaut\u0101jumi? Sazinies ar mums\u00a0<a href=\"https:\/\/hookahshop.lt\/lv\/kontaktiem\/\">kontaktu lapa<\/a>\u00a0vai rakstiet mums pa e-pastu\u00a0<a href=\"https:\/\/facebook.com\/HookahShop.lt\/\" target=\"_blank\" rel=\"noopener\">Facebook konts<\/a>\u00a0un m\u0113s atbild\u0113sim uz j\u016bsu piepras\u012bjumu taj\u0101 pa\u0161\u0101 dien\u0101.<\/p>","protected":false},"excerpt":{"rendered":"<p>Papers RAW Rolls King Size 3m Rolling RAW cigare\u0161u pap\u012brs - izgatavots no organisk\u0101m, neapstr\u0101d\u0101t\u0101m un nebalin\u0101t\u0101m dab\u012bg\u0101m \u0161\u0137iedr\u0101m. Specifik\u0101cijas: Garums: 3m Platums: 54mm Jaut\u0101jumi? Sazinieties ar mums kontaktu lap\u0101 vai rakstiet mums uz m\u016bsu Facebook kontu un m\u0113s atbild\u0113sim uz j\u016bsu piepras\u012bjumu taj\u0101 pa\u0161\u0101 dien\u0101.<\/p>","protected":false},"featured_media":36087,"comment_status":"open","ping_status":"closed","template":"","meta":[],"_links":{"self":[{"href":"https:\/\/hookahshop.lt\/lv\/wp-json\/wp\/v2\/product\/36086"}],"collection":[{"href":"https:\/\/hookahshop.lt\/lv\/wp-json\/wp\/v2\/product"}],"about":[{"href":"https:\/\/hookahshop.lt\/lv\/wp-json\/wp\/v2\/types\/product"}],"replies":[{"embeddable":true,"href":"https:\/\/hookahshop.lt\/lv\/wp-json\/wp\/v2\/comments?post=36086"}],"version-history":[{"count":5,"href":"https:\/\/hookahshop.lt\/lv\/wp-json\/wp\/v2\/product\/36086\/revisions"}],"predecessor-version":[{"id":45214,"href":"https:\/\/hookahshop.lt\/lv\/wp-json\/wp\/v2\/product\/36086\/revisions\/45214"}],"wp:featuredmedia":[{"embeddable":true,"href":"https:\/\/hookahshop.lt\/lv\/wp-json\/wp\/v2\/media\/36087"}],"wp:attachment":[{"href":"https:\/\/hookahshop.lt\/lv\/wp-json\/wp\/v2\/media?parent=36086"}],"curies":[{"name":"wp","href":"https:\/\/api.w.org\/{rel}","templated":true}]}}