{"id":36205,"date":"2023-05-18T15:11:50","date_gmt":"2023-05-18T12:11:50","guid":{"rendered":"https:\/\/hookahshop.lt\/?post_type=product&#038;p=36205"},"modified":"2026-04-06T23:29:30","modified_gmt":"2026-04-06T20:29:30","slug":"krepsys-kaljanui-hoob-long","status":"publish","type":"product","link":"https:\/\/hookahshop.lt\/lv\/produkt\/udenspipe-grozs-hoob-gar\/","title":{"rendered":"\u016adensp\u012bpes soma HOOB Long"},"content":{"rendered":"<h2>\u016adensp\u012bpes soma HOOB Long<\/h2>\n<p>Paredz\u0113ts \u016bdensp\u012bpes un mazu piederumu dro\u0161ai uzglab\u0101\u0161anai un p\u0101rn\u0113s\u0101\u0161anai. Gara soma l\u012bdz 80 cm garu \u016bdensp\u012bpju \u0113rtai transport\u0113\u0161anai un p\u0101rn\u0113s\u0101\u0161anai.<br \/>\nSoma ir polster\u0113ta, un t\u0101s iek\u0161pus\u0113 ir \u012bpa\u0161i stiprin\u0101jumi.<br \/>\nParedz\u0113ts 60-80 cm garu \u016bdensp\u012bpju p\u0101rn\u0113s\u0101\u0161anai. Tam ir ar\u012b papildu kabatas maziem priek\u0161metiem.<\/p>\n<p><strong>Specifik\u0101cija:<\/strong><br \/>\nMateri\u0101ls: vaskots audekls un \u012bsta \u0101da.<br \/>\nIzm\u0113ri: ~80cm<\/p>\n<p>Vai jums ir k\u0101di jaut\u0101jumi? Sazinies ar mums\u00a0<a href=\"https:\/\/hookahshop.lt\/lv\/kontaktiem\/\">kontaktu lapa<\/a>\u00a0vai rakstiet mums pa e-pastu\u00a0<a href=\"https:\/\/facebook.com\/HookahShop.lt\/\" target=\"_blank\" rel=\"noopener noreferrer\">Facebook konts<\/a> un m\u0113s atbild\u0113sim uz j\u016bsu piepras\u012bjumu taj\u0101 pa\u0161\u0101 dien\u0101.<\/p>","protected":false},"excerpt":{"rendered":"<p>Soma \u016bdensp\u012bpei HOOB Long Paredz\u0113ta \u016bdensp\u012bpes un mazu piederumu dro\u0161ai uzglab\u0101\u0161anai un p\u0101rn\u0113s\u0101\u0161anai. Gara soma l\u012bdz 80 cm garu \u016bdensp\u012bpju \u0113rtai transport\u0113\u0161anai un p\u0101rn\u0113s\u0101\u0161anai. Soma ir polster\u0113ta, un t\u0101s iek\u0161pus\u0113 ir \u012bpa\u0161i stiprin\u0101jumi. Paredz\u0113ts 60-80 cm garu \u016bdensp\u012bpju p\u0101rn\u0113s\u0101\u0161anai. Tam ir ar\u012b papildu kabatas maziem priek\u0161metiem. Specifik\u0101cija: Materi\u0101ls: vaskots audekls un dab\u012bgs [...]<\/p>","protected":false},"featured_media":36212,"comment_status":"open","ping_status":"closed","template":"","meta":[],"_links":{"self":[{"href":"https:\/\/hookahshop.lt\/lv\/wp-json\/wp\/v2\/product\/36205"}],"collection":[{"href":"https:\/\/hookahshop.lt\/lv\/wp-json\/wp\/v2\/product"}],"about":[{"href":"https:\/\/hookahshop.lt\/lv\/wp-json\/wp\/v2\/types\/product"}],"replies":[{"embeddable":true,"href":"https:\/\/hookahshop.lt\/lv\/wp-json\/wp\/v2\/comments?post=36205"}],"version-history":[{"count":2,"href":"https:\/\/hookahshop.lt\/lv\/wp-json\/wp\/v2\/product\/36205\/revisions"}],"predecessor-version":[{"id":36210,"href":"https:\/\/hookahshop.lt\/lv\/wp-json\/wp\/v2\/product\/36205\/revisions\/36210"}],"wp:featuredmedia":[{"embeddable":true,"href":"https:\/\/hookahshop.lt\/lv\/wp-json\/wp\/v2\/media\/36212"}],"wp:attachment":[{"href":"https:\/\/hookahshop.lt\/lv\/wp-json\/wp\/v2\/media?parent=36205"}],"curies":[{"name":"wp","href":"https:\/\/api.w.org\/{rel}","templated":true}]}}