{"id":36213,"date":"2023-05-18T15:42:55","date_gmt":"2023-05-18T12:42:55","guid":{"rendered":"https:\/\/hookahshop.lt\/?post_type=product&#038;p=36213"},"modified":"2026-04-06T23:29:30","modified_gmt":"2026-04-06T20:29:30","slug":"krepsys-kaljanui-ykap","status":"publish","type":"product","link":"https:\/\/hookahshop.lt\/lv\/produkt\/grozi-udenspipe-ykap\/","title":{"rendered":"Soma \u016bdensp\u012bpei YKAP"},"content":{"rendered":"<h2>Soma \u016bdensp\u012bpei YKAP<\/h2>\n<p>Paredz\u0113ts \u016bdensp\u012bpes un mazu piederumu dro\u0161ai uzglab\u0101\u0161anai un p\u0101rn\u0113s\u0101\u0161anai. Polster\u0113tajai somai ir \u0113rti rokturi un iek\u0161\u0113j\u0101s kabatas cauru\u013cu deta\u013cu uzglab\u0101\u0161anai, padarot to ide\u0101li piem\u0113rotu ce\u013cojumiem!<\/p>\n<p><strong>Specifik\u0101cija:<\/strong><br \/>\nGarums: ~80cm<\/p>\n<p>Vai jums ir k\u0101di jaut\u0101jumi? Sazinies ar mums\u00a0<a href=\"https:\/\/hookahshop.lt\/lv\/kontaktiem\/\">kontaktu lapa<\/a>\u00a0vai rakstiet mums pa e-pastu\u00a0<a href=\"https:\/\/facebook.com\/HookahShop.lt\/\" target=\"_blank\" rel=\"noopener noreferrer\">Facebook konts<\/a> un m\u0113s atbild\u0113sim uz j\u016bsu piepras\u012bjumu taj\u0101 pa\u0161\u0101 dien\u0101.<\/p>","protected":false},"excerpt":{"rendered":"<p>Soma \u016bdensp\u012bpei YKAP Paredz\u0113ta dro\u0161ai \u016bdensp\u012bpes un mazu piederumu uzglab\u0101\u0161anai un p\u0101rn\u0113s\u0101\u0161anai. Polster\u0113tajai somai ir \u0113rti rokturi un iek\u0161\u0113j\u0101s kabatas cauru\u013cu deta\u013cu uzglab\u0101\u0161anai, padarot to ide\u0101li piem\u0113rotu ce\u013cojumiem! Specifik\u0101cija: Garums: ~80cm Vai jums ir k\u0101di jaut\u0101jumi? Sazinieties ar mums kontaktu lap\u0101 vai rakstiet mums uz m\u016bsu Facebook kontu un m\u0113s atbild\u0113sim uz j\u016bsu piepras\u012bjumu taj\u0101 pa\u0161\u0101 dien\u0101.<\/p>","protected":false},"featured_media":36214,"comment_status":"open","ping_status":"closed","template":"","meta":[],"_links":{"self":[{"href":"https:\/\/hookahshop.lt\/lv\/wp-json\/wp\/v2\/product\/36213"}],"collection":[{"href":"https:\/\/hookahshop.lt\/lv\/wp-json\/wp\/v2\/product"}],"about":[{"href":"https:\/\/hookahshop.lt\/lv\/wp-json\/wp\/v2\/types\/product"}],"replies":[{"embeddable":true,"href":"https:\/\/hookahshop.lt\/lv\/wp-json\/wp\/v2\/comments?post=36213"}],"version-history":[{"count":4,"href":"https:\/\/hookahshop.lt\/lv\/wp-json\/wp\/v2\/product\/36213\/revisions"}],"predecessor-version":[{"id":36221,"href":"https:\/\/hookahshop.lt\/lv\/wp-json\/wp\/v2\/product\/36213\/revisions\/36221"}],"wp:featuredmedia":[{"embeddable":true,"href":"https:\/\/hookahshop.lt\/lv\/wp-json\/wp\/v2\/media\/36214"}],"wp:attachment":[{"href":"https:\/\/hookahshop.lt\/lv\/wp-json\/wp\/v2\/media?parent=36213"}],"curies":[{"name":"wp","href":"https:\/\/api.w.org\/{rel}","templated":true}]}}