{"id":36217,"date":"2023-05-18T16:40:39","date_gmt":"2023-05-18T13:40:39","guid":{"rendered":"https:\/\/hookahshop.lt\/?post_type=product&#038;p=36217"},"modified":"2026-04-06T23:29:30","modified_gmt":"2026-04-06T20:29:30","slug":"sakute-kaljano-tabakui-silver","status":"publish","type":"product","link":"https:\/\/hookahshop.lt\/lv\/produkt\/sakute-udenspipe-tabaka-sudrabs\/","title":{"rendered":"Dak\u0161a \u016bdensp\u012bpes tabakai Sudrabs"},"content":{"rendered":"<h2>Dak\u0161a \u016bdensp\u012bpes tabakai Sudrabs<\/h2>\n<p>Izstr\u0101d\u0101ts, lai iesai\u0146otu ide\u0101lu kr\u016bzi ar t\u012br\u0101m rok\u0101m.<\/p>\n<p><strong>Specifik\u0101cija:<\/strong><br \/>\nGarums: 13cm<br \/>\nMateri\u0101ls: Met\u0101ls<br \/>\nKr\u0101sa: Sudraba<\/p>\n<p>Vai jums ir k\u0101di jaut\u0101jumi? Sazinies ar mums\u00a0<a href=\"https:\/\/hookahshop.lt\/lv\/kontaktiem\/\">kontaktu lapa<\/a>\u00a0vai rakstiet mums pa e-pastu\u00a0<a href=\"https:\/\/facebook.com\/HookahShop.lt\/\" target=\"_blank\" rel=\"noopener noreferrer\">Facebook konts<\/a>\u00a0un m\u0113s atbild\u0113sim uz j\u016bsu piepras\u012bjumu taj\u0101 pa\u0161\u0101 dien\u0101.<\/p>\n<p>&nbsp;<\/p>","protected":false},"excerpt":{"rendered":"<p>Shisha Fork Silver Izstr\u0101d\u0101ts, lai iesai\u0146otu ide\u0101lu kr\u016bz\u012bti ar t\u012br\u0101m rok\u0101m. Specifik\u0101cija: Garums: 13cm Materi\u0101ls: Met\u0101ls Kr\u0101sa: Sudrabs Vai ir k\u0101di jaut\u0101jumi? Sazinieties ar mums kontaktu lap\u0101 vai rakstiet mums uz m\u016bsu Facebook kontu un m\u0113s atbild\u0113sim uz j\u016bsu piepras\u012bjumu taj\u0101 pa\u0161\u0101 dien\u0101. &nbsp;<\/p>","protected":false},"featured_media":36218,"comment_status":"open","ping_status":"closed","template":"","meta":[],"_links":{"self":[{"href":"https:\/\/hookahshop.lt\/lv\/wp-json\/wp\/v2\/product\/36217"}],"collection":[{"href":"https:\/\/hookahshop.lt\/lv\/wp-json\/wp\/v2\/product"}],"about":[{"href":"https:\/\/hookahshop.lt\/lv\/wp-json\/wp\/v2\/types\/product"}],"replies":[{"embeddable":true,"href":"https:\/\/hookahshop.lt\/lv\/wp-json\/wp\/v2\/comments?post=36217"}],"version-history":[{"count":4,"href":"https:\/\/hookahshop.lt\/lv\/wp-json\/wp\/v2\/product\/36217\/revisions"}],"predecessor-version":[{"id":44424,"href":"https:\/\/hookahshop.lt\/lv\/wp-json\/wp\/v2\/product\/36217\/revisions\/44424"}],"wp:featuredmedia":[{"embeddable":true,"href":"https:\/\/hookahshop.lt\/lv\/wp-json\/wp\/v2\/media\/36218"}],"wp:attachment":[{"href":"https:\/\/hookahshop.lt\/lv\/wp-json\/wp\/v2\/media?parent=36217"}],"curies":[{"name":"wp","href":"https:\/\/api.w.org\/{rel}","templated":true}]}}