{"id":36297,"date":"2023-06-10T13:28:29","date_gmt":"2023-06-10T10:28:29","guid":{"rendered":"https:\/\/hookahshop.lt\/?post_type=product&#038;p=36297"},"modified":"2026-04-13T16:23:57","modified_gmt":"2026-04-13T13:23:57","slug":"taurele-kaljanui-darkside-shot","status":"publish","type":"product","link":"https:\/\/hookahshop.lt\/lv\/produkt\/udenspipe-stikls-darksside-shot\/","title":{"rendered":"Kr\u016bz\u012bte \u016bdensp\u012bpei DARKSIDE Shot"},"content":{"rendered":"<h2>Kr\u016bz\u012bte \u016bdensp\u012bpei DARKSIDE Shot<\/h2>\n<p>Ietver nelielu daudzumu tabakas, un tam ir lieliska veiktsp\u0113ja un intens\u012bva gar\u0161a. Darkside ir augstas kvalit\u0101tes \u016bdensp\u012bpes produktu z\u012bmols, ko nov\u0113rt\u0113 daudzi \u016bdensp\u012bpes lietot\u0101ji.<br \/>\nTabakas tase satur 15-20 g.<\/p>\n<p><strong>Specifik\u0101cijas:<\/strong><br \/>\nDiametrs: 7,5 cm<br \/>\nAugstums: 8 cm<br \/>\nMateri\u0101ls: m\u0101ls<br \/>\nKr\u0101sa melna<\/p>\n<p>Vai jums ir k\u0101di jaut\u0101jumi? Sazinies ar mums\u00a0<a href=\"https:\/\/hookahshop.lt\/lv\/kontaktiem\/\">kontaktu lapa<\/a>\u00a0vai rakstiet mums pa e-pastu\u00a0<a href=\"https:\/\/facebook.com\/HookahShop.lt\/\" target=\"_blank\" rel=\"noopener\">Facebook konts<\/a>\u00a0un m\u0113s atbild\u0113sim uz j\u016bsu piepras\u012bjumu taj\u0101 pa\u0161\u0101 dien\u0101.<\/p>\n<p>&nbsp;<\/p>","protected":false},"excerpt":{"rendered":"<p>\u016adensp\u012bpes kr\u016bz\u012bte DARKSIDE Shot. Satur nelielu tabakas daudzumu un tai ir lieliska veiktsp\u0113ja un intens\u012bva gar\u0161a. Darkside ir augstas kvalit\u0101tes \u016bdensp\u012bpes produktu z\u012bmols, ko nov\u0113rt\u0113 daudzi \u016bdensp\u012bpes lietot\u0101ji. Tabakas kr\u016bz\u012btes svars ir 15\u201320 g. Specifik\u0101cijas: Diametrs: 7,5 cm Augstums: 8 cm Materi\u0101ls: m\u0101ls Kr\u0101sa: melna Vai jums ir k\u0101di jaut\u0101jumi? Sazinieties ar mums kontaktlap\u0101 vai rakstiet mums Facebook, un m\u0113s atbild\u0113sim [\u2026]<\/p>","protected":false},"featured_media":36301,"comment_status":"open","ping_status":"closed","template":"","meta":[],"_links":{"self":[{"href":"https:\/\/hookahshop.lt\/lv\/wp-json\/wp\/v2\/product\/36297"}],"collection":[{"href":"https:\/\/hookahshop.lt\/lv\/wp-json\/wp\/v2\/product"}],"about":[{"href":"https:\/\/hookahshop.lt\/lv\/wp-json\/wp\/v2\/types\/product"}],"replies":[{"embeddable":true,"href":"https:\/\/hookahshop.lt\/lv\/wp-json\/wp\/v2\/comments?post=36297"}],"version-history":[{"count":4,"href":"https:\/\/hookahshop.lt\/lv\/wp-json\/wp\/v2\/product\/36297\/revisions"}],"predecessor-version":[{"id":45205,"href":"https:\/\/hookahshop.lt\/lv\/wp-json\/wp\/v2\/product\/36297\/revisions\/45205"}],"wp:featuredmedia":[{"embeddable":true,"href":"https:\/\/hookahshop.lt\/lv\/wp-json\/wp\/v2\/media\/36301"}],"wp:attachment":[{"href":"https:\/\/hookahshop.lt\/lv\/wp-json\/wp\/v2\/media?parent=36297"}],"curies":[{"name":"wp","href":"https:\/\/api.w.org\/{rel}","templated":true}]}}