{"id":36304,"date":"2023-06-10T15:25:49","date_gmt":"2023-06-10T12:25:49","guid":{"rendered":"https:\/\/hookahshop.lt\/?post_type=product&#038;p=36304"},"modified":"2026-05-03T23:30:26","modified_gmt":"2026-05-03T20:30:26","slug":"taurele-kaljanui-vyro-phunnel-helsinki","status":"publish","type":"product","link":"https:\/\/hookahshop.lt\/lv\/produkt\/kauss-udenspipe-cilvekam-phunnel-helsinki\/","title":{"rendered":"\u016adensp\u012bpes kauss V\u012aRIE\u0160I Phunnel Helsinki"},"content":{"rendered":"<h2>\u016adensp\u012bpes kauss V\u012aRIE\u0160I Phunnel Helsinki<\/h2>\n<p>Pateicoties unik\u0101lajam un kompaktajam dizainam, kr\u016bze ir ide\u0101ls ce\u013cabiedrs. Kr\u016bz\u012bte ir piln\u012bb\u0101 glaz\u0113ta, lai nodro\u0161in\u0101tu optim\u0101lu siltuma sadali un v\u0113lamo j\u016bsu iecien\u012bt\u0101k\u0101s tabakas gar\u0161u.<br \/>\nTabakas tase satur 12-15 g.<\/p>\n<p><strong>Specifik\u0101cijas:<\/strong><br \/>\nDiametrs: 7 cm<br \/>\nAugstums: 4 cm<br \/>\nMateri\u0101ls: m\u0101ls<br \/>\nKr\u0101sa: melna, balta<\/p>\n<p>Vai jums ir k\u0101di jaut\u0101jumi? Sazinies ar mums\u00a0<a href=\"https:\/\/hookahshop.lt\/lv\/kontaktiem\/\">kontaktu lapa<\/a>\u00a0vai rakstiet mums pa e-pastu\u00a0<a href=\"https:\/\/facebook.com\/HookahShop.lt\/\" target=\"_blank\" rel=\"noopener\">Facebook konts<\/a>\u00a0un m\u0113s atbild\u0113sim uz j\u016bsu piepras\u012bjumu taj\u0101 pa\u0161\u0101 dien\u0101.<\/p>","protected":false},"excerpt":{"rendered":"<p>\u016adensp\u012bpes b\u013codi\u0146a VYRO Phunnel Helsinki Pateicoties unik\u0101lajam un kompaktajam dizainam, b\u013codi\u0146a ir ide\u0101ls ce\u013cojumu biedrs. B\u013coda ir piln\u012bb\u0101 glaz\u0113ta, lai optim\u0101li sadal\u012btu siltumu un nodro\u0161in\u0101tu v\u0113lamo j\u016bsu iecien\u012bt\u0101k\u0101s tabakas gar\u0161u. Tabakas b\u013codi\u0146as svars ir 12\u201315 g. Specifik\u0101cijas: Diametrs: 7 cm Augstums: 4 cm Materi\u0101ls: m\u0101ls Kr\u0101sa: melna, balta Vai jums ir k\u0101di jaut\u0101jumi? Sazinieties ar mums kontaktlap\u0101 vai rakstiet mums Facebook [\u2026]<\/p>","protected":false},"featured_media":36305,"comment_status":"open","ping_status":"closed","template":"","meta":[],"_links":{"self":[{"href":"https:\/\/hookahshop.lt\/lv\/wp-json\/wp\/v2\/product\/36304"}],"collection":[{"href":"https:\/\/hookahshop.lt\/lv\/wp-json\/wp\/v2\/product"}],"about":[{"href":"https:\/\/hookahshop.lt\/lv\/wp-json\/wp\/v2\/types\/product"}],"replies":[{"embeddable":true,"href":"https:\/\/hookahshop.lt\/lv\/wp-json\/wp\/v2\/comments?post=36304"}],"version-history":[{"count":2,"href":"https:\/\/hookahshop.lt\/lv\/wp-json\/wp\/v2\/product\/36304\/revisions"}],"predecessor-version":[{"id":36307,"href":"https:\/\/hookahshop.lt\/lv\/wp-json\/wp\/v2\/product\/36304\/revisions\/36307"}],"wp:featuredmedia":[{"embeddable":true,"href":"https:\/\/hookahshop.lt\/lv\/wp-json\/wp\/v2\/media\/36305"}],"wp:attachment":[{"href":"https:\/\/hookahshop.lt\/lv\/wp-json\/wp\/v2\/media?parent=36304"}],"curies":[{"name":"wp","href":"https:\/\/api.w.org\/{rel}","templated":true}]}}