{"id":36316,"date":"2023-06-10T15:42:47","date_gmt":"2023-06-10T12:42:47","guid":{"rendered":"https:\/\/hookahshop.lt\/?post_type=product&#038;p=36316"},"modified":"2026-04-21T23:30:15","modified_gmt":"2026-04-21T20:30:15","slug":"taurele-kaljanui-target-phunnel-yellow-white","status":"publish","type":"product","link":"https:\/\/hookahshop.lt\/lv\/produkt\/kauss-udenspipe-merka-piltuve-dzeltens-balts\/","title":{"rendered":"\u016adensp\u012bpes kr\u016bze TARGET Phunnel Yellow White"},"content":{"rendered":"<h2>\u016adensp\u012bpes kr\u016bze TARGET Phunnel Yellow White<\/h2>\n<p>Viegli izvelkamais kauss ir izgatavots no augstas kvalit\u0101tes m\u0101la. To vair\u0101kas reizes kars\u0113ja, lai kr\u016bze kalpotu ilg\u0101k.<br \/>\nTabakas kr\u016bze satur 18-23 g.<\/p>\n<p><strong>Specifik\u0101cijas:<\/strong><br \/>\nSuga: phennel<br \/>\nDiametrs: 7,5 cm<br \/>\nAugstums: 11,5 cm<br \/>\nMateri\u0101ls: m\u0101ls<br \/>\nKr\u0101sa: balta, dzeltena<\/p>\n<p>Vai jums ir k\u0101di jaut\u0101jumi? Sazinies ar mums\u00a0<a href=\"https:\/\/hookahshop.lt\/lv\/kontaktiem\/\">kontaktu lapa<\/a>\u00a0vai rakstiet mums pa e-pastu\u00a0<a href=\"https:\/\/facebook.com\/HookahShop.lt\/\" target=\"_blank\" rel=\"noopener\">Facebook konts<\/a>\u00a0un m\u0113s atbild\u0113sim uz j\u016bsu piepras\u012bjumu taj\u0101 pa\u0161\u0101 dien\u0101.<\/p>\n<p>&nbsp;<\/p>","protected":false},"excerpt":{"rendered":"<p>B\u013coda \u016bdensp\u012bpei TARGET Phunnel Yellow White Light trauks no augstas kvalit\u0101tes m\u0101la. To vair\u0101kas reizes kars\u0113ja, lai kr\u016bze kalpotu ilg\u0101k. Tabakas kr\u016bze satur 18-23 g. Specifik\u0101cijas: Tips: phunnel Diametrs: 7,5 cm Augstums: 11,5 cm Materi\u0101ls: m\u0101ls Kr\u0101sa: balta, dzeltena Vai ir k\u0101di jaut\u0101jumi? Sazinieties ar mums kontaktu lap\u0101 vai rakstiet mums uz m\u016bsu Facebook kontu un m\u0113s atbild\u0113sim [\u2026]<\/p>","protected":false},"featured_media":36317,"comment_status":"open","ping_status":"closed","template":"","meta":[],"_links":{"self":[{"href":"https:\/\/hookahshop.lt\/lv\/wp-json\/wp\/v2\/product\/36316"}],"collection":[{"href":"https:\/\/hookahshop.lt\/lv\/wp-json\/wp\/v2\/product"}],"about":[{"href":"https:\/\/hookahshop.lt\/lv\/wp-json\/wp\/v2\/types\/product"}],"replies":[{"embeddable":true,"href":"https:\/\/hookahshop.lt\/lv\/wp-json\/wp\/v2\/comments?post=36316"}],"version-history":[{"count":3,"href":"https:\/\/hookahshop.lt\/lv\/wp-json\/wp\/v2\/product\/36316\/revisions"}],"predecessor-version":[{"id":45725,"href":"https:\/\/hookahshop.lt\/lv\/wp-json\/wp\/v2\/product\/36316\/revisions\/45725"}],"wp:featuredmedia":[{"embeddable":true,"href":"https:\/\/hookahshop.lt\/lv\/wp-json\/wp\/v2\/media\/36317"}],"wp:attachment":[{"href":"https:\/\/hookahshop.lt\/lv\/wp-json\/wp\/v2\/media?parent=36316"}],"curies":[{"name":"wp","href":"https:\/\/api.w.org\/{rel}","templated":true}]}}