{"id":36320,"date":"2023-06-10T15:53:04","date_gmt":"2023-06-10T12:53:04","guid":{"rendered":"https:\/\/hookahshop.lt\/?post_type=product&#038;p=36320"},"modified":"2026-04-15T23:29:30","modified_gmt":"2026-04-15T20:29:30","slug":"taurele-kaljanui-moon-phunnel-marble-blue","status":"publish","type":"product","link":"https:\/\/hookahshop.lt\/lv\/produkt\/kauss-udenspipe-meness-piltuve-marmors-zils\/","title":{"rendered":"\u016adensp\u012bpes kauss MOON Phunnel Marble Blue"},"content":{"rendered":"<h2>\u016adensp\u012bpes kauss MOON Phunnel Marble Blue<\/h2>\n<p>Roku darbs, izcils izpild\u012bjums, izgatavots no augstas kvalit\u0101tes m\u0101la, glaz\u0113ta kauss. Augstas kvalit\u0101tes m\u0101ls un glaz\u016bra ir ide\u0101la kombin\u0101cija. Kr\u016bz\u012bte ir piem\u0113rota gan tum\u0161ai, gan gai\u0161ai tabakai.<br \/>\nKr\u016bz\u012btes ietilp\u012bba ir aptuveni 15 g (atkar\u012bb\u0101 no izmantot\u0101s iepako\u0161anas metodes).<br \/>\nTabakas sadal\u012b\u0161anai kr\u016bz\u0113 ir piestiprin\u0101ta koka dak\u0161a.<\/p>\n<p><strong>Raksturojums:<\/strong><br \/>\nMateri\u0101ls: m\u0101ls<br \/>\nAugstums: ~ 12 cm<br \/>\nPlatums: ~ 7,8 cm<br \/>\nTilpums: ~ 1,3 cm<br \/>\nKr\u0101sa: balta, zila<\/p>\n<p>Vai jums ir k\u0101di jaut\u0101jumi? Sazinies ar mums\u00a0<a href=\"https:\/\/hookahshop.lt\/lv\/kontaktiem\/\">kontaktu lapa<\/a>\u00a0vai rakstiet mums pa e-pastu\u00a0<a href=\"https:\/\/facebook.com\/HookahShop.lt\/\" target=\"_blank\" rel=\"noopener\">Facebook konts<\/a>\u00a0un m\u0113s atbild\u0113sim uz j\u016bsu piepras\u012bjumu taj\u0101 pa\u0161\u0101 dien\u0101.<\/p>","protected":false},"excerpt":{"rendered":"<p>Kr\u016bz\u012bte \u016bdensp\u012bpei MOON Phunnel Marble Blue Roku darbs, izcila apstr\u0101de, no augstas kvalit\u0101tes m\u0101la, glaz\u0113ta kr\u016bze. Augstas kvalit\u0101tes m\u0101ls un glaz\u016bra ir ide\u0101la kombin\u0101cija. Kr\u016bz\u012bte ir piem\u0113rota gan tum\u0161ai, gan gai\u0161ai tabakai. Kr\u016bz\u012btes ietilp\u012bba ir aptuveni 15 g (atkar\u012bb\u0101 no izmantot\u0101s iepako\u0161anas metodes). Komplekt\u0101 ir koka dak\u0161a tabakas sadal\u012b\u0161anai kr\u016bz\u0113. Paz\u012bmes: Materi\u0101ls: m\u0101ls Augstums: ~ 12 cm [\u2026]<\/p>","protected":false},"featured_media":36321,"comment_status":"open","ping_status":"closed","template":"","meta":[],"_links":{"self":[{"href":"https:\/\/hookahshop.lt\/lv\/wp-json\/wp\/v2\/product\/36320"}],"collection":[{"href":"https:\/\/hookahshop.lt\/lv\/wp-json\/wp\/v2\/product"}],"about":[{"href":"https:\/\/hookahshop.lt\/lv\/wp-json\/wp\/v2\/types\/product"}],"replies":[{"embeddable":true,"href":"https:\/\/hookahshop.lt\/lv\/wp-json\/wp\/v2\/comments?post=36320"}],"version-history":[{"count":3,"href":"https:\/\/hookahshop.lt\/lv\/wp-json\/wp\/v2\/product\/36320\/revisions"}],"predecessor-version":[{"id":36323,"href":"https:\/\/hookahshop.lt\/lv\/wp-json\/wp\/v2\/product\/36320\/revisions\/36323"}],"wp:featuredmedia":[{"embeddable":true,"href":"https:\/\/hookahshop.lt\/lv\/wp-json\/wp\/v2\/media\/36321"}],"wp:attachment":[{"href":"https:\/\/hookahshop.lt\/lv\/wp-json\/wp\/v2\/media?parent=36320"}],"curies":[{"name":"wp","href":"https:\/\/api.w.org\/{rel}","templated":true}]}}