{"id":36328,"date":"2023-06-10T15:59:00","date_gmt":"2023-06-10T12:59:00","guid":{"rendered":"https:\/\/hookahshop.lt\/?post_type=product&#038;p=36328"},"modified":"2026-04-15T23:29:30","modified_gmt":"2026-04-15T20:29:30","slug":"taurele-kaljanui-moon-phunnel-black-yellow","status":"publish","type":"product","link":"https:\/\/hookahshop.lt\/lv\/produkt\/kauss-udenspipe-meness-piltuve-melns-dzeltens\/","title":{"rendered":"\u016adensp\u012bpes kr\u016bze MOON Phunnel Black Yellow"},"content":{"rendered":"<h2>\u016adensp\u012bpes kr\u016bze MOON Phunnel Black Yellow<\/h2>\n<p>Roku darbs, izcils izpild\u012bjums, izgatavots no augstas kvalit\u0101tes m\u0101la, glaz\u0113ta kauss. Augstas kvalit\u0101tes m\u0101ls un glaz\u016bra ir ide\u0101la kombin\u0101cija. Kr\u016bz\u012bte ir piem\u0113rota gan tum\u0161ai, gan gai\u0161ai tabakai.<br \/>\nKr\u016bz\u012btes ietilp\u012bba ir aptuveni 15 g (atkar\u012bb\u0101 no izmantot\u0101s iepako\u0161anas metodes).<br \/>\nTabakas sadal\u012b\u0161anai kr\u016bz\u0113 ir piestiprin\u0101ta koka dak\u0161a.<\/p>\n<p><strong>Raksturojums:<\/strong><br \/>\nMateri\u0101ls: m\u0101ls<br \/>\nAugstums: ~ 12 cm<br \/>\nPlatums: ~ 7,8 cm<br \/>\nTilpums: ~ 1,3 cm<br \/>\nKr\u0101sa: melna, dzeltena<br \/>\nVai jums ir k\u0101di jaut\u0101jumi? Sazinies ar mums\u00a0<a href=\"https:\/\/hookahshop.lt\/lv\/kontaktiem\/\">kontaktu lapa<\/a>\u00a0vai rakstiet mums pa e-pastu\u00a0<a href=\"https:\/\/facebook.com\/HookahShop.lt\/\" target=\"_blank\" rel=\"noopener\">Facebook konts<\/a>\u00a0un m\u0113s atbild\u0113sim uz j\u016bsu piepras\u012bjumu taj\u0101 pa\u0161\u0101 dien\u0101.<\/p>\n<p>&nbsp;<\/p>","protected":false},"excerpt":{"rendered":"<p>\u016adensp\u012bpes kr\u016bz\u012bte MOON Phunnel Black Yellow Roku darbs, izcila meistar\u012bba, izgatavota no augstas kvalit\u0101tes m\u0101la, glaz\u0113ta kr\u016bz\u012bte. Augstas kvalit\u0101tes m\u0101ls un glaz\u016bra ir lieliska kombin\u0101cija. Kr\u016bz\u012bte ir piem\u0113rota gan tum\u0161ai, gan gai\u0161ai tabakai. Kr\u016bz\u012btes tilpums ir aptuveni 15 g (atkar\u012bb\u0101 no izmantot\u0101s iepako\u0161anas metodes). Komplekt\u0101 ietilpst koka dak\u0161i\u0146a tabakas sadal\u012b\u0161anai kr\u016bz\u012bt\u0113. Raksturojums: Materi\u0101ls: m\u0101ls Augstums: ~ 12 cm [\u2026]<\/p>","protected":false},"featured_media":36329,"comment_status":"open","ping_status":"closed","template":"","meta":[],"_links":{"self":[{"href":"https:\/\/hookahshop.lt\/lv\/wp-json\/wp\/v2\/product\/36328"}],"collection":[{"href":"https:\/\/hookahshop.lt\/lv\/wp-json\/wp\/v2\/product"}],"about":[{"href":"https:\/\/hookahshop.lt\/lv\/wp-json\/wp\/v2\/types\/product"}],"replies":[{"embeddable":true,"href":"https:\/\/hookahshop.lt\/lv\/wp-json\/wp\/v2\/comments?post=36328"}],"version-history":[{"count":2,"href":"https:\/\/hookahshop.lt\/lv\/wp-json\/wp\/v2\/product\/36328\/revisions"}],"predecessor-version":[{"id":36331,"href":"https:\/\/hookahshop.lt\/lv\/wp-json\/wp\/v2\/product\/36328\/revisions\/36331"}],"wp:featuredmedia":[{"embeddable":true,"href":"https:\/\/hookahshop.lt\/lv\/wp-json\/wp\/v2\/media\/36329"}],"wp:attachment":[{"href":"https:\/\/hookahshop.lt\/lv\/wp-json\/wp\/v2\/media?parent=36328"}],"curies":[{"name":"wp","href":"https:\/\/api.w.org\/{rel}","templated":true}]}}